{"id":8408,"date":"2022-09-23T22:25:47","date_gmt":"2022-09-23T22:25:47","guid":{"rendered":"https:\/\/bellinzoni.net\/br\/?post_type=product&#038;p=8408"},"modified":"2022-09-23T22:26:06","modified_gmt":"2022-09-23T22:26:06","slug":"gel-clareador-para-pisos","status":"publish","type":"product","link":"https:\/\/bellinzoni.net\/br\/produto\/gel-clareador-para-pisos\/","title":{"rendered":"Gel Clareador para Pisos"},"content":{"rendered":"<p class=\"no-margin\">C\u00f3digo do Produto: 500ml \u2013 000387<\/p>\n<hr \/>\n<h5 class=\"no-margin\">Superf\u00edcies\u00a0de Aplica\u00e7\u00e3o<\/h5>\n<hr \/>\n<ul>\n<li>M\u00e1rmores<\/li>\n<li>Porcelanatos<\/li>\n<li>Cer\u00e2micas<\/li>\n<li>Pisos em Geral<\/li>\n<\/ul>\n<hr \/>\n<h5 class=\"no-margin\">Finalidade<\/h5>\n<hr \/>\n<p>Higienizador em gel altamente eficaz para remo\u00e7\u00e3o de manchas. Possui efeito clareador, ideal para limpeza di\u00e1ria de superf\u00edcies esmaltadas e de a\u00e7o inoxid\u00e1vel, lou\u00e7as sanit\u00e1rias, torneiras, chuveiros, pisos e ladrilhos. Garante higiene na cozinha, banheiro, casa. O equil\u00edbrio entre cloro e detergente, permite higienizar e remover a sujeira mais dif\u00edcil e remover manchas de vinho, caf\u00e9, fruta, etc.<\/p>\n<hr \/>\n<h5 class=\"no-margin\">Instru\u00e7\u00f5es de Uso<\/h5>\n<hr \/>\n<p>Despeje o Gel Clareador puro em lou\u00e7as sanit\u00e1rias, superf\u00edcies esmaltadas e a\u00e7o inoxid\u00e1vel, manchas de graxa, ou doseie uma pequena quantidade em uma esponja \u00famida, esfregue e lave bem. Evite misturar com outros detergentes e produtos \u00e1cidos. Evite usar em tapetes, tecidos, alum\u00ednio e lin\u00f3leo.<\/p>\n<hr \/>\n<h5 class=\"no-margin\">Downloads<\/h5>\n<hr \/>\n<ul>\n<li><strong><a href=\"http:\/\/bellinzoni.net\/ft-bellinzoni-hc\/gel-clareador.pdf\" target=\"_blank\" rel=\"noopener noreferrer\">Ficha T\u00e9cnica do Produto<\/a><\/strong><\/li>\n<li><strong><a href=\"https:\/\/bellinzoni.net\/fispqs-2020\/fispqs-novas\/FISPQ_BLZ204_HC_Bz_Gel_Clareador_Norma_14725.pdf\" target=\"_blank\" rel=\"noopener noreferrer\">Ficha de Seguran\u00e7a \u2013\u00a0FISPQ<\/a><\/strong><\/li>\n<\/ul>\n","protected":false},"excerpt":{"rendered":"<hr \/>\n<h5 class=\"no-margin\">Superf\u00edcies de Aplica\u00e7\u00e3o<\/h5>\n<hr \/>\n<ul>\n<li>M\u00e1rmores<\/li>\n<li>Porcelanatos<\/li>\n<li>Cer\u00e2micas<\/li>\n<li>Pisos em Geral<\/li>\n<\/ul>\n<hr \/>\n<h5 class=\"no-margin\">Finalidade<\/h5>\n<hr \/>\n<p>Higienizador em gel altamente eficaz para remo\u00e7\u00e3o de manchas. Possui efeito clareador, ideal para limpeza di\u00e1ria de superf\u00edcies esmaltadas e de a\u00e7o inoxid\u00e1vel, lou\u00e7as sanit\u00e1rias, torneiras, chuveiros, pisos e ladrilhos. Garante higiene na cozinha, banheiro, casa. O equil\u00edbrio entre cloro e detergente, permite higienizar e remover a sujeira mais dif\u00edcil e remover manchas de vinho, caf\u00e9, fruta, etc.<\/p>\n","protected":false},"featured_media":8438,"comment_status":"open","ping_status":"closed","template":"","meta":{"inline_featured_image":false},"product_cat":[66],"product_tag":[],"class_list":["post-8408","product","type-product","status-publish","has-post-thumbnail","hentry","product_cat-home-care"],"_links":{"self":[{"href":"https:\/\/bellinzoni.net\/br\/wp-json\/wp\/v2\/product\/8408","targetHints":{"allow":["GET"]}}],"collection":[{"href":"https:\/\/bellinzoni.net\/br\/wp-json\/wp\/v2\/product"}],"about":[{"href":"https:\/\/bellinzoni.net\/br\/wp-json\/wp\/v2\/types\/product"}],"replies":[{"embeddable":true,"href":"https:\/\/bellinzoni.net\/br\/wp-json\/wp\/v2\/comments?post=8408"}],"wp:featuredmedia":[{"embeddable":true,"href":"https:\/\/bellinzoni.net\/br\/wp-json\/wp\/v2\/media\/8438"}],"wp:attachment":[{"href":"https:\/\/bellinzoni.net\/br\/wp-json\/wp\/v2\/media?parent=8408"}],"wp:term":[{"taxonomy":"product_cat","embeddable":true,"href":"https:\/\/bellinzoni.net\/br\/wp-json\/wp\/v2\/product_cat?post=8408"},{"taxonomy":"product_tag","embeddable":true,"href":"https:\/\/bellinzoni.net\/br\/wp-json\/wp\/v2\/product_tag?post=8408"}],"curies":[{"name":"wp","href":"https:\/\/api.w.org\/{rel}","templated":true}]}}