{"id":8409,"date":"2022-09-23T22:25:47","date_gmt":"2022-09-23T22:25:47","guid":{"rendered":"https:\/\/bellinzoni.net\/br\/?post_type=product&#038;p=8409"},"modified":"2022-09-23T22:26:10","modified_gmt":"2022-09-23T22:26:10","slug":"limpador-desincrustante","status":"publish","type":"product","link":"https:\/\/bellinzoni.net\/br\/produto\/limpador-desincrustante\/","title":{"rendered":"Limpador Desincrustante"},"content":{"rendered":"<p class=\"no-margin\">C\u00f3digo do Produto: 1 litro \u2013 000054 \u00a0| \u00a0500 ml \u2013 000105 \u00a0| \u00a05 litros \u2013 000107<\/p>\n<hr \/>\n<h5 class=\"no-margin\">Superf\u00edcies de Aplica\u00e7\u00e3o<\/h5>\n<hr \/>\n<ul>\n<li>Pedras Lisas<\/li>\n<li>Pedras Brutas em Geral<\/li>\n<\/ul>\n<hr \/>\n<h5 class=\"no-margin\">Finalidade<\/h5>\n<hr \/>\n<p>Limpador Desincrustante \u00e9 um poderoso produto para limpeza e remo\u00e7\u00e3o de sujeiras incrustadas. Remove res\u00edduos de cimento, contamina\u00e7\u00e3o de limos e mofos, respingos de tintas, efloresc\u00eancias, oxida\u00e7\u00f5es superficiais e algumas manchas. Pode ser usado em pedras lisas e brutas em geral. N\u00e3o deve ser usado em m\u00e1rmores polidos e lustrados. Pode ser usado em materiais com encardimento antigo e dif\u00edcil de limpar. Limpa tamb\u00e9m sujeira e encardimento dos rejuntes.<\/p>\n<hr \/>\n<h5 class=\"no-margin\">Instru\u00e7\u00f5es de Uso<\/h5>\n<hr \/>\n<p>Limpador Desincrustante pode ser dilu\u00eddo conforme a necessidade (ver indica\u00e7\u00e3o abaixo). Em caso de \u00e1reas n\u00e3o lav\u00e1veis, espalhe o produto sobre a superf\u00edcie com aux\u00edlio de um pano e deixe agir durante 5 minutos, proceda \u00e0 limpeza com pano \u00famido em \u00e1gua. Em caso de \u00e1reas lav\u00e1veis, o produto deve ser aplicado nas superf\u00edcies \u00famidas. Espalhe o produto sobre a superf\u00edcie, deixe agir durante 5 minutos, esfregue bem o local com aux\u00edlio de escovas de nylon, fibras de limpeza macias, vassouras macias ou outro acess\u00f3rio e equipamento dispon\u00edvel para execu\u00e7\u00e3o da limpeza com o produto ( aten\u00e7\u00e3o: n\u00e3o utilize utens\u00edlios que possam agredir a superf\u00edcie como por exemplo esponja de cozinha do lado verde ). Esfregue \u00a0e enx\u00e1gue bem at\u00e9 que se remova toda a sujeira e impurezas do material. Caso seja necess\u00e1rio, repita opera\u00e7\u00e3o respeitando os 5 minutos de molho para o produto agir. Pode-se repetir a opera\u00e7\u00e3o v\u00e1rias vezes, mas n\u00e3o ultrapasse o tempo de 5 minutos de molho na superf\u00edcie. Em \u00e1reas n\u00e3o lav\u00e1veis ou onde n\u00e3o \u00e9 poss\u00edvel realizar um enx\u00e1gue em abund\u00e2ncia, recomendamos a aplica\u00e7\u00e3o posterior do detergente Bellinzoni P\u00f3s Obra para neutralizar a a\u00e7\u00e3o do Limpador Desincrustante.<\/p>\n<hr \/>\n<h5 class=\"no-margin\">Downloads<\/h5>\n<hr \/>\n<ul>\n<li><strong><a href=\"http:\/\/bellinzoni.net\/homecare\/downloads\/limpador-desincrustante.pdf\" target=\"_blank\" rel=\"noopener noreferrer\">Ficha T\u00e9cnica do Produto<\/a><\/strong><\/li>\n<li><strong><a href=\"http:\/\/bellinzoni.net\/homecare\/downloads\/fispqs\/7-Limpador%20Desincrustante-FISPQ-BLZ111.pdf\" target=\"_blank\" rel=\"noopener noreferrer\">Ficha de Seguran\u00e7a \u2013\u00a0FISPQ<\/a><\/strong><\/li>\n<\/ul>\n","protected":false},"excerpt":{"rendered":"<hr \/>\n<h5 class=\"no-margin\">Superf\u00edcies de Aplica\u00e7\u00e3o<\/h5>\n<hr \/>\n<ul>\n<li>Pedras Lisas<\/li>\n<li>Pedras Brutas em Geral<\/li>\n<\/ul>\n<hr \/>\n<h5 class=\"no-margin\">Finalidade<\/h5>\n<hr \/>\n<p>Limpador Desincrustante \u00e9 um poderoso produto para limpeza e remo\u00e7\u00e3o de sujeiras incrustadas. Remove res\u00edduos de cimento, contamina\u00e7\u00e3o de limos e mofos, respingos de tintas, efloresc\u00eancias, oxida\u00e7\u00f5es superficiais e algumas manchas. Pode ser usado em pedras lisas e brutas em geral. N\u00e3o deve ser usado em m\u00e1rmores polidos e lustrados. Pode ser usado em materiais com encardimento antigo e dif\u00edcil de limpar. Limpa tamb\u00e9m sujeira e encardimento dos rejuntes.<\/p>\n","protected":false},"featured_media":8439,"comment_status":"open","ping_status":"closed","template":"","meta":{"inline_featured_image":false},"product_cat":[66],"product_tag":[],"class_list":["post-8409","product","type-product","status-publish","has-post-thumbnail","hentry","product_cat-home-care"],"_links":{"self":[{"href":"https:\/\/bellinzoni.net\/br\/wp-json\/wp\/v2\/product\/8409","targetHints":{"allow":["GET"]}}],"collection":[{"href":"https:\/\/bellinzoni.net\/br\/wp-json\/wp\/v2\/product"}],"about":[{"href":"https:\/\/bellinzoni.net\/br\/wp-json\/wp\/v2\/types\/product"}],"replies":[{"embeddable":true,"href":"https:\/\/bellinzoni.net\/br\/wp-json\/wp\/v2\/comments?post=8409"}],"wp:featuredmedia":[{"embeddable":true,"href":"https:\/\/bellinzoni.net\/br\/wp-json\/wp\/v2\/media\/8439"}],"wp:attachment":[{"href":"https:\/\/bellinzoni.net\/br\/wp-json\/wp\/v2\/media?parent=8409"}],"wp:term":[{"taxonomy":"product_cat","embeddable":true,"href":"https:\/\/bellinzoni.net\/br\/wp-json\/wp\/v2\/product_cat?post=8409"},{"taxonomy":"product_tag","embeddable":true,"href":"https:\/\/bellinzoni.net\/br\/wp-json\/wp\/v2\/product_tag?post=8409"}],"curies":[{"name":"wp","href":"https:\/\/api.w.org\/{rel}","templated":true}]}}