{"id":8412,"date":"2022-09-23T22:25:48","date_gmt":"2022-09-23T22:25:48","guid":{"rendered":"https:\/\/bellinzoni.net\/br\/?post_type=product&#038;p=8412"},"modified":"2022-09-23T22:26:26","modified_gmt":"2022-09-23T22:26:26","slug":"limpa-e-lustra-madeira","status":"publish","type":"product","link":"https:\/\/bellinzoni.net\/br\/produto\/limpa-e-lustra-madeira\/","title":{"rendered":"Limpa e Lustra Madeira"},"content":{"rendered":"<p class=\"no-margin\">C\u00f3digo do Produto: 190ml \u2013 000204<\/p>\n<hr \/>\n<h5 class=\"no-margin\">Superf\u00edcies de Aplica\u00e7\u00e3o<\/h5>\n<hr \/>\n<ul>\n<li>Madeira<\/li>\n<\/ul>\n<hr \/>\n<h5 class=\"no-margin\">Finalidade<\/h5>\n<hr \/>\n<p>Produto cremoso com excelente poder de limpeza e lustra em madeiras. Pode ser usado em m\u00f3veis e objetos. De f\u00e1cil aplica\u00e7\u00e3o, ativa a cor da madeira e proporciona excelente lustro. Pode ser utilizado em ambientes com pouca ventila\u00e7\u00e3o, pois seu odor \u00e9 agrad\u00e1vel.<\/p>\n<hr \/>\n<h5 class=\"no-margin\">Instru\u00e7\u00f5es de Uso<\/h5>\n<hr \/>\n<p>Limpe a superf\u00edcies a ser tratada com uma flanela para remo\u00e7\u00e3o de poeira. Aplique uma fina camada do produto sobre a superf\u00edcie com aux\u00edlio de uma flanela ou pano limpo, friccionando levemente para limpar o material. Durante a fric\u00e7\u00e3o retire o excesso do produto, deixe secar por uns 3 minutos e proceda ao lustro aumentando a fric\u00e7\u00e3o com a flanela seca sobre o produto na superf\u00edcie. Recomendamos um teste antes da utiliza\u00e7\u00e3o. Se necess\u00e1rio, repita a opera\u00e7\u00e3o.<\/p>\n<hr \/>\n<h5 class=\"no-margin\">Rendimento<\/h5>\n<hr \/>\n<p>250 ml, rende aproximadamente, .10 m2.<\/p>\n<hr \/>\n<h5 class=\"no-margin\">Downloads<\/h5>\n<hr \/>\n<ul>\n<li><strong><a href=\"http:\/\/bellinzoni.net\/ft-bellinzoni-hc\/lustra-madeira.pdf\" target=\"_blank\" rel=\"noopener noreferrer\">Ficha T\u00e9cnica do Produto<\/a><\/strong><\/li>\n<li><strong><a href=\"http:\/\/bellinzoni.net\/homecare\/product\/limpa-e-lustra-madeira\/#\" target=\"_blank\" rel=\"noopener noreferrer\">Ficha de Seguran\u00e7a \u2013\u00a0FISPQ<\/a><\/strong><\/li>\n<\/ul>\n","protected":false},"excerpt":{"rendered":"<hr \/>\n<h5 class=\"no-margin\">Superf\u00edcies de Aplica\u00e7\u00e3o<\/h5>\n<hr \/>\n<ul>\n<li>Madeira<\/li>\n<\/ul>\n<hr \/>\n<h5 class=\"no-margin\">Finalidade<\/h5>\n<hr \/>\n<p>Produto cremoso com excelente poder de limpeza e lustra em madeiras. Pode ser usado em m\u00f3veis e objetos. De f\u00e1cil aplica\u00e7\u00e3o, ativa a cor da madeira e proporciona excelente lustro. Pode ser utilizado em ambientes com pouca ventila\u00e7\u00e3o, pois seu odor \u00e9 agrad\u00e1vel.<\/p>\n","protected":false},"featured_media":8461,"comment_status":"open","ping_status":"closed","template":"","meta":{"inline_featured_image":false},"product_cat":[66],"product_tag":[],"class_list":["post-8412","product","type-product","status-publish","has-post-thumbnail","hentry","product_cat-home-care"],"_links":{"self":[{"href":"https:\/\/bellinzoni.net\/br\/wp-json\/wp\/v2\/product\/8412","targetHints":{"allow":["GET"]}}],"collection":[{"href":"https:\/\/bellinzoni.net\/br\/wp-json\/wp\/v2\/product"}],"about":[{"href":"https:\/\/bellinzoni.net\/br\/wp-json\/wp\/v2\/types\/product"}],"replies":[{"embeddable":true,"href":"https:\/\/bellinzoni.net\/br\/wp-json\/wp\/v2\/comments?post=8412"}],"wp:featuredmedia":[{"embeddable":true,"href":"https:\/\/bellinzoni.net\/br\/wp-json\/wp\/v2\/media\/8461"}],"wp:attachment":[{"href":"https:\/\/bellinzoni.net\/br\/wp-json\/wp\/v2\/media?parent=8412"}],"wp:term":[{"taxonomy":"product_cat","embeddable":true,"href":"https:\/\/bellinzoni.net\/br\/wp-json\/wp\/v2\/product_cat?post=8412"},{"taxonomy":"product_tag","embeddable":true,"href":"https:\/\/bellinzoni.net\/br\/wp-json\/wp\/v2\/product_tag?post=8412"}],"curies":[{"name":"wp","href":"https:\/\/api.w.org\/{rel}","templated":true}]}}