{"id":8413,"date":"2022-09-23T22:25:48","date_gmt":"2022-09-23T22:25:48","guid":{"rendered":"https:\/\/bellinzoni.net\/br\/?post_type=product&#038;p=8413"},"modified":"2022-09-23T22:26:28","modified_gmt":"2022-09-23T22:26:28","slug":"limpa-grill","status":"publish","type":"product","link":"https:\/\/bellinzoni.net\/br\/produto\/limpa-grill\/","title":{"rendered":"Limpa Grill"},"content":{"rendered":"<p class=\"no-margin\">C\u00f3digo do Produto: 500ml \u2013 000370<\/p>\n<hr \/>\n<h5 class=\"no-margin\">\u00c1reas\u00a0de Aplica\u00e7\u00e3o<\/h5>\n<hr \/>\n<ul>\n<li>Fornos<\/li>\n<li>Fog\u00f5es<\/li>\n<li>Fritadeiras<\/li>\n<li>Grelhadores<\/li>\n<li>Grelhas<\/li>\n<li>Pratos de Cozinha<\/li>\n<\/ul>\n<hr \/>\n<h5 class=\"no-margin\">Finalidade<\/h5>\n<hr \/>\n<p>Limpador alcalino altamente eficaz para limpeza de fornos, fog\u00f5es, fritadeiras, grelhadores, grelhas e pratos de cozinha. Dissolve rapidamente as incrusta\u00e7\u00f5es de \u00f3leo e graxa carbonizados. Cont\u00e9m agentes de limpeza penetrantes e desengordurantes que remove facilmente qualquer ac\u00famulo de gordura.<\/p>\n<hr \/>\n<h5 class=\"no-margin\">Instru\u00e7\u00f5es de Uso<\/h5>\n<hr \/>\n<p>Aque\u00e7a a superf\u00edcie a ser limpa (50 \/ 60\u00ba C ), usando o borrifador, espalhe o produto por toda \u00e1rea a ser limpa. Deixe agir alguns minutos. Esfregue bem o material e em seguida enxague bastante com \u00e1gua at\u00e9 que se remova toda sujeira acumulada. Em caso de sujeiras mais resistentes, repita a opera\u00e7\u00e3o.<\/p>\n<hr \/>\n<h5 class=\"no-margin\">Downloads<\/h5>\n<hr \/>\n<ul>\n<li><strong><a href=\"http:\/\/bellinzoni.net\/ft-bellinzoni-hc\/limpa-griil.pdf\" target=\"_blank\" rel=\"noopener noreferrer\">Ficha T\u00e9cnica do Produto<\/a><\/strong><\/li>\n<li><strong><a href=\"https:\/\/bellinzoni.net\/homecare\/downloads\/fispqs\/FISPQ_BLZ155_HC_Limpa_Grill.pdf\" target=\"_blank\" rel=\"noopener noreferrer\">Ficha de Seguran\u00e7a \u2013\u00a0FISPQ<\/a><\/strong><\/li>\n<\/ul>\n","protected":false},"excerpt":{"rendered":"<hr \/>\n<h5 class=\"no-margin\">Superf\u00edcies de Aplica\u00e7\u00e3o<\/h5>\n<hr \/>\n<ul>\n<li>Fornos<\/li>\n<li>Fog\u00f5es<\/li>\n<li>Fritadeiras<\/li>\n<li>Grelhadores<\/li>\n<li>Grelhas<\/li>\n<li>Pratos de Cozinha<\/li>\n<\/ul>\n<hr \/>\n<h5 class=\"no-margin\">Finalidade<\/h5>\n<hr \/>\n<p>Limpador alcalino altamente eficaz para limpeza de fornos, fog\u00f5es, fritadeiras, grelhadores, grelhas e pratos de cozinha. Dissolve rapidamente as incrusta\u00e7\u00f5es de \u00f3leo e graxa carbonizados. Cont\u00e9m agentes de limpeza penetrantes e desengordurantes que remove facilmente qualquer ac\u00famulo de gordura.<\/p>\n","protected":false},"featured_media":8462,"comment_status":"open","ping_status":"closed","template":"","meta":{"inline_featured_image":false},"product_cat":[66],"product_tag":[],"class_list":["post-8413","product","type-product","status-publish","has-post-thumbnail","hentry","product_cat-home-care"],"_links":{"self":[{"href":"https:\/\/bellinzoni.net\/br\/wp-json\/wp\/v2\/product\/8413","targetHints":{"allow":["GET"]}}],"collection":[{"href":"https:\/\/bellinzoni.net\/br\/wp-json\/wp\/v2\/product"}],"about":[{"href":"https:\/\/bellinzoni.net\/br\/wp-json\/wp\/v2\/types\/product"}],"replies":[{"embeddable":true,"href":"https:\/\/bellinzoni.net\/br\/wp-json\/wp\/v2\/comments?post=8413"}],"wp:featuredmedia":[{"embeddable":true,"href":"https:\/\/bellinzoni.net\/br\/wp-json\/wp\/v2\/media\/8462"}],"wp:attachment":[{"href":"https:\/\/bellinzoni.net\/br\/wp-json\/wp\/v2\/media?parent=8413"}],"wp:term":[{"taxonomy":"product_cat","embeddable":true,"href":"https:\/\/bellinzoni.net\/br\/wp-json\/wp\/v2\/product_cat?post=8413"},{"taxonomy":"product_tag","embeddable":true,"href":"https:\/\/bellinzoni.net\/br\/wp-json\/wp\/v2\/product_tag?post=8413"}],"curies":[{"name":"wp","href":"https:\/\/api.w.org\/{rel}","templated":true}]}}