{"id":8414,"date":"2022-09-23T22:25:48","date_gmt":"2022-09-23T22:25:48","guid":{"rendered":"https:\/\/bellinzoni.net\/br\/?post_type=product&#038;p=8414"},"modified":"2022-09-23T22:26:31","modified_gmt":"2022-09-23T22:26:31","slug":"limpa-marmore-dia-a-dia","status":"publish","type":"product","link":"https:\/\/bellinzoni.net\/br\/produto\/limpa-marmore-dia-a-dia\/","title":{"rendered":"Limpa M\u00e1rmore Dia a Dia"},"content":{"rendered":"<p class=\"no-margin\">C\u00f3digo do Produto: 1 litro \u2013 000042 \u00a0| \u00a0500 ml \u2013 000075 \u00a0| \u00a05 litros \u2013 000076<\/p>\n<hr \/>\n<h5 class=\"no-margin\">Superf\u00edcies de Aplica\u00e7\u00e3o<\/h5>\n<hr \/>\n<ul>\n<li>M\u00e1rmore<\/li>\n<li>Granito<\/li>\n<\/ul>\n<hr \/>\n<h5 class=\"no-margin\">Finalidade<\/h5>\n<hr \/>\n<p>Detergente concentrado para uso di\u00e1rio ou conforme a necessidade em superf\u00edcies de m\u00e1rmores e granitos. Pode ser usado tamb\u00e9m em porcelanatos, cer\u00e2micas, azulejos, ard\u00f3sias e pedras em geral. Pode ser usado nos pisos, mesas, paredes, bancadas e peitoris, sem restri\u00e7\u00f5es. N\u00e3o remove ceras. N\u00e3o agride a superf\u00edcie. A sujeira vai e o brilho fica!<\/p>\n<hr \/>\n<h5 class=\"no-margin\">Instru\u00e7\u00f5es de Uso<\/h5>\n<hr \/>\n<p>Limpa M\u00e1rmore Dia a Dia \u00e9 concentrado, pode ser dilu\u00eddo conforme a necessidade (ver indica\u00e7\u00e3o abaixo). Em caso de \u00e1reas n\u00e3o lav\u00e1veis, espalhe o produto sobre a superf\u00edcie com aux\u00edlio de um pano e deixe agir durante 5 minutos, proceda \u00e0 limpeza com pano \u00famido em \u00e1gua. Em caso de \u00e1reas lav\u00e1veis, o produto pode ser aplicado na superf\u00edcie \u00famida. Espalhe o produto sobre a superf\u00edcie, deixe agir durante 5 minutos, esfregue bem o local com aux\u00edlio de escovas de nylon, fibras de limpeza macias, vassouras macias ou outro acess\u00f3rio e equipamento dispon\u00edvel para execu\u00e7\u00e3o da limpeza com o produto ( aten\u00e7\u00e3o: n\u00e3o utilize utens\u00edlios que possam agredir a superf\u00edcie como por exemplo esponja de cozinha do lado verde ). Esfregue \u00a0e enx\u00e1gue bem at\u00e9 que se remova toda a sujeira e impurezas do material. Caso seja necess\u00e1rio, repita opera\u00e7\u00e3o respeitando os 5 minutos de molho para o produto agir. Pode-se repetir a opera\u00e7\u00e3o v\u00e1rias vezes, mas n\u00e3o ultrapasse o tempo de 5 minutos de molho na superf\u00edcie.<\/p>\n<hr \/>\n<h5 class=\"no-margin\">Downloads<\/h5>\n<hr \/>\n<ul>\n<li><strong><a href=\"http:\/\/bellinzoni.net\/homecare\/downloads\/limpa-marmore-dia-a-dia.pdf\" target=\"_blank\" rel=\"noopener noreferrer\">Ficha T\u00e9cnica do Produto<\/a><\/strong><\/li>\n<li><strong><a href=\"http:\/\/bellinzoni.net\/homecare\/downloads\/fispqs\/3-Limpa%20M%c3%a1rmore%20Dia%20a%20Dia-FISPQ-BLZ124.pdf\" target=\"_blank\" rel=\"noopener noreferrer\">Ficha de Seguran\u00e7a \u2013\u00a0FISPQ<\/a><\/strong><\/li>\n<\/ul>\n","protected":false},"excerpt":{"rendered":"<hr \/>\n<h5 class=\"no-margin\">Superf\u00edcies de Aplica\u00e7\u00e3o<\/h5>\n<hr \/>\n<ul>\n<li>M\u00e1rmore<\/li>\n<li>Granito<\/li>\n<\/ul>\n<hr \/>\n<h5 class=\"no-margin\">Finalidade<\/h5>\n<hr \/>\n<p>Detergente concentrado para uso di\u00e1rio ou conforme a necessidade em superf\u00edcies de m\u00e1rmores e granitos. Pode ser usado tamb\u00e9m em porcelanatos, cer\u00e2micas, azulejos, ard\u00f3sias e pedras em geral. Pode ser usado nos pisos, mesas, paredes, bancadas e peitoris, sem restri\u00e7\u00f5es. N\u00e3o remove ceras. N\u00e3o agride a superf\u00edcie. A sujeira vai e o brilho fica!<\/p>\n","protected":false},"featured_media":8463,"comment_status":"open","ping_status":"closed","template":"","meta":{"inline_featured_image":false},"product_cat":[66],"product_tag":[],"class_list":["post-8414","product","type-product","status-publish","has-post-thumbnail","hentry","product_cat-home-care"],"_links":{"self":[{"href":"https:\/\/bellinzoni.net\/br\/wp-json\/wp\/v2\/product\/8414","targetHints":{"allow":["GET"]}}],"collection":[{"href":"https:\/\/bellinzoni.net\/br\/wp-json\/wp\/v2\/product"}],"about":[{"href":"https:\/\/bellinzoni.net\/br\/wp-json\/wp\/v2\/types\/product"}],"replies":[{"embeddable":true,"href":"https:\/\/bellinzoni.net\/br\/wp-json\/wp\/v2\/comments?post=8414"}],"wp:featuredmedia":[{"embeddable":true,"href":"https:\/\/bellinzoni.net\/br\/wp-json\/wp\/v2\/media\/8463"}],"wp:attachment":[{"href":"https:\/\/bellinzoni.net\/br\/wp-json\/wp\/v2\/media?parent=8414"}],"wp:term":[{"taxonomy":"product_cat","embeddable":true,"href":"https:\/\/bellinzoni.net\/br\/wp-json\/wp\/v2\/product_cat?post=8414"},{"taxonomy":"product_tag","embeddable":true,"href":"https:\/\/bellinzoni.net\/br\/wp-json\/wp\/v2\/product_tag?post=8414"}],"curies":[{"name":"wp","href":"https:\/\/api.w.org\/{rel}","templated":true}]}}