{"id":8417,"date":"2022-09-23T22:25:48","date_gmt":"2022-09-23T22:25:48","guid":{"rendered":"https:\/\/bellinzoni.net\/br\/?post_type=product&#038;p=8417"},"modified":"2022-09-23T22:26:49","modified_gmt":"2022-09-23T22:26:49","slug":"limpa-pedras-de-piscinas","status":"publish","type":"product","link":"https:\/\/bellinzoni.net\/br\/produto\/limpa-pedras-de-piscinas\/","title":{"rendered":"Limpa Pedras de Piscinas"},"content":{"rendered":"<p class=\"no-margin\">C\u00f3digo do Produto: 1 litro \u2013 000045 \u00a0| \u00a0500 ml \u2013 000064 \u00a0| \u00a05 litros \u2013 000067<\/p>\n<hr \/>\n<h5 class=\"no-margin\">Superf\u00edcies de Aplica\u00e7\u00e3o<\/h5>\n<hr \/>\n<ul>\n<li>Granitos<\/li>\n<li>Cer\u00e2micas R\u00fasticas<\/li>\n<li>Ard\u00f3sias<\/li>\n<li>Miracema e S\u00e3o Tom\u00e9<\/li>\n<li>Concretos e Cimentados<\/li>\n<li>Pedras em Geral<\/li>\n<\/ul>\n<hr \/>\n<h5 class=\"no-margin\">Finalidade<\/h5>\n<hr \/>\n<p>Detergente concentrado, ideal para limpeza de pedras sujas e encardidas que ficam ao redor da piscina. Pode ser usado em granitos, ard\u00f3sias, cer\u00e2micas r\u00fasticas, pedra Miracema e S\u00e3o Tom\u00e9, concretos e cimentados e pedras em geral. Remove tamb\u00e9m o limo e sujeiras impregnadas que se acumulam em sua superf\u00edcie. N\u00e3o pode ser usado em materiais polidos. Gramas e a \u00e1gua da piscina devem ser protegidas.<\/p>\n<hr \/>\n<h5 class=\"no-margin\">Instru\u00e7\u00f5es de Uso<\/h5>\n<hr \/>\n<p>O produto pode ser dilu\u00eddo conforme a necessidade (ver indica\u00e7\u00e3o abaixo), e deve ser aplicado na superf\u00edcie \u00famida. Espalhe o produto sobre a superf\u00edcie, deixe agir durante 5 minutos, esfregue bem o local com aux\u00edlio de escovas, fibras de limpeza, vassouras ou outro acess\u00f3rio e equipamento dispon\u00edvel para execu\u00e7\u00e3o da limpeza. Esfregue e enx\u00e1gue bem at\u00e9 que se remova toda a sujeira e impurezas do material. Caso seja necess\u00e1rio, repita opera\u00e7\u00e3o respeitando os 5 minutos de molho para o produto agir. Pode-se repetir a opera\u00e7\u00e3o v\u00e1rias vezes, mas n\u00e3o ultrapasse o tempo de 5 minutos de molho na superf\u00edcie. O enx\u00e1gue deve ser abundante.<\/p>\n<hr \/>\n<h5 class=\"no-margin\">Downloads<\/h5>\n<hr \/>\n<ul>\n<li><strong><a href=\"http:\/\/bellinzoni.net\/homecare\/downloads\/limpa-pedras-de-piscinas.pdf\" target=\"_blank\" rel=\"noopener noreferrer\">Ficha T\u00e9cnica do Produto<\/a><\/strong><\/li>\n<li><strong><a href=\"http:\/\/bellinzoni.net\/homecare\/downloads\/fispqs\/6-Limpa%20Pedras%20de%20Piscinas-FISPQ-BLZ120.pdf\" target=\"_blank\" rel=\"noopener noreferrer\">Ficha de Seguran\u00e7a \u2013\u00a0FISPQ<\/a><\/strong><\/li>\n<\/ul>\n","protected":false},"excerpt":{"rendered":"<hr \/>\n<h5 class=\"no-margin\">Superf\u00edcies de Aplica\u00e7\u00e3o<\/h5>\n<hr \/>\n<ul>\n<li>Granitos<\/li>\n<li>Cer\u00e2micas R\u00fasticas<\/li>\n<li>Ard\u00f3sias<\/li>\n<li>Miracema e S\u00e3o Tom\u00e9<\/li>\n<li>Concretos e Cimentados<\/li>\n<li>Pedras em Geral<\/li>\n<\/ul>\n<hr \/>\n<h5 class=\"no-margin\">Finalidade<\/h5>\n<hr \/>\n<p>Detergente concentrado, ideal para limpeza de pedras sujas e encardidas que ficam ao redor da piscina. Pode ser usado em granitos, ard\u00f3sias, cer\u00e2micas r\u00fasticas, pedra Miracema e S\u00e3o Tom\u00e9, concretos e cimentados e pedras em geral. Remove tamb\u00e9m o limo e sujeiras impregnadas que se acumulam em sua superf\u00edcie. N\u00e3o pode ser usado em materiais polidos. Gramas e a \u00e1gua da piscina devem ser protegidas.<\/p>\n","protected":false},"featured_media":8472,"comment_status":"open","ping_status":"closed","template":"","meta":{"inline_featured_image":false},"product_cat":[66],"product_tag":[],"class_list":["post-8417","product","type-product","status-publish","has-post-thumbnail","hentry","product_cat-home-care"],"_links":{"self":[{"href":"https:\/\/bellinzoni.net\/br\/wp-json\/wp\/v2\/product\/8417","targetHints":{"allow":["GET"]}}],"collection":[{"href":"https:\/\/bellinzoni.net\/br\/wp-json\/wp\/v2\/product"}],"about":[{"href":"https:\/\/bellinzoni.net\/br\/wp-json\/wp\/v2\/types\/product"}],"replies":[{"embeddable":true,"href":"https:\/\/bellinzoni.net\/br\/wp-json\/wp\/v2\/comments?post=8417"}],"wp:featuredmedia":[{"embeddable":true,"href":"https:\/\/bellinzoni.net\/br\/wp-json\/wp\/v2\/media\/8472"}],"wp:attachment":[{"href":"https:\/\/bellinzoni.net\/br\/wp-json\/wp\/v2\/media?parent=8417"}],"wp:term":[{"taxonomy":"product_cat","embeddable":true,"href":"https:\/\/bellinzoni.net\/br\/wp-json\/wp\/v2\/product_cat?post=8417"},{"taxonomy":"product_tag","embeddable":true,"href":"https:\/\/bellinzoni.net\/br\/wp-json\/wp\/v2\/product_tag?post=8417"}],"curies":[{"name":"wp","href":"https:\/\/api.w.org\/{rel}","templated":true}]}}