{"id":8440,"date":"2022-09-23T22:26:15","date_gmt":"2022-09-23T22:26:15","guid":{"rendered":"https:\/\/bellinzoni.net\/br\/?post_type=product&#038;p=8440"},"modified":"2022-09-23T22:27:07","modified_gmt":"2022-09-23T22:27:07","slug":"renovador-de-marmores-e-granitos","status":"publish","type":"product","link":"https:\/\/bellinzoni.net\/br\/produto\/renovador-de-marmores-e-granitos\/","title":{"rendered":"Renovador de M\u00e1rmores e Granitos"},"content":{"rendered":"<p class=\"no-margin\">C\u00f3digo do Produto: 1 litro \u2013 000060 \u00a0| \u00a0500 ml \u2013 000109 \u00a0| \u00a05 litros \u2013 000110<\/p>\n<hr \/>\n<h5 class=\"no-margin\">Superf\u00edcies de Aplica\u00e7\u00e3o<\/h5>\n<hr \/>\n<ul>\n<li>M\u00e1rmores<\/li>\n<li>Granitos<\/li>\n<li>Porcelanatos<\/li>\n<li>Cer\u00e2micas<\/li>\n<li>Pedras Lisas em Geral<\/li>\n<\/ul>\n<hr \/>\n<h5 class=\"no-margin\">Finalidade<\/h5>\n<hr \/>\n<p>Produto concentrado ideal para dar brilho em m\u00e1rmores e granitos. Pode ser usado em pisos, bancadas e mesas. Pode ser usado em porcelanatos, cer\u00e2micas e pedras lisas em geral. Pode ser usado na manuten\u00e7\u00e3o de brilho de materiais novos e na renova\u00e7\u00e3o de brilho de materiais usados. N\u00e3o forma excesso e n\u00e3o escorrega. Mant\u00e9m o brilho do material e ajuda na prote\u00e7\u00e3o contra o desgaste do dia a dia. Para material muito fosco, \u00e1spero ou queimado por ataque qu\u00edmico, \u00e9 necess\u00e1rio polimento mec\u00e2nico antes da aplica\u00e7\u00e3o do Renovador de M\u00e1rmore. Para material emba\u00e7ado por excesso de cera ou com cera velha, \u00e9 necess\u00e1rio remov\u00ea-la primeiro com o detergente Limpa M\u00e1rmore Limpeza Pesada.<\/p>\n<hr \/>\n<h5 class=\"no-margin\">Instru\u00e7\u00f5es de Uso<\/h5>\n<hr \/>\n<p>Renovador de M\u00e1rmore pode ser dilu\u00eddo conforme a necessidade ( ver indica\u00e7\u00e3o abaixo ). Remova as sujeiras soltas e poeiras com a varredura do local. Espalhe o produto sobre a superf\u00edcie com aux\u00edlio de um pano e deixe agir durante 5 minutos, proceda \u00e0 remo\u00e7\u00e3o do produto com pano seco, flanela ou enceradeira. Periodicamente, promova a remo\u00e7\u00e3o do Renovador de M\u00e1rmore com o detergente Limpa M\u00e1rmore Limpeza Pesada.. Para limpeza di\u00e1ria sem remo\u00e7\u00e3o do Renovador de M\u00e1rmore, utilize o detergente Limpa M\u00e1rmore Dia a Dia. Recomendamos um teste antes do uso.<\/p>\n<hr \/>\n<h5 class=\"no-margin\">Downloads<\/h5>\n<hr \/>\n<ul>\n<li><strong><a href=\"http:\/\/bellinzoni.net\/homecare\/downloads\/renovador-de-marmore-e-granito.pdf\" target=\"_blank\" rel=\"noopener noreferrer\">Ficha T\u00e9cnica do Produto<\/a><\/strong><\/li>\n<li><strong><a href=\"http:\/\/bellinzoni.net\/homecare\/downloads\/fispqs\/13-Renovador%20de%20M%c3%a1rmore%20L%c3%adquido-FISPQ-BLZ108.pdf\" target=\"_blank\" rel=\"noopener noreferrer\">Ficha de Seguran\u00e7a \u2013\u00a0FISPQ<\/a><\/strong><\/li>\n<\/ul>\n","protected":false},"excerpt":{"rendered":"<hr \/>\n<h5 class=\"no-margin\">Superf\u00edcies de Aplica\u00e7\u00e3o<\/h5>\n<hr \/>\n<ul>\n<li>M\u00e1rmores<\/li>\n<li>Granitos<\/li>\n<li>Porcelanatos<\/li>\n<li>Cer\u00e2micas<\/li>\n<li>Pedras Lisas em Geral<\/li>\n<\/ul>\n<hr \/>\n<h5 class=\"no-margin\">Finalidade<\/h5>\n<hr \/>\n<p>Produto concentrado ideal para dar brilho em m\u00e1rmores e granitos. Pode ser usado em pisos, bancadas e mesas. Pode ser usado em porcelanatos, cer\u00e2micas e pedras lisas em geral. Pode ser usado na manuten\u00e7\u00e3o de brilho de materiais novos e na renova\u00e7\u00e3o de brilho de materiais usados. N\u00e3o forma excesso e n\u00e3o escorrega. Mant\u00e9m o brilho do material e ajuda na prote\u00e7\u00e3o contra o desgaste do dia a dia. Para material muito fosco, \u00e1spero ou queimado por ataque qu\u00edmico, \u00e9 necess\u00e1rio polimento mec\u00e2nico antes da aplica\u00e7\u00e3o do Renovador de M\u00e1rmore. Para material emba\u00e7ado por excesso de cera ou com cera velha, \u00e9 necess\u00e1rio remov\u00ea-la primeiro com o detergente Limpa M\u00e1rmore Limpeza Pesada.<\/p>\n","protected":false},"featured_media":8481,"comment_status":"open","ping_status":"closed","template":"","meta":{"inline_featured_image":false},"product_cat":[66],"product_tag":[],"class_list":["post-8440","product","type-product","status-publish","has-post-thumbnail","hentry","product_cat-home-care"],"_links":{"self":[{"href":"https:\/\/bellinzoni.net\/br\/wp-json\/wp\/v2\/product\/8440","targetHints":{"allow":["GET"]}}],"collection":[{"href":"https:\/\/bellinzoni.net\/br\/wp-json\/wp\/v2\/product"}],"about":[{"href":"https:\/\/bellinzoni.net\/br\/wp-json\/wp\/v2\/types\/product"}],"replies":[{"embeddable":true,"href":"https:\/\/bellinzoni.net\/br\/wp-json\/wp\/v2\/comments?post=8440"}],"wp:featuredmedia":[{"embeddable":true,"href":"https:\/\/bellinzoni.net\/br\/wp-json\/wp\/v2\/media\/8481"}],"wp:attachment":[{"href":"https:\/\/bellinzoni.net\/br\/wp-json\/wp\/v2\/media?parent=8440"}],"wp:term":[{"taxonomy":"product_cat","embeddable":true,"href":"https:\/\/bellinzoni.net\/br\/wp-json\/wp\/v2\/product_cat?post=8440"},{"taxonomy":"product_tag","embeddable":true,"href":"https:\/\/bellinzoni.net\/br\/wp-json\/wp\/v2\/product_tag?post=8440"}],"curies":[{"name":"wp","href":"https:\/\/api.w.org\/{rel}","templated":true}]}}