{"id":8447,"date":"2022-09-23T22:26:15","date_gmt":"2022-09-23T22:26:15","guid":{"rendered":"https:\/\/bellinzoni.net\/br\/?post_type=product&#038;p=8447"},"modified":"2022-09-23T22:27:35","modified_gmt":"2022-09-23T22:27:35","slug":"lustra-grill","status":"publish","type":"product","link":"https:\/\/bellinzoni.net\/br\/produto\/lustra-grill\/","title":{"rendered":"Lustra Grill"},"content":{"rendered":"<p class=\"no-margin\">C\u00f3digo do Produto: 200 ml \u2013 000635<\/p>\n<hr \/>\n<h5 class=\"no-margin\">Superf\u00edcies de Aplica\u00e7\u00e3o<\/h5>\n<hr \/>\n<ul>\n<li>Churrasqueiras<\/li>\n<li>Grills<\/li>\n<li>Grelhas<\/li>\n<\/ul>\n<hr \/>\n<h5 class=\"no-margin\">Finalidade<\/h5>\n<hr \/>\n<p>Lustra e protege todas as superf\u00edcies met\u00e1licas. Elimina rapidamente todos os tipos de sujeiras: impress\u00f5es digitais, descolora\u00e7\u00f5es e manchas em geral, conferindo brilho e prote\u00e7\u00e3o sem deixar res\u00edduos oleosos. N\u00e3o cont\u00e9m subst\u00e2ncias abrasivas, mas part\u00edculas muito finas que permitem que voc\u00ea limpe suavemente sem riscar ou arranhar a superf\u00edcie. N\u00e3o deixa res\u00edduos e n\u00e3o precisa ser enxaguado. Sendo muito viscoso, permite uma limpeza r\u00e1pida e eficaz.<\/p>\n<hr \/>\n<h5 class=\"no-margin\">Instru\u00e7\u00f5es de Uso<\/h5>\n<hr \/>\n<p>Agite o produto antes de usar. Aplique diretamente na superf\u00edcie a ser tratada e esfregue com uma esponja ( n\u00e3o use o lado verde abrasivo ), em seguida fa\u00e7a o polimento com um pano seco.<\/p>\n<hr \/>\n<h5 class=\"no-margin\">Downloads<\/h5>\n<hr \/>\n<ul>\n<li><strong><a href=\"http:\/\/bellinzoni.net\/fichas_tecnicas\/ft-2020\/ft-lustra-griil.pdf\" target=\"_blank\" rel=\"noopener noreferrer\">Ficha T\u00e9cnica do Produto<\/a><\/strong><\/li>\n<li><strong><a href=\"https:\/\/bellinzoni.net\/fispqs-2020\/fispqs-novas\/FISPQ_BLZ206_HC_Bz_Lustra_Grill_Norma_14725.pdf\" target=\"_blank\" rel=\"noopener noreferrer\">Ficha de Seguran\u00e7a \u2013\u00a0FISPQ<\/a><\/strong><\/li>\n<\/ul>\n","protected":false},"excerpt":{"rendered":"<hr \/>\n<h5 class=\"no-margin\">Superf\u00edcies de Aplica\u00e7\u00e3o<\/h5>\n<hr \/>\n<ul>\n<li>Churrasqueiras<\/li>\n<li>Grills<\/li>\n<li>Grelhas<\/li>\n<\/ul>\n<hr \/>\n<h5 class=\"no-margin\">Finalidade<\/h5>\n<hr \/>\n<p>Lustra e protege todas as superf\u00edcies met\u00e1licas. Elimina rapidamente todos os tipos de sujeiras: impress\u00f5es digitais, descolora\u00e7\u00f5es e manchas em geral, conferindo brilho e prote\u00e7\u00e3o sem deixar res\u00edduos oleosos. N\u00e3o cont\u00e9m subst\u00e2ncias abrasivas, mas part\u00edculas muito finas que permitem que voc\u00ea limpe suavemente sem riscar ou arranhar a superf\u00edcie. N\u00e3o deixa res\u00edduos e n\u00e3o precisa ser enxaguado. Sendo muito viscoso, permite uma limpeza r\u00e1pida e eficaz.<\/p>\n","protected":false},"featured_media":8493,"comment_status":"open","ping_status":"closed","template":"","meta":{"inline_featured_image":false},"product_cat":[66],"product_tag":[],"class_list":["post-8447","product","type-product","status-publish","has-post-thumbnail","hentry","product_cat-home-care"],"_links":{"self":[{"href":"https:\/\/bellinzoni.net\/br\/wp-json\/wp\/v2\/product\/8447","targetHints":{"allow":["GET"]}}],"collection":[{"href":"https:\/\/bellinzoni.net\/br\/wp-json\/wp\/v2\/product"}],"about":[{"href":"https:\/\/bellinzoni.net\/br\/wp-json\/wp\/v2\/types\/product"}],"replies":[{"embeddable":true,"href":"https:\/\/bellinzoni.net\/br\/wp-json\/wp\/v2\/comments?post=8447"}],"wp:featuredmedia":[{"embeddable":true,"href":"https:\/\/bellinzoni.net\/br\/wp-json\/wp\/v2\/media\/8493"}],"wp:attachment":[{"href":"https:\/\/bellinzoni.net\/br\/wp-json\/wp\/v2\/media?parent=8447"}],"wp:term":[{"taxonomy":"product_cat","embeddable":true,"href":"https:\/\/bellinzoni.net\/br\/wp-json\/wp\/v2\/product_cat?post=8447"},{"taxonomy":"product_tag","embeddable":true,"href":"https:\/\/bellinzoni.net\/br\/wp-json\/wp\/v2\/product_tag?post=8447"}],"curies":[{"name":"wp","href":"https:\/\/api.w.org\/{rel}","templated":true}]}}