{"id":8448,"date":"2022-09-23T22:26:15","date_gmt":"2022-09-23T22:26:15","guid":{"rendered":"https:\/\/bellinzoni.net\/br\/?post_type=product&#038;p=8448"},"modified":"2022-09-23T22:27:38","modified_gmt":"2022-09-23T22:27:38","slug":"manchas-e-sujeiras-impregnadas","status":"publish","type":"product","link":"https:\/\/bellinzoni.net\/br\/produto\/manchas-e-sujeiras-impregnadas\/","title":{"rendered":"Manchas e Sujeiras Impregnadas"},"content":{"rendered":"<p class=\"no-margin\">C\u00f3digo do Produto: 500 ml \u2013 000058<\/p>\n<hr \/>\n<h5 class=\"no-margin\">Superf\u00edcies de Aplica\u00e7\u00e3o<\/h5>\n<hr \/>\n<ul>\n<li>Granitos<\/li>\n<li>Porcelanatos<\/li>\n<li>Cer\u00e2micas<\/li>\n<li>Pedras em Geral<\/li>\n<\/ul>\n<hr \/>\n<h5 class=\"no-margin\">Finalidade<\/h5>\n<hr \/>\n<p>Removedor de diversos tipos de manchas e de sujeiras impregnadas. Remove manchas de caf\u00e9, chocolate, refrigerantes, tintas para cabelos, sucos de frutas, v\u00e1rios tipos de corantes provenientes de tomate, mostarda, madeira entre outros. Pode ser usado em pisos, bancadas e mesas. Pode ser usado em granito, porcelanato, cer\u00e2micas e pedras em geral. N\u00e3o pode ser utilizado em m\u00e1rmore.<\/p>\n<hr \/>\n<h5 class=\"no-margin\">Instru\u00e7\u00f5es de Uso<\/h5>\n<hr \/>\n<p>Borrife o produto sobre a mancha ou sujeira a ser removida. Deixe agir por 30 minutos ( n\u00e3o ultrapasse esse tempo ). Esfregue com pano ou com o lado macio da esponja e remova o produto com \u00e1gua limpa, enxaguando bem o material. Recomendamos o teste antes do uso. Caso seja necess\u00e1rio, repita a opera\u00e7\u00e3o. A total remo\u00e7\u00e3o da mancha depende da porosidade do material e do tempo em que a mancha est\u00e1 impregnada na superf\u00edcie do material.<\/p>\n<hr \/>\n<h5 class=\"no-margin\">Downloads<\/h5>\n<hr \/>\n<ul>\n<li><strong><a href=\"http:\/\/bellinzoni.net\/homecare\/downloads\/manchas-e-sujeiras-impregnadas.pdf\" target=\"_blank\" rel=\"noopener noreferrer\">Ficha T\u00e9cnica do Produto<\/a><\/strong><\/li>\n<li><strong><a href=\"http:\/\/bellinzoni.net\/homecare\/downloads\/fispqs\/12-Manchas%20e%20Sujeiras%20Impregnadas-FISPQ-BLZ117.pdf\" target=\"_blank\" rel=\"noopener noreferrer\">Ficha de Seguran\u00e7a \u2013\u00a0FISPQ<\/a><\/strong><\/li>\n<\/ul>\n","protected":false},"excerpt":{"rendered":"<hr \/>\n<h5 class=\"no-margin\">Superf\u00edcies de Aplica\u00e7\u00e3o<\/h5>\n<hr \/>\n<ul>\n<li>Granitos<\/li>\n<li>Porcelanatos<\/li>\n<li>Cer\u00e2micas<\/li>\n<li>Pedras em Geral<\/li>\n<\/ul>\n<hr \/>\n<h5 class=\"no-margin\">Finalidade<\/h5>\n<hr \/>\n<p>Removedor de diversos tipos de manchas e de sujeiras impregnadas. Remove manchas de caf\u00e9, chocolate, refrigerantes, tintas para cabelos, sucos de frutas, v\u00e1rios tipos de corantes provenientes de tomate, mostarda, madeira entre outros. Pode ser usado em pisos, bancadas e mesas. Pode ser usado em granito, porcelanato, cer\u00e2micas e pedras em geral. N\u00e3o pode ser utilizado em m\u00e1rmore.<\/p>\n","protected":false},"featured_media":8494,"comment_status":"open","ping_status":"closed","template":"","meta":{"inline_featured_image":false},"product_cat":[66],"product_tag":[],"class_list":["post-8448","product","type-product","status-publish","has-post-thumbnail","hentry","product_cat-home-care"],"_links":{"self":[{"href":"https:\/\/bellinzoni.net\/br\/wp-json\/wp\/v2\/product\/8448","targetHints":{"allow":["GET"]}}],"collection":[{"href":"https:\/\/bellinzoni.net\/br\/wp-json\/wp\/v2\/product"}],"about":[{"href":"https:\/\/bellinzoni.net\/br\/wp-json\/wp\/v2\/types\/product"}],"replies":[{"embeddable":true,"href":"https:\/\/bellinzoni.net\/br\/wp-json\/wp\/v2\/comments?post=8448"}],"wp:featuredmedia":[{"embeddable":true,"href":"https:\/\/bellinzoni.net\/br\/wp-json\/wp\/v2\/media\/8494"}],"wp:attachment":[{"href":"https:\/\/bellinzoni.net\/br\/wp-json\/wp\/v2\/media?parent=8448"}],"wp:term":[{"taxonomy":"product_cat","embeddable":true,"href":"https:\/\/bellinzoni.net\/br\/wp-json\/wp\/v2\/product_cat?post=8448"},{"taxonomy":"product_tag","embeddable":true,"href":"https:\/\/bellinzoni.net\/br\/wp-json\/wp\/v2\/product_tag?post=8448"}],"curies":[{"name":"wp","href":"https:\/\/api.w.org\/{rel}","templated":true}]}}