{"id":1000133,"date":"2026-01-28T20:32:38","date_gmt":"2026-01-28T20:32:38","guid":{"rendered":"https:\/\/bellinzoni.net\/pt\/?post_type=product&#038;p=1000133"},"modified":"2026-03-16T16:32:42","modified_gmt":"2026-03-16T16:32:42","slug":"limpador-desincrustante","status":"publish","type":"product","link":"https:\/\/bellinzoni.net\/pt\/produto\/limpador-desincrustante\/","title":{"rendered":"Limpador Desincrustante"},"content":{"rendered":"<div class=\"flex flex-col text-sm pb-25\">\n<article class=\"text-token-text-primary w-full focus:outline-none [--shadow-height:45px] has-data-writing-block:pointer-events-none has-data-writing-block:-mt-(--shadow-height) has-data-writing-block:pt-(--shadow-height) [&amp;:has([data-writing-block])&gt;*]:pointer-events-auto scroll-mt-[calc(var(--header-height)+min(200px,max(70px,20svh)))]\" dir=\"auto\" tabindex=\"-1\" data-turn-id=\"request-WEB:881aabdb-c9a9-414b-b169-c3efefe141d6-57\" data-testid=\"conversation-turn-116\" data-scroll-anchor=\"true\" data-turn=\"assistant\">\n<div class=\"text-base my-auto mx-auto pb-10 [--thread-content-margin:var(--thread-content-margin-xs,calc(var(--spacing)*4))] @w-sm\/main:[--thread-content-margin:var(--thread-content-margin-sm,calc(var(--spacing)*6))] @w-lg\/main:[--thread-content-margin:var(--thread-content-margin-lg,calc(var(--spacing)*16))] px-(--thread-content-margin)\">\n<div class=\"[--thread-content-max-width:40rem] @w-lg\/main:[--thread-content-max-width:48rem] mx-auto max-w-(--thread-content-max-width) flex-1 group\/turn-messages focus-visible:outline-hidden relative flex w-full min-w-0 flex-col agent-turn\" tabindex=\"-1\">\n<div class=\"flex max-w-full flex-col gap-4 grow\">\n<div class=\"min-h-8 text-message relative flex w-full flex-col items-end gap-2 text-start break-words whitespace-normal [.text-message+&amp;]:mt-1\" dir=\"auto\" data-message-author-role=\"assistant\" data-message-id=\"79ae9c7f-6107-458e-97ea-6cfcb4830db8\" data-message-model-slug=\"gpt-5-3\">\n<div class=\"flex w-full flex-col gap-1 empty:hidden\">\n<div class=\"markdown prose dark:prose-invert w-full wrap-break-word dark markdown-new-styling\">\n<p data-start=\"366\" data-end=\"446\"><strong data-start=\"366\" data-end=\"379\">Descri\u00e7\u00e3o<\/strong><br data-start=\"379\" data-end=\"382\" \/>C\u00f3digo do Produto: 1 L \u2013 000054 | 500 ml \u2013 000105 | 5 L \u2013 000107<\/p>\n<hr data-start=\"448\" data-end=\"451\" \/>\n<p data-start=\"453\" data-end=\"521\"><strong data-start=\"453\" data-end=\"481\">Superf\u00edcies de Aplica\u00e7\u00e3o<\/strong><br data-start=\"481\" data-end=\"484\" \/>Pedras Lisas<br data-start=\"496\" data-end=\"499\" \/>Pedras Brutas em Geral<\/p>\n<hr data-start=\"523\" data-end=\"526\" \/>\n<p data-start=\"528\" data-end=\"549\"><strong data-start=\"528\" data-end=\"549\">Instru\u00e7\u00f5es de Uso<\/strong><\/p>\n<p data-start=\"551\" data-end=\"576\"><strong data-start=\"551\" data-end=\"576\">Prepara\u00e7\u00e3o da solu\u00e7\u00e3o<\/strong><\/p>\n<p data-start=\"578\" data-end=\"680\">O Limpador Desincrustante pode ser dilu\u00eddo conforme a necessidade e o n\u00edvel de sujidade da superf\u00edcie.<\/p>\n<p data-start=\"682\" data-end=\"706\"><strong data-start=\"682\" data-end=\"706\">Aplica\u00e7\u00e3o do produto<\/strong><\/p>\n<p data-start=\"708\" data-end=\"834\">Em \u00e1reas n\u00e3o lav\u00e1veis, espalhe o produto sobre a superf\u00edcie com aux\u00edlio de um pano e deixe agir por aproximadamente 5 minutos.<\/p>\n<p data-start=\"836\" data-end=\"970\">Em \u00e1reas lav\u00e1veis, aplique o produto sobre a superf\u00edcie previamente umedecida, espalhando-o uniformemente por toda a \u00e1rea a ser limpa.<\/p>\n<p data-start=\"972\" data-end=\"989\"><strong data-start=\"972\" data-end=\"989\">Tempo de a\u00e7\u00e3o<\/strong><\/p>\n<p data-start=\"991\" data-end=\"1084\">Deixe o produto agir por at\u00e9 5 minutos para auxiliar na remo\u00e7\u00e3o das incrusta\u00e7\u00f5es e sujidades.<\/p>\n<p data-start=\"1086\" data-end=\"1097\"><strong data-start=\"1086\" data-end=\"1097\">Limpeza<\/strong><\/p>\n<p data-start=\"1099\" data-end=\"1243\">Esfregue bem a superf\u00edcie utilizando escovas de nylon, fibras de limpeza macias, vassouras macias ou outros acess\u00f3rios e equipamentos adequados.<\/p>\n<p data-start=\"1245\" data-end=\"1362\">Aten\u00e7\u00e3o: n\u00e3o utilize utens\u00edlios abrasivos que possam danificar a superf\u00edcie, como o lado verde da esponja de cozinha.<\/p>\n<p data-start=\"1364\" data-end=\"1375\"><strong data-start=\"1364\" data-end=\"1375\">Remo\u00e7\u00e3o<\/strong><\/p>\n<p data-start=\"1377\" data-end=\"1529\">Enx\u00e1gue abundantemente at\u00e9 remover completamente as sujeiras e os res\u00edduos do produto. Em \u00e1reas n\u00e3o lav\u00e1veis, finalize a limpeza com pano \u00famido em \u00e1gua.<\/p>\n<p data-start=\"1531\" data-end=\"1545\"><strong data-start=\"1531\" data-end=\"1545\">Observa\u00e7\u00e3o<\/strong><\/p>\n<p data-start=\"1547\" data-end=\"1773\">Caso necess\u00e1rio, repita o processo respeitando sempre o tempo m\u00e1ximo de 5 minutos de a\u00e7\u00e3o do produto sobre a superf\u00edcie. A opera\u00e7\u00e3o pode ser repetida v\u00e1rias vezes, desde que o tempo de a\u00e7\u00e3o n\u00e3o ultrapasse o limite recomendado.<\/p>\n<p data-start=\"1775\" data-end=\"1955\" data-is-last-node=\"\" data-is-only-node=\"\">Em \u00e1reas n\u00e3o lav\u00e1veis ou onde n\u00e3o seja poss\u00edvel realizar enx\u00e1gue abundante, recomenda-se aplicar posteriormente o detergente Bellinzoni P\u00f3s Obra para neutralizar a a\u00e7\u00e3o do produto.<\/p>\n<\/div>\n<\/div>\n<\/div>\n<\/div>\n<\/div>\n<\/div>\n<\/article>\n<\/div>\n<hr \/>\n<h5 class=\"no-margin\">Downloads<\/h5>\n<hr \/>\n<ul>\n<li><strong><a href=\"http:\/\/bellinzoni.net\/homecare\/downloads\/limpador-desincrustante.pdf\" target=\"_blank\" rel=\"noopener noreferrer\">Ficha T\u00e9cnica do Produto<\/a><\/strong><\/li>\n<li><strong><a href=\"http:\/\/bellinzoni.net\/homecare\/downloads\/fispqs\/7-Limpador%20Desincrustante-FISPQ-BLZ111.pdf\" target=\"_blank\" rel=\"noopener noreferrer\">Ficha de Seguran\u00e7a \u2013\u00a0FISPQ<\/a><\/strong><\/li>\n<\/ul>\n","protected":false},"excerpt":{"rendered":"<p>Limpador Desincrustante \u00e9 um poderoso produto para limpeza e remo\u00e7\u00e3o de sujeiras incrustadas. Remove res\u00edduos de cimento, contamina\u00e7\u00e3o de limos e mofos, respingos de tintas, efloresc\u00eancias, oxida\u00e7\u00f5es superficiais e algumas manchas. Pode ser usado em pedras lisas e brutas em geral. N\u00e3o deve ser usado em m\u00e1rmores polidos e lustrados. Pode ser usado em materiais com encardimento antigo e dif\u00edcil de limpar. Limpa tamb\u00e9m sujeira e encardimento dos rejuntes.<\/p>\n","protected":false},"featured_media":1001825,"template":"","meta":[],"product_brand":[],"product_cat":[68],"product_tag":[],"class_list":{"0":"post-1000133","1":"product","2":"type-product","3":"status-publish","4":"has-post-thumbnail","6":"product_cat-corporate","8":"first","9":"instock","10":"virtual","11":"product-type-simple"},"_links":{"self":[{"href":"https:\/\/bellinzoni.net\/pt\/wp-json\/wp\/v2\/product\/1000133","targetHints":{"allow":["GET"]}}],"collection":[{"href":"https:\/\/bellinzoni.net\/pt\/wp-json\/wp\/v2\/product"}],"about":[{"href":"https:\/\/bellinzoni.net\/pt\/wp-json\/wp\/v2\/types\/product"}],"version-history":[{"count":3,"href":"https:\/\/bellinzoni.net\/pt\/wp-json\/wp\/v2\/product\/1000133\/revisions"}],"predecessor-version":[{"id":1002098,"href":"https:\/\/bellinzoni.net\/pt\/wp-json\/wp\/v2\/product\/1000133\/revisions\/1002098"}],"wp:featuredmedia":[{"embeddable":true,"href":"https:\/\/bellinzoni.net\/pt\/wp-json\/wp\/v2\/media\/1001825"}],"wp:attachment":[{"href":"https:\/\/bellinzoni.net\/pt\/wp-json\/wp\/v2\/media?parent=1000133"}],"wp:term":[{"taxonomy":"product_brand","embeddable":true,"href":"https:\/\/bellinzoni.net\/pt\/wp-json\/wp\/v2\/product_brand?post=1000133"},{"taxonomy":"product_cat","embeddable":true,"href":"https:\/\/bellinzoni.net\/pt\/wp-json\/wp\/v2\/product_cat?post=1000133"},{"taxonomy":"product_tag","embeddable":true,"href":"https:\/\/bellinzoni.net\/pt\/wp-json\/wp\/v2\/product_tag?post=1000133"}],"curies":[{"name":"wp","href":"https:\/\/api.w.org\/{rel}","templated":true}]}}