{"id":1000134,"date":"2026-01-28T20:32:38","date_gmt":"2026-01-28T20:32:38","guid":{"rendered":"https:\/\/bellinzoni.net\/pt\/?post_type=product&#038;p=1000134"},"modified":"2026-03-16T16:30:46","modified_gmt":"2026-03-16T16:30:46","slug":"limpa-eflorescencia-e-residuos-de-cimento","status":"publish","type":"product","link":"https:\/\/bellinzoni.net\/pt\/produto\/limpa-eflorescencia-e-residuos-de-cimento\/","title":{"rendered":"Limpa Efloresc\u00eancia e Res\u00edduos de Cimento"},"content":{"rendered":"<p data-start=\"391\" data-end=\"480\"><strong data-start=\"391\" data-end=\"404\">Descri\u00e7\u00e3o<\/strong><br data-start=\"404\" data-end=\"407\" \/>C\u00f3digo do Produto: 1 litro \u2013 000041 | 500 ml \u2013 000072 | 5 litros \u2013 000070<\/p>\n<hr data-start=\"482\" data-end=\"485\" \/>\n<p data-start=\"487\" data-end=\"571\"><strong data-start=\"487\" data-end=\"515\">Superf\u00edcies de Aplica\u00e7\u00e3o<\/strong><br data-start=\"515\" data-end=\"518\" \/>Granitos<br data-start=\"526\" data-end=\"529\" \/>Porcelanatos<br data-start=\"541\" data-end=\"544\" \/>Cer\u00e2micas<br data-start=\"553\" data-end=\"556\" \/>Pedras em Geral<\/p>\n<hr data-start=\"573\" data-end=\"576\" \/>\n<p data-start=\"578\" data-end=\"599\"><strong data-start=\"578\" data-end=\"599\">Instru\u00e7\u00f5es de Uso<\/strong><\/p>\n<p data-start=\"601\" data-end=\"626\"><strong data-start=\"601\" data-end=\"626\">Prepara\u00e7\u00e3o da solu\u00e7\u00e3o<\/strong><\/p>\n<p data-start=\"628\" data-end=\"730\">O produto \u00e9 concentrado e pode ser dilu\u00eddo conforme a necessidade e o n\u00edvel de sujidade da superf\u00edcie.<\/p>\n<p data-start=\"732\" data-end=\"756\"><strong data-start=\"732\" data-end=\"756\">Aplica\u00e7\u00e3o do produto<\/strong><\/p>\n<p data-start=\"758\" data-end=\"873\">Aplique o produto sobre a superf\u00edcie previamente umedecida, espalhando-o uniformemente por toda a \u00e1rea a ser limpa.<\/p>\n<p data-start=\"875\" data-end=\"892\"><strong data-start=\"875\" data-end=\"892\">Tempo de a\u00e7\u00e3o<\/strong><\/p>\n<p data-start=\"894\" data-end=\"993\">Deixe o produto agir por aproximadamente 5 minutos para auxiliar na remo\u00e7\u00e3o das manchas e res\u00edduos.<\/p>\n<p data-start=\"995\" data-end=\"1006\"><strong data-start=\"995\" data-end=\"1006\">Limpeza<\/strong><\/p>\n<p data-start=\"1008\" data-end=\"1129\">Esfregue bem a superf\u00edcie utilizando escovas, fibras de limpeza, vassouras ou outros acess\u00f3rios e equipamentos adequados.<\/p>\n<p data-start=\"1131\" data-end=\"1142\"><strong data-start=\"1131\" data-end=\"1142\">Remo\u00e7\u00e3o<\/strong><\/p>\n<p data-start=\"1144\" data-end=\"1230\">Enx\u00e1gue abundantemente at\u00e9 remover completamente as sujeiras e os res\u00edduos do produto.<\/p>\n<p data-start=\"1232\" data-end=\"1246\"><strong data-start=\"1232\" data-end=\"1246\">Observa\u00e7\u00e3o<\/strong><\/p>\n<p data-start=\"1248\" data-end=\"1474\">Caso necess\u00e1rio, repita o processo respeitando sempre o tempo m\u00e1ximo de 5 minutos de a\u00e7\u00e3o do produto sobre a superf\u00edcie. A opera\u00e7\u00e3o pode ser repetida v\u00e1rias vezes, desde que o tempo de a\u00e7\u00e3o n\u00e3o ultrapasse o limite recomendado.<\/p>\n<p data-start=\"1476\" data-end=\"1656\" data-is-last-node=\"\" data-is-only-node=\"\">Em \u00e1reas n\u00e3o lav\u00e1veis ou onde n\u00e3o seja poss\u00edvel realizar enx\u00e1gue abundante, recomenda-se aplicar posteriormente o detergente Bellinzoni P\u00f3s Obra para neutralizar a a\u00e7\u00e3o do produto.<\/p>\n<hr \/>\n<h5 class=\"no-margin\">Downloads<\/h5>\n<hr \/>\n<ul>\n<li><strong><a href=\"https:\/\/bellinzoni.net\/fichas_2023\/ft-hc-limpa-eflorescencia.pdf\" target=\"_blank\" rel=\"noopener noreferrer\">Ficha T\u00e9cnica do Produto<\/a><\/strong><\/li>\n<li><strong><a href=\"http:\/\/bellinzoni.net\/homecare\/downloads\/fispqs\/11-Limpa%20Efloresc%c3%aancia%20e%20Res%c3%adduos%20de%20Cimento-FISPQ-BLZ114.pdf\" target=\"_blank\" rel=\"noopener noreferrer\">Ficha de Seguran\u00e7a \u2013\u00a0FISPQ<\/a><\/strong><\/li>\n<\/ul>\n","protected":false},"excerpt":{"rendered":"<h5 class=\"no-margin\"><\/h5>\n<p>Detergente de alta performance para limpeza de sujidades, res\u00edduos de cimento e elimina\u00e7\u00e3o de efloresc\u00eancia. Limpa pontos de oxida\u00e7\u00e3o, respingos de tintas e dry wall ( gesso ).sem agredir a superf\u00edcie. Pode ser usado em granitos, porcelanatos, cer\u00e2micas e pedras em geral. N\u00e3o deve ser usado em m\u00e1rmores ou superf\u00edcies calc\u00e1rias.<\/p>\n","protected":false},"featured_media":1000164,"template":"","meta":[],"product_brand":[],"product_cat":[68],"product_tag":[],"class_list":{"0":"post-1000134","1":"product","2":"type-product","3":"status-publish","4":"has-post-thumbnail","6":"product_cat-corporate","8":"first","9":"instock","10":"virtual","11":"product-type-simple"},"_links":{"self":[{"href":"https:\/\/bellinzoni.net\/pt\/wp-json\/wp\/v2\/product\/1000134","targetHints":{"allow":["GET"]}}],"collection":[{"href":"https:\/\/bellinzoni.net\/pt\/wp-json\/wp\/v2\/product"}],"about":[{"href":"https:\/\/bellinzoni.net\/pt\/wp-json\/wp\/v2\/types\/product"}],"version-history":[{"count":4,"href":"https:\/\/bellinzoni.net\/pt\/wp-json\/wp\/v2\/product\/1000134\/revisions"}],"predecessor-version":[{"id":1002097,"href":"https:\/\/bellinzoni.net\/pt\/wp-json\/wp\/v2\/product\/1000134\/revisions\/1002097"}],"wp:featuredmedia":[{"embeddable":true,"href":"https:\/\/bellinzoni.net\/pt\/wp-json\/wp\/v2\/media\/1000164"}],"wp:attachment":[{"href":"https:\/\/bellinzoni.net\/pt\/wp-json\/wp\/v2\/media?parent=1000134"}],"wp:term":[{"taxonomy":"product_brand","embeddable":true,"href":"https:\/\/bellinzoni.net\/pt\/wp-json\/wp\/v2\/product_brand?post=1000134"},{"taxonomy":"product_cat","embeddable":true,"href":"https:\/\/bellinzoni.net\/pt\/wp-json\/wp\/v2\/product_cat?post=1000134"},{"taxonomy":"product_tag","embeddable":true,"href":"https:\/\/bellinzoni.net\/pt\/wp-json\/wp\/v2\/product_tag?post=1000134"}],"curies":[{"name":"wp","href":"https:\/\/api.w.org\/{rel}","templated":true}]}}