{"id":1000135,"date":"2026-01-28T20:32:38","date_gmt":"2026-01-28T20:32:38","guid":{"rendered":"https:\/\/bellinzoni.net\/pt\/?post_type=product&#038;p=1000135"},"modified":"2026-03-16T16:28:48","modified_gmt":"2026-03-16T16:28:48","slug":"limpa-e-lustra-inox","status":"publish","type":"product","link":"https:\/\/bellinzoni.net\/pt\/produto\/limpa-e-lustra-inox\/","title":{"rendered":"Limpa e Lustra Inox"},"content":{"rendered":"<div class=\"flex flex-col text-sm pb-25\">\n<article class=\"text-token-text-primary w-full focus:outline-none [--shadow-height:45px] has-data-writing-block:pointer-events-none has-data-writing-block:-mt-(--shadow-height) has-data-writing-block:pt-(--shadow-height) [&amp;:has([data-writing-block])&gt;*]:pointer-events-auto scroll-mt-[calc(var(--header-height)+min(200px,max(70px,20svh)))]\" dir=\"auto\" tabindex=\"-1\" data-turn-id=\"request-WEB:881aabdb-c9a9-414b-b169-c3efefe141d6-55\" data-testid=\"conversation-turn-112\" data-scroll-anchor=\"true\" data-turn=\"assistant\">\n<div class=\"text-base my-auto mx-auto pb-10 [--thread-content-margin:var(--thread-content-margin-xs,calc(var(--spacing)*4))] @w-sm\/main:[--thread-content-margin:var(--thread-content-margin-sm,calc(var(--spacing)*6))] @w-lg\/main:[--thread-content-margin:var(--thread-content-margin-lg,calc(var(--spacing)*16))] px-(--thread-content-margin)\">\n<div class=\"[--thread-content-max-width:40rem] @w-lg\/main:[--thread-content-max-width:48rem] mx-auto max-w-(--thread-content-max-width) flex-1 group\/turn-messages focus-visible:outline-hidden relative flex w-full min-w-0 flex-col agent-turn\" tabindex=\"-1\">\n<div class=\"flex max-w-full flex-col gap-4 grow\">\n<div class=\"min-h-8 text-message relative flex w-full flex-col items-end gap-2 text-start break-words whitespace-normal [.text-message+&amp;]:mt-1\" dir=\"auto\" data-message-author-role=\"assistant\" data-message-id=\"0b682a22-ba43-4c88-a0f8-e2466844339a\" data-message-model-slug=\"gpt-5-3\">\n<div class=\"flex w-full flex-col gap-1 empty:hidden\">\n<div class=\"markdown prose dark:prose-invert w-full wrap-break-word dark markdown-new-styling\">\n<p data-start=\"300\" data-end=\"350\"><strong data-start=\"300\" data-end=\"313\">Descri\u00e7\u00e3o<\/strong><br data-start=\"313\" data-end=\"316\" \/>C\u00f3digo do Produto: 500 ml \u2013 000125<\/p>\n<hr data-start=\"352\" data-end=\"355\" \/>\n<p data-start=\"357\" data-end=\"445\"><strong data-start=\"357\" data-end=\"385\">Superf\u00edcies de Aplica\u00e7\u00e3o<\/strong><br data-start=\"385\" data-end=\"388\" \/>Pias<br data-start=\"392\" data-end=\"395\" \/>Panelas<br data-start=\"402\" data-end=\"405\" \/>Chaleiras<br data-start=\"414\" data-end=\"417\" \/>Baixelas<br data-start=\"425\" data-end=\"428\" \/>Fog\u00f5es<br data-start=\"434\" data-end=\"437\" \/>Cooktops<\/p>\n<hr data-start=\"447\" data-end=\"450\" \/>\n<p data-start=\"452\" data-end=\"473\"><strong data-start=\"452\" data-end=\"473\">Instru\u00e7\u00f5es de Uso<\/strong><\/p>\n<p data-start=\"475\" data-end=\"500\"><strong data-start=\"475\" data-end=\"500\">Prepara\u00e7\u00e3o do produto<\/strong><\/p>\n<p data-start=\"502\" data-end=\"526\">Agite bem antes de usar.<\/p>\n<p data-start=\"528\" data-end=\"552\"><strong data-start=\"528\" data-end=\"552\">Aplica\u00e7\u00e3o do produto<\/strong><\/p>\n<p data-start=\"554\" data-end=\"642\">Aplique o Limpa Inox com aux\u00edlio de um pano macio ou utilizando o lado macio da esponja.<\/p>\n<p data-start=\"644\" data-end=\"655\"><strong data-start=\"644\" data-end=\"655\">Limpeza<\/strong><\/p>\n<p data-start=\"657\" data-end=\"766\">Esfregue a superf\u00edcie sempre no mesmo sentido das fibras do a\u00e7o inox para preservar o acabamento do material.<\/p>\n<p data-start=\"768\" data-end=\"831\">N\u00e3o deixe o produto secar sobre a superf\u00edcie durante a limpeza.<\/p>\n<p data-start=\"833\" data-end=\"844\"><strong data-start=\"833\" data-end=\"844\">Remo\u00e7\u00e3o<\/strong><\/p>\n<p data-start=\"846\" data-end=\"1005\" data-is-last-node=\"\" data-is-only-node=\"\">Ap\u00f3s a aplica\u00e7\u00e3o, remova completamente o produto com enx\u00e1gue ou com aux\u00edlio de um pano \u00famido. Em seguida, seque a superf\u00edcie para evitar a forma\u00e7\u00e3o de manchas.<\/p>\n<\/div>\n<\/div>\n<\/div>\n<\/div>\n<\/div>\n<\/div>\n<\/article>\n<\/div>\n<hr \/>\n<h5 class=\"no-margin\">Downloads<\/h5>\n<hr \/>\n<ul>\n<li><strong><a href=\"https:\/\/bellinzoni.net\/fichas_tecnicas\/ft-2020\/lustra-inox-2020.pdf\" target=\"_blank\" rel=\"noopener noreferrer\">Ficha T\u00e9cnica do Produto<\/a><\/strong><\/li>\n<li><strong><a href=\"http:\/\/bellinzoni.net\/homecare\/product\/limpa-e-lustra-inox\/#\" target=\"_blank\" rel=\"noopener noreferrer\">Ficha de Seguran\u00e7a \u2013\u00a0FISPQ<\/a><\/strong><\/li>\n<\/ul>\n","protected":false},"excerpt":{"rendered":"<p>O Limpa Inox Bellinzoni foi desenvolvido especialmente para limpar, desengordurar e lustrar superf\u00edcie em a\u00e7o inox. Limpa com efici\u00eancia removendo manchas de gordura e de \u00e1gua sem agredir a superf\u00edcie. Como o Limpa Inox Bellinzoni tamb\u00e9m lustra, devolve o brilho natural e espelhado do material. Pode ser utilizado em todas superf\u00edcies em a\u00e7o inox, por\u00e9m recomendamos um teste pr\u00e9vio em uma pequena \u00e1rea antes da aplica\u00e7\u00e3o.<\/p>\n","protected":false},"featured_media":1000165,"template":"","meta":[],"product_brand":[],"product_cat":[68],"product_tag":[],"class_list":{"0":"post-1000135","1":"product","2":"type-product","3":"status-publish","4":"has-post-thumbnail","6":"product_cat-corporate","8":"first","9":"instock","10":"virtual","11":"product-type-simple"},"_links":{"self":[{"href":"https:\/\/bellinzoni.net\/pt\/wp-json\/wp\/v2\/product\/1000135","targetHints":{"allow":["GET"]}}],"collection":[{"href":"https:\/\/bellinzoni.net\/pt\/wp-json\/wp\/v2\/product"}],"about":[{"href":"https:\/\/bellinzoni.net\/pt\/wp-json\/wp\/v2\/types\/product"}],"version-history":[{"count":4,"href":"https:\/\/bellinzoni.net\/pt\/wp-json\/wp\/v2\/product\/1000135\/revisions"}],"predecessor-version":[{"id":1002095,"href":"https:\/\/bellinzoni.net\/pt\/wp-json\/wp\/v2\/product\/1000135\/revisions\/1002095"}],"wp:featuredmedia":[{"embeddable":true,"href":"https:\/\/bellinzoni.net\/pt\/wp-json\/wp\/v2\/media\/1000165"}],"wp:attachment":[{"href":"https:\/\/bellinzoni.net\/pt\/wp-json\/wp\/v2\/media?parent=1000135"}],"wp:term":[{"taxonomy":"product_brand","embeddable":true,"href":"https:\/\/bellinzoni.net\/pt\/wp-json\/wp\/v2\/product_brand?post=1000135"},{"taxonomy":"product_cat","embeddable":true,"href":"https:\/\/bellinzoni.net\/pt\/wp-json\/wp\/v2\/product_cat?post=1000135"},{"taxonomy":"product_tag","embeddable":true,"href":"https:\/\/bellinzoni.net\/pt\/wp-json\/wp\/v2\/product_tag?post=1000135"}],"curies":[{"name":"wp","href":"https:\/\/api.w.org\/{rel}","templated":true}]}}