{"id":1000136,"date":"2026-01-28T20:32:38","date_gmt":"2026-01-28T20:32:38","guid":{"rendered":"https:\/\/bellinzoni.net\/pt\/?post_type=product&#038;p=1000136"},"modified":"2026-03-16T16:25:13","modified_gmt":"2026-03-16T16:25:13","slug":"limpa-e-lustra-madeira","status":"publish","type":"product","link":"https:\/\/bellinzoni.net\/pt\/produto\/limpa-e-lustra-madeira\/","title":{"rendered":"Limpa e Lustra Madeira"},"content":{"rendered":"<div class=\"flex flex-col text-sm pb-25\">\n<article class=\"text-token-text-primary w-full focus:outline-none [--shadow-height:45px] has-data-writing-block:pointer-events-none has-data-writing-block:-mt-(--shadow-height) has-data-writing-block:pt-(--shadow-height) [&amp;:has([data-writing-block])&gt;*]:pointer-events-auto scroll-mt-[calc(var(--header-height)+min(200px,max(70px,20svh)))]\" dir=\"auto\" tabindex=\"-1\" data-turn-id=\"request-WEB:881aabdb-c9a9-414b-b169-c3efefe141d6-54\" data-testid=\"conversation-turn-110\" data-scroll-anchor=\"true\" data-turn=\"assistant\">\n<div class=\"text-base my-auto mx-auto pb-10 [--thread-content-margin:var(--thread-content-margin-xs,calc(var(--spacing)*4))] @w-sm\/main:[--thread-content-margin:var(--thread-content-margin-sm,calc(var(--spacing)*6))] @w-lg\/main:[--thread-content-margin:var(--thread-content-margin-lg,calc(var(--spacing)*16))] px-(--thread-content-margin)\">\n<div class=\"[--thread-content-max-width:40rem] @w-lg\/main:[--thread-content-max-width:48rem] mx-auto max-w-(--thread-content-max-width) flex-1 group\/turn-messages focus-visible:outline-hidden relative flex w-full min-w-0 flex-col agent-turn\" tabindex=\"-1\">\n<div class=\"flex max-w-full flex-col gap-4 grow\">\n<div class=\"min-h-8 text-message relative flex w-full flex-col items-end gap-2 text-start break-words whitespace-normal [.text-message+&amp;]:mt-1\" dir=\"auto\" data-message-author-role=\"assistant\" data-message-id=\"61e5ebd8-b0b1-4395-b97a-09066d633feb\" data-message-model-slug=\"gpt-5-3\">\n<div class=\"flex w-full flex-col gap-1 empty:hidden\">\n<div class=\"markdown prose dark:prose-invert w-full wrap-break-word dark markdown-new-styling\">\n<p data-start=\"305\" data-end=\"355\"><strong data-start=\"305\" data-end=\"318\">Descri\u00e7\u00e3o<\/strong><br data-start=\"318\" data-end=\"321\" \/>C\u00f3digo do Produto: 190 ml \u2013 000204<\/p>\n<hr data-start=\"357\" data-end=\"360\" \/>\n<p data-start=\"362\" data-end=\"400\"><strong data-start=\"362\" data-end=\"390\">Superf\u00edcies de Aplica\u00e7\u00e3o<\/strong><br data-start=\"390\" data-end=\"393\" \/>Madeira<\/p>\n<hr data-start=\"402\" data-end=\"405\" \/>\n<p data-start=\"407\" data-end=\"428\"><strong data-start=\"407\" data-end=\"428\">Instru\u00e7\u00f5es de Uso<\/strong><\/p>\n<p data-start=\"430\" data-end=\"458\"><strong data-start=\"430\" data-end=\"458\">Prepara\u00e7\u00e3o da superf\u00edcie<\/strong><\/p>\n<p data-start=\"460\" data-end=\"574\">Limpe previamente a superf\u00edcie a ser tratada com uma flanela ou pano seco para remover poeira e part\u00edculas soltas.<\/p>\n<p data-start=\"576\" data-end=\"600\"><strong data-start=\"576\" data-end=\"600\">Aplica\u00e7\u00e3o do produto<\/strong><\/p>\n<p data-start=\"602\" data-end=\"753\">Aplique uma fina camada do produto sobre a superf\u00edcie utilizando uma flanela ou pano limpo, friccionando levemente para realizar a limpeza do material.<\/p>\n<p data-start=\"755\" data-end=\"823\">Durante a aplica\u00e7\u00e3o, retire o excesso do produto com o pr\u00f3prio pano.<\/p>\n<p data-start=\"825\" data-end=\"836\"><strong data-start=\"825\" data-end=\"836\">Secagem<\/strong><\/p>\n<p data-start=\"838\" data-end=\"890\">Deixe o produto secar por aproximadamente 3 minutos.<\/p>\n<p data-start=\"892\" data-end=\"902\"><strong data-start=\"892\" data-end=\"902\">Lustro<\/strong><\/p>\n<p data-start=\"904\" data-end=\"1006\">Ap\u00f3s a secagem, realize o lustro aumentando a fric\u00e7\u00e3o com uma flanela seca sobre a superf\u00edcie tratada.<\/p>\n<p data-start=\"1008\" data-end=\"1022\"><strong data-start=\"1008\" data-end=\"1022\">Observa\u00e7\u00e3o<\/strong><\/p>\n<p data-start=\"1024\" data-end=\"1146\">Recomenda-se realizar um teste pr\u00e9vio em uma pequena \u00e1rea antes da aplica\u00e7\u00e3o completa. Caso necess\u00e1rio, repita o processo.<\/p>\n<hr data-start=\"1148\" data-end=\"1151\" \/>\n<p data-start=\"1153\" data-end=\"1167\"><strong data-start=\"1153\" data-end=\"1167\">Rendimento<\/strong><\/p>\n<p data-start=\"1169\" data-end=\"1251\" data-is-last-node=\"\" data-is-only-node=\"\">250 ml rende aproximadamente 10 m\u00b2, podendo variar conforme a absor\u00e7\u00e3o da madeira.<\/p>\n<\/div>\n<\/div>\n<\/div>\n<\/div>\n<\/div>\n<\/div>\n<\/article>\n<\/div>\n<hr \/>\n<h5 class=\"no-margin\">Downloads<\/h5>\n<hr \/>\n<ul>\n<li><strong><a href=\"http:\/\/bellinzoni.net\/ft-bellinzoni-hc\/lustra-madeira.pdf\" target=\"_blank\" rel=\"noopener noreferrer\">Ficha T\u00e9cnica do Produto<\/a><\/strong><\/li>\n<li><strong><a href=\"http:\/\/bellinzoni.net\/homecare\/product\/limpa-e-lustra-madeira\/#\" target=\"_blank\" rel=\"noopener noreferrer\">Ficha de Seguran\u00e7a \u2013\u00a0FISPQ<\/a><\/strong><\/li>\n<\/ul>\n","protected":false},"excerpt":{"rendered":"<p>Produto cremoso com excelente poder de limpeza e lustra em madeiras. Pode ser usado em m\u00f3veis e objetos. De f\u00e1cil aplica\u00e7\u00e3o, ativa a cor da madeira e proporciona excelente lustro. Pode ser utilizado em ambientes com pouca ventila\u00e7\u00e3o, pois seu odor \u00e9 agrad\u00e1vel.<\/p>\n","protected":false},"featured_media":1000166,"template":"","meta":[],"product_brand":[],"product_cat":[68],"product_tag":[],"class_list":{"0":"post-1000136","1":"product","2":"type-product","3":"status-publish","4":"has-post-thumbnail","6":"product_cat-corporate","8":"first","9":"instock","10":"virtual","11":"product-type-simple"},"_links":{"self":[{"href":"https:\/\/bellinzoni.net\/pt\/wp-json\/wp\/v2\/product\/1000136","targetHints":{"allow":["GET"]}}],"collection":[{"href":"https:\/\/bellinzoni.net\/pt\/wp-json\/wp\/v2\/product"}],"about":[{"href":"https:\/\/bellinzoni.net\/pt\/wp-json\/wp\/v2\/types\/product"}],"version-history":[{"count":4,"href":"https:\/\/bellinzoni.net\/pt\/wp-json\/wp\/v2\/product\/1000136\/revisions"}],"predecessor-version":[{"id":1002093,"href":"https:\/\/bellinzoni.net\/pt\/wp-json\/wp\/v2\/product\/1000136\/revisions\/1002093"}],"wp:featuredmedia":[{"embeddable":true,"href":"https:\/\/bellinzoni.net\/pt\/wp-json\/wp\/v2\/media\/1000166"}],"wp:attachment":[{"href":"https:\/\/bellinzoni.net\/pt\/wp-json\/wp\/v2\/media?parent=1000136"}],"wp:term":[{"taxonomy":"product_brand","embeddable":true,"href":"https:\/\/bellinzoni.net\/pt\/wp-json\/wp\/v2\/product_brand?post=1000136"},{"taxonomy":"product_cat","embeddable":true,"href":"https:\/\/bellinzoni.net\/pt\/wp-json\/wp\/v2\/product_cat?post=1000136"},{"taxonomy":"product_tag","embeddable":true,"href":"https:\/\/bellinzoni.net\/pt\/wp-json\/wp\/v2\/product_tag?post=1000136"}],"curies":[{"name":"wp","href":"https:\/\/api.w.org\/{rel}","templated":true}]}}