{"id":1000139,"date":"2026-01-28T20:32:39","date_gmt":"2026-01-28T20:32:39","guid":{"rendered":"https:\/\/bellinzoni.net\/pt\/?post_type=product&#038;p=1000139"},"modified":"2026-03-16T16:17:38","modified_gmt":"2026-03-16T16:17:38","slug":"limpa-marmore-limpeza-pesada","status":"publish","type":"product","link":"https:\/\/bellinzoni.net\/pt\/produto\/limpa-marmore-limpeza-pesada\/","title":{"rendered":"Limpa M\u00e1rmore Limpeza Pesada"},"content":{"rendered":"<p data-start=\"376\" data-end=\"465\"><strong data-start=\"376\" data-end=\"389\">Descri\u00e7\u00e3o<\/strong><br data-start=\"389\" data-end=\"392\" \/>C\u00f3digo do Produto: 1 litro \u2013 000043 | 500 ml \u2013 000077 | 5 litros \u2013 000078<\/p>\n<hr data-start=\"467\" data-end=\"470\" \/>\n<p data-start=\"472\" data-end=\"520\"><strong data-start=\"472\" data-end=\"500\">Superf\u00edcies de Aplica\u00e7\u00e3o<\/strong><br data-start=\"500\" data-end=\"503\" \/>M\u00e1rmore<br data-start=\"510\" data-end=\"513\" \/>Granito<\/p>\n<hr data-start=\"522\" data-end=\"525\" \/>\n<p data-start=\"527\" data-end=\"548\"><strong data-start=\"527\" data-end=\"548\">Instru\u00e7\u00f5es de Uso<\/strong><\/p>\n<p data-start=\"550\" data-end=\"575\"><strong data-start=\"550\" data-end=\"575\">Prepara\u00e7\u00e3o da solu\u00e7\u00e3o<\/strong><\/p>\n<p data-start=\"577\" data-end=\"713\">O Limpa M\u00e1rmore \u2013 Limpeza Pesada \u00e9 um produto concentrado e pode ser dilu\u00eddo conforme a necessidade e o n\u00edvel de sujidade da superf\u00edcie.<\/p>\n<p data-start=\"715\" data-end=\"739\"><strong data-start=\"715\" data-end=\"739\">Aplica\u00e7\u00e3o do produto<\/strong><\/p>\n<p data-start=\"741\" data-end=\"824\">Em \u00e1reas n\u00e3o lav\u00e1veis, espalhe o produto sobre a superf\u00edcie com aux\u00edlio de um pano.<\/p>\n<p data-start=\"826\" data-end=\"948\">Em \u00e1reas lav\u00e1veis, aplique o produto sobre a superf\u00edcie previamente umedecida, espalhando-o uniformemente por toda a \u00e1rea.<\/p>\n<p data-start=\"950\" data-end=\"967\"><strong data-start=\"950\" data-end=\"967\">Tempo de a\u00e7\u00e3o<\/strong><\/p>\n<p data-start=\"969\" data-end=\"1059\">Deixe o produto agir por aproximadamente 5 minutos para auxiliar na remo\u00e7\u00e3o das sujidades.<\/p>\n<p data-start=\"1061\" data-end=\"1072\"><strong data-start=\"1061\" data-end=\"1072\">Limpeza<\/strong><\/p>\n<p data-start=\"1074\" data-end=\"1220\">Esfregue bem a superf\u00edcie utilizando escovas de nylon, fibras de limpeza macias, vassouras macias ou outros acess\u00f3rios e equipamentos apropriados.<\/p>\n<p data-start=\"1222\" data-end=\"1339\">Aten\u00e7\u00e3o: n\u00e3o utilize utens\u00edlios abrasivos que possam danificar a superf\u00edcie, como o lado verde da esponja de cozinha.<\/p>\n<p data-start=\"1341\" data-end=\"1352\"><strong data-start=\"1341\" data-end=\"1352\">Remo\u00e7\u00e3o<\/strong><\/p>\n<p data-start=\"1354\" data-end=\"1495\">Enx\u00e1gue bem at\u00e9 remover completamente as sujeiras e os res\u00edduos do produto. Em \u00e1reas n\u00e3o lav\u00e1veis, finalize a limpeza com pano \u00famido em \u00e1gua.<\/p>\n<p data-start=\"1497\" data-end=\"1511\"><strong data-start=\"1497\" data-end=\"1511\">Observa\u00e7\u00e3o<\/strong><\/p>\n<p data-start=\"1513\" data-end=\"1739\" data-is-last-node=\"\" data-is-only-node=\"\">Caso necess\u00e1rio, repita o processo respeitando sempre o tempo m\u00e1ximo de 5 minutos de a\u00e7\u00e3o do produto sobre a superf\u00edcie. A opera\u00e7\u00e3o pode ser repetida v\u00e1rias vezes, desde que o tempo de a\u00e7\u00e3o n\u00e3o ultrapasse o limite recomendado.<\/p>\n<hr \/>\n<h5 class=\"no-margin\">Downloads<\/h5>\n<hr \/>\n<ul>\n<li><strong><a href=\"http:\/\/bellinzoni.net\/homecare\/downloads\/limpa-marmore-limpeza-pesada.pdf\" target=\"_blank\" rel=\"noopener noreferrer\">Ficha T\u00e9cnica do Produto<\/a><\/strong><\/li>\n<li><strong><a href=\"http:\/\/bellinzoni.net\/homecare\/downloads\/fispqs\/4-Limpa%20M%c3%a1rmore%20Limpeza%20Pesada-FISPQ-BLZ125.pdf\" target=\"_blank\" rel=\"noopener noreferrer\">Ficha de Seguran\u00e7a \u2013\u00a0FISPQ<\/a><\/strong><\/li>\n<\/ul>\n","protected":false},"excerpt":{"rendered":"<p>Detergente concentrado com forte poder de limpeza, ideal para uso em m\u00e1rmores e granitos. Pode ser usado tamb\u00e9m em porcelanatos, cer\u00e2micas, azulejos, ard\u00f3sias e pedras em geral. Remove sujidades dif\u00edceis com a\u00e7\u00e3o profunda sem agress\u00e3o \u00e0s superf\u00edcies. Remove ceras velhas, comuns e acr\u00edlicas. Proporciona limpeza dos rejuntes evitando o encardimento. Pode ser usado ap\u00f3s festas, obras ou periodicamente conforme a necessidade. Para limpeza di\u00e1ria, use o Limpa M\u00e1rmore Dia a Dia.<\/p>\n","protected":false},"featured_media":1001826,"template":"","meta":[],"product_brand":[],"product_cat":[68],"product_tag":[],"class_list":{"0":"post-1000139","1":"product","2":"type-product","3":"status-publish","4":"has-post-thumbnail","6":"product_cat-corporate","8":"first","9":"instock","10":"virtual","11":"product-type-simple"},"_links":{"self":[{"href":"https:\/\/bellinzoni.net\/pt\/wp-json\/wp\/v2\/product\/1000139","targetHints":{"allow":["GET"]}}],"collection":[{"href":"https:\/\/bellinzoni.net\/pt\/wp-json\/wp\/v2\/product"}],"about":[{"href":"https:\/\/bellinzoni.net\/pt\/wp-json\/wp\/v2\/types\/product"}],"version-history":[{"count":4,"href":"https:\/\/bellinzoni.net\/pt\/wp-json\/wp\/v2\/product\/1000139\/revisions"}],"predecessor-version":[{"id":1002089,"href":"https:\/\/bellinzoni.net\/pt\/wp-json\/wp\/v2\/product\/1000139\/revisions\/1002089"}],"wp:featuredmedia":[{"embeddable":true,"href":"https:\/\/bellinzoni.net\/pt\/wp-json\/wp\/v2\/media\/1001826"}],"wp:attachment":[{"href":"https:\/\/bellinzoni.net\/pt\/wp-json\/wp\/v2\/media?parent=1000139"}],"wp:term":[{"taxonomy":"product_brand","embeddable":true,"href":"https:\/\/bellinzoni.net\/pt\/wp-json\/wp\/v2\/product_brand?post=1000139"},{"taxonomy":"product_cat","embeddable":true,"href":"https:\/\/bellinzoni.net\/pt\/wp-json\/wp\/v2\/product_cat?post=1000139"},{"taxonomy":"product_tag","embeddable":true,"href":"https:\/\/bellinzoni.net\/pt\/wp-json\/wp\/v2\/product_tag?post=1000139"}],"curies":[{"name":"wp","href":"https:\/\/api.w.org\/{rel}","templated":true}]}}