{"id":1000140,"date":"2026-01-28T20:32:39","date_gmt":"2026-01-28T20:32:39","guid":{"rendered":"https:\/\/bellinzoni.net\/pt\/?post_type=product&#038;p=1000140"},"modified":"2026-03-16T16:15:09","modified_gmt":"2026-03-16T16:15:09","slug":"limpa-pedras","status":"publish","type":"product","link":"https:\/\/bellinzoni.net\/pt\/produto\/limpa-pedras\/","title":{"rendered":"Limpa Pedras"},"content":{"rendered":"<div class=\"relative basis-auto flex-col -mb-(--composer-overlap-px) [--composer-overlap-px:28px] grow flex\">\n<div class=\"flex flex-col text-sm pb-25\">\n<article class=\"text-token-text-primary w-full focus:outline-none [--shadow-height:45px] has-data-writing-block:pointer-events-none has-data-writing-block:-mt-(--shadow-height) has-data-writing-block:pt-(--shadow-height) [&amp;:has([data-writing-block])&gt;*]:pointer-events-auto scroll-mt-[calc(var(--header-height)+min(200px,max(70px,20svh)))]\" dir=\"auto\" tabindex=\"-1\" data-turn-id=\"request-WEB:881aabdb-c9a9-414b-b169-c3efefe141d6-51\" data-testid=\"conversation-turn-104\" data-scroll-anchor=\"true\" data-turn=\"assistant\">\n<div class=\"text-base my-auto mx-auto pb-10 [--thread-content-margin:var(--thread-content-margin-xs,calc(var(--spacing)*4))] @w-sm\/main:[--thread-content-margin:var(--thread-content-margin-sm,calc(var(--spacing)*6))] @w-lg\/main:[--thread-content-margin:var(--thread-content-margin-lg,calc(var(--spacing)*16))] px-(--thread-content-margin)\">\n<div class=\"[--thread-content-max-width:40rem] @w-lg\/main:[--thread-content-max-width:48rem] mx-auto max-w-(--thread-content-max-width) flex-1 group\/turn-messages focus-visible:outline-hidden relative flex w-full min-w-0 flex-col agent-turn\" tabindex=\"-1\">\n<div class=\"flex max-w-full flex-col gap-4 grow\">\n<div class=\"min-h-8 text-message relative flex w-full flex-col items-end gap-2 text-start break-words whitespace-normal [.text-message+&amp;]:mt-1\" dir=\"auto\" data-message-author-role=\"assistant\" data-message-id=\"a1bed8be-81eb-47fa-af7d-b1affecf0e08\" data-message-model-slug=\"gpt-5-3\">\n<div class=\"flex w-full flex-col gap-1 empty:hidden\">\n<div class=\"markdown prose dark:prose-invert w-full wrap-break-word dark markdown-new-styling\">\n<p data-start=\"316\" data-end=\"405\"><strong data-start=\"316\" data-end=\"329\">Descri\u00e7\u00e3o<\/strong><br data-start=\"329\" data-end=\"332\" \/>C\u00f3digo do Produto: 1 litro \u2013 000037 | 500 ml \u2013 000080 | 5 litros \u2013 000083<\/p>\n<hr data-start=\"407\" data-end=\"410\" \/>\n<p data-start=\"412\" data-end=\"523\"><strong data-start=\"412\" data-end=\"440\">Superf\u00edcies de Aplica\u00e7\u00e3o<\/strong><br data-start=\"440\" data-end=\"443\" \/>Granitos<br data-start=\"451\" data-end=\"454\" \/>Ard\u00f3sias<br data-start=\"462\" data-end=\"465\" \/>Cer\u00e2micas R\u00fasticas<br data-start=\"483\" data-end=\"486\" \/>Miracema<br data-start=\"494\" data-end=\"497\" \/>S\u00e3o Tom\u00e9<br data-start=\"505\" data-end=\"508\" \/>Pedras em Geral<\/p>\n<hr data-start=\"525\" data-end=\"528\" \/>\n<p data-start=\"530\" data-end=\"551\"><strong data-start=\"530\" data-end=\"551\">Instru\u00e7\u00f5es de Uso<\/strong><\/p>\n<p data-start=\"553\" data-end=\"578\"><strong data-start=\"553\" data-end=\"578\">Prepara\u00e7\u00e3o da solu\u00e7\u00e3o<\/strong><\/p>\n<p data-start=\"580\" data-end=\"698\">O Limpa Pedras \u00e9 um produto concentrado e pode ser dilu\u00eddo conforme a necessidade e o n\u00edvel de sujidade da superf\u00edcie.<\/p>\n<p data-start=\"700\" data-end=\"724\"><strong data-start=\"700\" data-end=\"724\">Aplica\u00e7\u00e3o do produto<\/strong><\/p>\n<p data-start=\"726\" data-end=\"841\">Aplique o produto sobre a superf\u00edcie previamente umedecida, espalhando-o uniformemente por toda a \u00e1rea a ser limpa.<\/p>\n<p data-start=\"843\" data-end=\"860\"><strong data-start=\"843\" data-end=\"860\">Tempo de a\u00e7\u00e3o<\/strong><\/p>\n<p data-start=\"862\" data-end=\"952\">Deixe o produto agir por aproximadamente 5 minutos para auxiliar na remo\u00e7\u00e3o das sujidades.<\/p>\n<p data-start=\"954\" data-end=\"965\"><strong data-start=\"954\" data-end=\"965\">Limpeza<\/strong><\/p>\n<p data-start=\"967\" data-end=\"1083\">Esfregue bem o local utilizando escovas, fibras de limpeza, vassouras ou outros acess\u00f3rios e equipamentos adequados.<\/p>\n<p data-start=\"1085\" data-end=\"1096\"><strong data-start=\"1085\" data-end=\"1096\">Remo\u00e7\u00e3o<\/strong><\/p>\n<p data-start=\"1098\" data-end=\"1184\">Enx\u00e1gue abundantemente at\u00e9 remover completamente as sujeiras e os res\u00edduos do produto.<\/p>\n<p data-start=\"1186\" data-end=\"1200\"><strong data-start=\"1186\" data-end=\"1200\">Observa\u00e7\u00e3o<\/strong><\/p>\n<p data-start=\"1202\" data-end=\"1428\" data-is-last-node=\"\" data-is-only-node=\"\">Caso necess\u00e1rio, repita a opera\u00e7\u00e3o respeitando sempre o tempo m\u00e1ximo de 5 minutos de a\u00e7\u00e3o do produto sobre a superf\u00edcie. O processo pode ser repetido v\u00e1rias vezes, desde que o tempo de a\u00e7\u00e3o n\u00e3o ultrapasse o limite recomendado.<\/p>\n<\/div>\n<\/div>\n<\/div>\n<\/div>\n<\/div>\n<\/div>\n<\/article>\n<\/div>\n<\/div>\n<div id=\"thread-bottom-container\" class=\"sticky bottom-0 group\/thread-bottom-container relative isolate z-10 w-full basis-auto has-data-has-thread-error:pt-2 has-data-has-thread-error:[box-shadow:var(--sharp-edge-bottom-shadow)] md:border-transparent md:pt-0 dark:border-white\/20 md:dark:border-transparent print:hidden content-fade single-line flex flex-col\">\n<div id=\"thread-bottom\">\n<div class=\"text-base mx-auto [--thread-content-margin:var(--thread-content-margin-xs,calc(var(--spacing)*4))] @w-sm\/main:[--thread-content-margin:var(--thread-content-margin-sm,calc(var(--spacing)*6))] @w-lg\/main:[--thread-content-margin:var(--thread-content-margin-lg,calc(var(--spacing)*16))] px-(--thread-content-margin)\">\n<div class=\"[--thread-content-max-width:40rem] @w-lg\/main:[--thread-content-max-width:48rem] mx-auto max-w-(--thread-content-max-width) flex-1 mb-[var(--thread-component-gap,1rem)]\">\n<div class=\"pointer-events-auto relative z-1 flex h-(--composer-container-height,100%) max-w-full flex-(--composer-container-flex,1) flex-col\">\n<form class=\"group\/composer w-full\" data-type=\"unified-composer\">\n<div class=\"\">\n<div class=\"bg-token-bg-primary corner-superellipse\/1.1 cursor-text overflow-clip bg-clip-padding p-2.5 contain-inline-size motion-safe:transition-colors motion-safe:duration-200 motion-safe:ease-in-out dark:bg-[#303030] grid grid-cols-[auto_1fr_auto] [grid-template-areas:'header_header_header'_'leading_primary_trailing'_'._footer_.'] group-data-expanded\/composer:[grid-template-areas:'header_header_header'_'primary_primary_primary'_'leading_footer_trailing'] shadow-short-composer\" data-composer-surface=\"true\">\n<div class=\"flex items-center gap-2 [grid-area:trailing]\">\n<div class=\"ms-auto flex items-center gap-1.5\">\n<div>\n<div class=\"relative\"><\/div>\n<\/div>\n<\/div>\n<\/div>\n<\/div>\n<\/div>\n<\/form>\n<\/div>\n<\/div>\n<\/div>\n<\/div>\n<\/div>\n<hr \/>\n<h5 class=\"no-margin\">Downloads<\/h5>\n<hr \/>\n<ul>\n<li><strong><a href=\"http:\/\/bellinzoni.net\/homecare\/downloads\/limpa-pedras.pdf\" target=\"_blank\" rel=\"noopener noreferrer\">Ficha T\u00e9cnica do Produto<\/a><\/strong><\/li>\n<li><strong><a href=\"http:\/\/bellinzoni.net\/homecare\/downloads\/fispqs\/5-Limpa%20Pedras-FISPQ-BLZ121.pdf\" target=\"_blank\" rel=\"noopener noreferrer\">Ficha de Seguran\u00e7a \u2013\u00a0FISPQ<\/a><\/strong><\/li>\n<\/ul>\n","protected":false},"excerpt":{"rendered":"<p>&nbsp;<\/p>\n<p>Detergente concentrado, ideal para limpeza de pedras sujas e encardidas. Pode ser usado em granitos, ard\u00f3sias, cer\u00e2micas r\u00fasticas, Miracema e S\u00e3o Tom\u00e9 e pedras em geral. N\u00e3o pode ser usado em m\u00e1rmores. Remove res\u00edduos de cimento, respingos de tintas, contamina\u00e7\u00e3o de limo e mofo.<\/p>\n","protected":false},"featured_media":1000170,"template":"","meta":[],"product_brand":[],"product_cat":[68],"product_tag":[],"class_list":{"0":"post-1000140","1":"product","2":"type-product","3":"status-publish","4":"has-post-thumbnail","6":"product_cat-corporate","8":"first","9":"instock","10":"virtual","11":"product-type-simple"},"_links":{"self":[{"href":"https:\/\/bellinzoni.net\/pt\/wp-json\/wp\/v2\/product\/1000140","targetHints":{"allow":["GET"]}}],"collection":[{"href":"https:\/\/bellinzoni.net\/pt\/wp-json\/wp\/v2\/product"}],"about":[{"href":"https:\/\/bellinzoni.net\/pt\/wp-json\/wp\/v2\/types\/product"}],"version-history":[{"count":4,"href":"https:\/\/bellinzoni.net\/pt\/wp-json\/wp\/v2\/product\/1000140\/revisions"}],"predecessor-version":[{"id":1002087,"href":"https:\/\/bellinzoni.net\/pt\/wp-json\/wp\/v2\/product\/1000140\/revisions\/1002087"}],"wp:featuredmedia":[{"embeddable":true,"href":"https:\/\/bellinzoni.net\/pt\/wp-json\/wp\/v2\/media\/1000170"}],"wp:attachment":[{"href":"https:\/\/bellinzoni.net\/pt\/wp-json\/wp\/v2\/media?parent=1000140"}],"wp:term":[{"taxonomy":"product_brand","embeddable":true,"href":"https:\/\/bellinzoni.net\/pt\/wp-json\/wp\/v2\/product_brand?post=1000140"},{"taxonomy":"product_cat","embeddable":true,"href":"https:\/\/bellinzoni.net\/pt\/wp-json\/wp\/v2\/product_cat?post=1000140"},{"taxonomy":"product_tag","embeddable":true,"href":"https:\/\/bellinzoni.net\/pt\/wp-json\/wp\/v2\/product_tag?post=1000140"}],"curies":[{"name":"wp","href":"https:\/\/api.w.org\/{rel}","templated":true}]}}