{"id":1000141,"date":"2026-01-28T20:32:39","date_gmt":"2026-01-28T20:32:39","guid":{"rendered":"https:\/\/bellinzoni.net\/pt\/?post_type=product&#038;p=1000141"},"modified":"2026-03-16T16:11:07","modified_gmt":"2026-03-16T16:11:07","slug":"limpa-pedras-de-piscinas","status":"publish","type":"product","link":"https:\/\/bellinzoni.net\/pt\/produto\/limpa-pedras-de-piscinas\/","title":{"rendered":"Limpa Pedras de Piscinas"},"content":{"rendered":"<div class=\"flex flex-col text-sm pb-25\">\n<article class=\"text-token-text-primary w-full focus:outline-none [--shadow-height:45px] has-data-writing-block:pointer-events-none has-data-writing-block:-mt-(--shadow-height) has-data-writing-block:pt-(--shadow-height) [&amp;:has([data-writing-block])&gt;*]:pointer-events-auto scroll-mt-[calc(var(--header-height)+min(200px,max(70px,20svh)))]\" dir=\"auto\" tabindex=\"-1\" data-turn-id=\"request-WEB:881aabdb-c9a9-414b-b169-c3efefe141d6-50\" data-testid=\"conversation-turn-102\" data-scroll-anchor=\"true\" data-turn=\"assistant\">\n<div class=\"text-base my-auto mx-auto pb-10 [--thread-content-margin:var(--thread-content-margin-xs,calc(var(--spacing)*4))] @w-sm\/main:[--thread-content-margin:var(--thread-content-margin-sm,calc(var(--spacing)*6))] @w-lg\/main:[--thread-content-margin:var(--thread-content-margin-lg,calc(var(--spacing)*16))] px-(--thread-content-margin)\">\n<div class=\"[--thread-content-max-width:40rem] @w-lg\/main:[--thread-content-max-width:48rem] mx-auto max-w-(--thread-content-max-width) flex-1 group\/turn-messages focus-visible:outline-hidden relative flex w-full min-w-0 flex-col agent-turn\" tabindex=\"-1\">\n<div class=\"flex max-w-full flex-col gap-4 grow\">\n<div class=\"min-h-8 text-message relative flex w-full flex-col items-end gap-2 text-start break-words whitespace-normal [.text-message+&amp;]:mt-1\" dir=\"auto\" data-message-author-role=\"assistant\" data-message-id=\"62852525-4156-464d-8bce-46cf0f487a82\" data-message-model-slug=\"gpt-5-3\">\n<div class=\"flex w-full flex-col gap-1 empty:hidden\">\n<div class=\"markdown prose dark:prose-invert w-full wrap-break-word dark markdown-new-styling\">\n<p data-start=\"304\" data-end=\"393\"><strong data-start=\"304\" data-end=\"317\">Descri\u00e7\u00e3o<\/strong><br data-start=\"317\" data-end=\"320\" \/>C\u00f3digo do Produto: 1 litro \u2013 000045 | 500 ml \u2013 000064 | 5 litros \u2013 000067<\/p>\n<hr data-start=\"395\" data-end=\"398\" \/>\n<p data-start=\"400\" data-end=\"536\"><strong data-start=\"400\" data-end=\"428\">Superf\u00edcies de Aplica\u00e7\u00e3o<\/strong><br data-start=\"428\" data-end=\"431\" \/>Granitos<br data-start=\"439\" data-end=\"442\" \/>Cer\u00e2micas R\u00fasticas<br data-start=\"460\" data-end=\"463\" \/>Ard\u00f3sias<br data-start=\"471\" data-end=\"474\" \/>Miracema e S\u00e3o Tom\u00e9<br data-start=\"493\" data-end=\"496\" \/>Concretos e Cimentados<br data-start=\"518\" data-end=\"521\" \/>Pedras em Geral<\/p>\n<hr data-start=\"538\" data-end=\"541\" \/>\n<p data-start=\"543\" data-end=\"564\"><strong data-start=\"543\" data-end=\"564\">Instru\u00e7\u00f5es de Uso<\/strong><\/p>\n<p data-start=\"566\" data-end=\"591\"><strong data-start=\"566\" data-end=\"591\">Prepara\u00e7\u00e3o da solu\u00e7\u00e3o<\/strong><\/p>\n<p data-start=\"593\" data-end=\"679\">O produto pode ser dilu\u00eddo conforme a necessidade e o n\u00edvel de sujidade da superf\u00edcie.<\/p>\n<p data-start=\"681\" data-end=\"705\"><strong data-start=\"681\" data-end=\"705\">Aplica\u00e7\u00e3o do produto<\/strong><\/p>\n<p data-start=\"707\" data-end=\"822\">Aplique o produto sobre a superf\u00edcie previamente umedecida, espalhando-o uniformemente por toda a \u00e1rea a ser limpa.<\/p>\n<p data-start=\"824\" data-end=\"841\"><strong data-start=\"824\" data-end=\"841\">Tempo de a\u00e7\u00e3o<\/strong><\/p>\n<p data-start=\"843\" data-end=\"933\">Deixe o produto agir por aproximadamente 5 minutos para auxiliar na remo\u00e7\u00e3o das sujidades.<\/p>\n<p data-start=\"935\" data-end=\"946\"><strong data-start=\"935\" data-end=\"946\">Limpeza<\/strong><\/p>\n<p data-start=\"948\" data-end=\"1066\">Esfregue bem o local utilizando escovas, fibras de limpeza, vassouras ou outros acess\u00f3rios e equipamentos apropriados.<\/p>\n<p data-start=\"1068\" data-end=\"1079\"><strong data-start=\"1068\" data-end=\"1079\">Remo\u00e7\u00e3o<\/strong><\/p>\n<p data-start=\"1081\" data-end=\"1167\">Enx\u00e1gue abundantemente at\u00e9 remover completamente as sujeiras e os res\u00edduos do produto.<\/p>\n<p data-start=\"1169\" data-end=\"1183\"><strong data-start=\"1169\" data-end=\"1183\">Observa\u00e7\u00e3o<\/strong><\/p>\n<p data-start=\"1185\" data-end=\"1411\" data-is-last-node=\"\" data-is-only-node=\"\">Caso necess\u00e1rio, repita a opera\u00e7\u00e3o respeitando sempre o tempo m\u00e1ximo de 5 minutos de a\u00e7\u00e3o do produto sobre a superf\u00edcie. A opera\u00e7\u00e3o pode ser repetida v\u00e1rias vezes, desde que o tempo de a\u00e7\u00e3o n\u00e3o ultrapasse o limite recomendado.<\/p>\n<\/div>\n<\/div>\n<\/div>\n<\/div>\n<\/div>\n<\/div>\n<\/article>\n<\/div>\n<hr \/>\n<h5 class=\"no-margin\">Downloads<\/h5>\n<hr \/>\n<ul>\n<li><strong><a href=\"http:\/\/bellinzoni.net\/homecare\/downloads\/limpa-pedras-de-piscinas.pdf\" target=\"_blank\" rel=\"noopener noreferrer\">Ficha T\u00e9cnica do Produto<\/a><\/strong><\/li>\n<li><strong><a href=\"http:\/\/bellinzoni.net\/homecare\/downloads\/fispqs\/6-Limpa%20Pedras%20de%20Piscinas-FISPQ-BLZ120.pdf\" target=\"_blank\" rel=\"noopener noreferrer\">Ficha de Seguran\u00e7a \u2013\u00a0FISPQ<\/a><\/strong><\/li>\n<\/ul>\n","protected":false},"excerpt":{"rendered":"<h5 class=\"no-margin\"><\/h5>\n<p>Detergente concentrado, ideal para limpeza de pedras sujas e encardidas que ficam ao redor da piscina. Pode ser usado em granitos, ard\u00f3sias, cer\u00e2micas r\u00fasticas, pedra Miracema e S\u00e3o Tom\u00e9, concretos e cimentados e pedras em geral. Remove tamb\u00e9m o limo e sujeiras impregnadas que se acumulam em sua superf\u00edcie. N\u00e3o pode ser usado em materiais polidos. Gramas e a \u00e1gua da piscina devem ser protegidas.<\/p>\n","protected":false},"featured_media":1000171,"template":"","meta":[],"product_brand":[],"product_cat":[68],"product_tag":[],"class_list":{"0":"post-1000141","1":"product","2":"type-product","3":"status-publish","4":"has-post-thumbnail","6":"product_cat-corporate","8":"first","9":"instock","10":"virtual","11":"product-type-simple"},"_links":{"self":[{"href":"https:\/\/bellinzoni.net\/pt\/wp-json\/wp\/v2\/product\/1000141","targetHints":{"allow":["GET"]}}],"collection":[{"href":"https:\/\/bellinzoni.net\/pt\/wp-json\/wp\/v2\/product"}],"about":[{"href":"https:\/\/bellinzoni.net\/pt\/wp-json\/wp\/v2\/types\/product"}],"version-history":[{"count":3,"href":"https:\/\/bellinzoni.net\/pt\/wp-json\/wp\/v2\/product\/1000141\/revisions"}],"predecessor-version":[{"id":1002085,"href":"https:\/\/bellinzoni.net\/pt\/wp-json\/wp\/v2\/product\/1000141\/revisions\/1002085"}],"wp:featuredmedia":[{"embeddable":true,"href":"https:\/\/bellinzoni.net\/pt\/wp-json\/wp\/v2\/media\/1000171"}],"wp:attachment":[{"href":"https:\/\/bellinzoni.net\/pt\/wp-json\/wp\/v2\/media?parent=1000141"}],"wp:term":[{"taxonomy":"product_brand","embeddable":true,"href":"https:\/\/bellinzoni.net\/pt\/wp-json\/wp\/v2\/product_brand?post=1000141"},{"taxonomy":"product_cat","embeddable":true,"href":"https:\/\/bellinzoni.net\/pt\/wp-json\/wp\/v2\/product_cat?post=1000141"},{"taxonomy":"product_tag","embeddable":true,"href":"https:\/\/bellinzoni.net\/pt\/wp-json\/wp\/v2\/product_tag?post=1000141"}],"curies":[{"name":"wp","href":"https:\/\/api.w.org\/{rel}","templated":true}]}}