{"id":1000142,"date":"2026-01-28T20:32:39","date_gmt":"2026-01-28T20:32:39","guid":{"rendered":"https:\/\/bellinzoni.net\/pt\/?post_type=product&#038;p=1000142"},"modified":"2026-03-16T16:07:59","modified_gmt":"2026-03-16T16:07:59","slug":"limpa-porcelanato-dia-a-dia","status":"publish","type":"product","link":"https:\/\/bellinzoni.net\/pt\/produto\/limpa-porcelanato-dia-a-dia\/","title":{"rendered":"Limpa Porcelanato Dia a Dia"},"content":{"rendered":"<p data-start=\"333\" data-end=\"422\"><strong data-start=\"333\" data-end=\"346\">Descri\u00e7\u00e3o<\/strong><br data-start=\"346\" data-end=\"349\" \/>C\u00f3digo do Produto: 1 litro \u2013 000047 | 500 ml \u2013 000085 | 5 litros \u2013 000087<\/p>\n<hr data-start=\"424\" data-end=\"427\" \/>\n<p data-start=\"429\" data-end=\"544\"><strong data-start=\"429\" data-end=\"457\">Superf\u00edcies de Aplica\u00e7\u00e3o<\/strong><br data-start=\"457\" data-end=\"460\" \/>Porcelanato<br data-start=\"471\" data-end=\"474\" \/>Cer\u00e2mica<br data-start=\"482\" data-end=\"485\" \/>M\u00e1rmores<br data-start=\"493\" data-end=\"496\" \/>Granitos<br data-start=\"504\" data-end=\"507\" \/>Azulejos<br data-start=\"515\" data-end=\"518\" \/>Ard\u00f3sias<br data-start=\"526\" data-end=\"529\" \/>Pedras em Geral<\/p>\n<hr data-start=\"546\" data-end=\"549\" \/>\n<p data-start=\"551\" data-end=\"572\"><strong data-start=\"551\" data-end=\"572\">Instru\u00e7\u00f5es de Uso<\/strong><\/p>\n<p data-start=\"574\" data-end=\"599\"><strong data-start=\"574\" data-end=\"599\">Prepara\u00e7\u00e3o da solu\u00e7\u00e3o<\/strong><\/p>\n<p data-start=\"601\" data-end=\"709\">O Limpa Porcelanato \u2013 Dia a Dia pode ser dilu\u00eddo conforme a necessidade e o n\u00edvel de sujidade da superf\u00edcie.<\/p>\n<p data-start=\"711\" data-end=\"735\"><strong data-start=\"711\" data-end=\"735\">Aplica\u00e7\u00e3o do produto<\/strong><\/p>\n<p data-start=\"737\" data-end=\"820\">Em \u00e1reas n\u00e3o lav\u00e1veis, espalhe o produto sobre a superf\u00edcie com aux\u00edlio de um pano.<\/p>\n<p data-start=\"822\" data-end=\"944\">Em \u00e1reas lav\u00e1veis, aplique o produto sobre a superf\u00edcie previamente umedecida, espalhando-o uniformemente por toda a \u00e1rea.<\/p>\n<p data-start=\"946\" data-end=\"963\"><strong data-start=\"946\" data-end=\"963\">Tempo de a\u00e7\u00e3o<\/strong><\/p>\n<p data-start=\"965\" data-end=\"1055\">Deixe o produto agir por aproximadamente 5 minutos para auxiliar na remo\u00e7\u00e3o das sujidades.<\/p>\n<p data-start=\"1057\" data-end=\"1068\"><strong data-start=\"1057\" data-end=\"1068\">Limpeza<\/strong><\/p>\n<p data-start=\"1070\" data-end=\"1194\">Esfregue bem a superf\u00edcie utilizando escovas de nylon, fibras de limpeza macias, vassouras macias ou equipamentos adequados.<\/p>\n<p data-start=\"1196\" data-end=\"1313\">Aten\u00e7\u00e3o: n\u00e3o utilize utens\u00edlios abrasivos que possam danificar a superf\u00edcie, como o lado verde da esponja de cozinha.<\/p>\n<p data-start=\"1315\" data-end=\"1326\"><strong data-start=\"1315\" data-end=\"1326\">Remo\u00e7\u00e3o<\/strong><\/p>\n<p data-start=\"1328\" data-end=\"1469\">Enx\u00e1gue bem at\u00e9 remover completamente as sujeiras e os res\u00edduos do produto. Em \u00e1reas n\u00e3o lav\u00e1veis, finalize a limpeza com pano \u00famido em \u00e1gua.<\/p>\n<p data-start=\"1471\" data-end=\"1485\"><strong data-start=\"1471\" data-end=\"1485\">Observa\u00e7\u00e3o<\/strong><\/p>\n<p data-start=\"1487\" data-end=\"1713\" data-is-last-node=\"\" data-is-only-node=\"\">Caso necess\u00e1rio, repita o processo respeitando sempre o tempo m\u00e1ximo de 5 minutos de a\u00e7\u00e3o do produto sobre a superf\u00edcie. A opera\u00e7\u00e3o pode ser repetida v\u00e1rias vezes, desde que o tempo de a\u00e7\u00e3o n\u00e3o ultrapasse o limite recomendado.<\/p>\n<hr \/>\n<h5 class=\"no-margin\">Downloads<\/h5>\n<hr \/>\n<ul>\n<li><strong><a href=\"http:\/\/bellinzoni.net\/homecare\/downloads\/limpa-porcelanato-dia-a-dia.pdf\" target=\"_blank\" rel=\"noopener noreferrer\">Ficha T\u00e9cnica do Produto<\/a><\/strong><\/li>\n<li><strong><a href=\"http:\/\/bellinzoni.net\/homecare\/downloads\/fispqs\/1-Limpa%20Porcelanato%20Dia%20a%20Dia-FISPQ-BLZ122.pdf\" target=\"_blank\" rel=\"noopener noreferrer\">Ficha de Seguran\u00e7a \u2013\u00a0FISPQ<\/a><\/strong><\/li>\n<\/ul>\n","protected":false},"excerpt":{"rendered":"<h5 class=\"no-margin\"><\/h5>\n<p>Detergente concentrado para uso di\u00e1rio ou conforme a necessidade em superf\u00edcies de porcelanato e cer\u00e2mica. Pode ser usado tamb\u00e9m em m\u00e1rmores, granitos, azulejos, ard\u00f3sias e pedras em geral. Pode ser usado nos pisos, mesas, bancadas e peitoris, sem restri\u00e7\u00f5es. N\u00e3o remove ceras. N\u00e3o agride a superf\u00edcie. A sujeira vai e o brilho fica!<\/p>\n","protected":false},"featured_media":1001829,"template":"","meta":[],"product_brand":[],"product_cat":[68],"product_tag":[],"class_list":{"0":"post-1000142","1":"product","2":"type-product","3":"status-publish","4":"has-post-thumbnail","6":"product_cat-corporate","8":"first","9":"instock","10":"virtual","11":"product-type-simple"},"_links":{"self":[{"href":"https:\/\/bellinzoni.net\/pt\/wp-json\/wp\/v2\/product\/1000142","targetHints":{"allow":["GET"]}}],"collection":[{"href":"https:\/\/bellinzoni.net\/pt\/wp-json\/wp\/v2\/product"}],"about":[{"href":"https:\/\/bellinzoni.net\/pt\/wp-json\/wp\/v2\/types\/product"}],"version-history":[{"count":3,"href":"https:\/\/bellinzoni.net\/pt\/wp-json\/wp\/v2\/product\/1000142\/revisions"}],"predecessor-version":[{"id":1002084,"href":"https:\/\/bellinzoni.net\/pt\/wp-json\/wp\/v2\/product\/1000142\/revisions\/1002084"}],"wp:featuredmedia":[{"embeddable":true,"href":"https:\/\/bellinzoni.net\/pt\/wp-json\/wp\/v2\/media\/1001829"}],"wp:attachment":[{"href":"https:\/\/bellinzoni.net\/pt\/wp-json\/wp\/v2\/media?parent=1000142"}],"wp:term":[{"taxonomy":"product_brand","embeddable":true,"href":"https:\/\/bellinzoni.net\/pt\/wp-json\/wp\/v2\/product_brand?post=1000142"},{"taxonomy":"product_cat","embeddable":true,"href":"https:\/\/bellinzoni.net\/pt\/wp-json\/wp\/v2\/product_cat?post=1000142"},{"taxonomy":"product_tag","embeddable":true,"href":"https:\/\/bellinzoni.net\/pt\/wp-json\/wp\/v2\/product_tag?post=1000142"}],"curies":[{"name":"wp","href":"https:\/\/api.w.org\/{rel}","templated":true}]}}