{"id":1000144,"date":"2026-01-28T20:32:39","date_gmt":"2026-01-28T20:32:39","guid":{"rendered":"https:\/\/bellinzoni.net\/pt\/?post_type=product&#038;p=1000144"},"modified":"2026-01-28T20:32:48","modified_gmt":"2026-01-28T20:32:48","slug":"limpa-rejuntes-sujos-e-encardidos","status":"publish","type":"product","link":"https:\/\/bellinzoni.net\/pt\/produto\/limpa-rejuntes-sujos-e-encardidos\/","title":{"rendered":"Limpa Rejuntes Sujos e Encardidos"},"content":{"rendered":"<p class=\"no-margin\">C\u00f3digo do Produto: 1 litro \u2013 000049 \u00a0| \u00a0500 ml \u2013 000093 \u00a0| \u00a05 litros \u2013 000095<\/p>\n<hr \/>\n<h5 class=\"no-margin\">Superf\u00edcies de Aplica\u00e7\u00e3o<\/h5>\n<hr \/>\n<ul>\n<li>Pastilhas<\/li>\n<li>Porcelanatos<\/li>\n<li>Cer\u00e2micas<\/li>\n<li>M\u00e1rmores<\/li>\n<li>Granitos<\/li>\n<li>Ard\u00f3sias<\/li>\n<li>Pedras em Geral<\/li>\n<\/ul>\n<hr \/>\n<h5 class=\"no-margin\">Finalidade<\/h5>\n<hr \/>\n<p>Detergente concentrado para limpeza leve ou pesada de rejuntes. Remove sujeiras e encardimentos com excelente resultado em rejuntes comuns, selados ou coloridos. Pode ser usado no dia a dia para preven\u00e7\u00e3o de surgimento de mofo e fungos. Pode ser usado em qualquer superf\u00edcie tais como pastilhas, porcelanatos, cer\u00e2micas, m\u00e1rmores, granitos, ard\u00f3sias e pedras em geral, pois n\u00e3o agride a superf\u00edcie. Pode ser usado tamb\u00e9m na limpeza da superf\u00edcie do material. Remove ceras comuns, velhas e acr\u00edlicas.<\/p>\n<hr \/>\n<h5 class=\"no-margin\">Instru\u00e7\u00f5es de Uso<\/h5>\n<hr \/>\n<p>Limpa Rejuntes Sujos e Encardidos pode ser dilu\u00eddo conforme a necessidade ( ver indica\u00e7\u00e3o abaixo ). Espalhe o produto sobre a superf\u00edcie, deixe agir durante 5 minutos, esfregue bem o local com aux\u00edlio de escovas de nylon, fibras de limpeza macias, vassouras macias ou outro acess\u00f3rio e equipamento dispon\u00edvel para execu\u00e7\u00e3o da limpeza com o produto ( aten\u00e7\u00e3o: n\u00e3o utilize utens\u00edlios que possam agredir a superf\u00edcie como por exemplo esponja de cozinha do lado verde ). Esfregue \u00a0e enx\u00e1gue bem at\u00e9 que se remova toda a sujeira e impurezas do material. Caso seja necess\u00e1rio, repita opera\u00e7\u00e3o respeitando os 5 minutos de molho para o produto agir. Pode-se repetir a opera\u00e7\u00e3o v\u00e1rias vezes, mas n\u00e3o ultrapasse o tempo de 5 minutos de molho na superf\u00edcie.<\/p>\n<hr \/>\n<h5 class=\"no-margin\">Downloads<\/h5>\n<hr \/>\n<ul>\n<li><strong><a href=\"http:\/\/bellinzoni.net\/homecare\/downloads\/limpa-rejuntes-sujos-e-encardidos.pdf\" target=\"_blank\" rel=\"noopener noreferrer\">Ficha T\u00e9cnica do Produto<\/a><\/strong><\/li>\n<li><strong><a href=\"http:\/\/bellinzoni.net\/homecare\/downloads\/fispqs\/10-Limpa%20Rejuntes%20Sujos%20e%20Encardidos-FISPQ-BLZ115.pdf\" target=\"_blank\" rel=\"noopener noreferrer\">Ficha de Seguran\u00e7a \u2013\u00a0FISPQ<\/a><\/strong><\/li>\n<\/ul>\n","protected":false},"excerpt":{"rendered":"<hr \/>\n<h5 class=\"no-margin\">Superf\u00edcies de Aplica\u00e7\u00e3o<\/h5>\n<hr \/>\n<ul>\n<li>Pastilhas<\/li>\n<li>Porcelanatos<\/li>\n<li>Cer\u00e2micas<\/li>\n<li>M\u00e1rmores<\/li>\n<li>Granitos<\/li>\n<li>Ard\u00f3sias<\/li>\n<li>Pedras em Geral<\/li>\n<\/ul>\n<hr \/>\n<h5 class=\"no-margin\">Finalidade<\/h5>\n<hr \/>\n<p>Detergente concentrado para limpeza leve ou pesada de rejuntes. Remove sujeiras e encardimentos com excelente resultado em rejuntes comuns, selados ou coloridos. Pode ser usado no dia a dia para preven\u00e7\u00e3o de surgimento de mofo e fungos. Pode ser usado em qualquer superf\u00edcie tais como pastilhas, porcelanatos, cer\u00e2micas, m\u00e1rmores, granitos, ard\u00f3sias e pedras em geral, pois n\u00e3o agride a superf\u00edcie. Pode ser usado tamb\u00e9m na limpeza da superf\u00edcie do material. Remove ceras comuns, velhas e acr\u00edlicas.<\/p>\n","protected":false},"featured_media":1000174,"template":"","meta":[],"product_brand":[],"product_cat":[23],"product_tag":[],"class_list":{"0":"post-1000144","1":"product","2":"type-product","3":"status-publish","4":"has-post-thumbnail","6":"product_cat-sem-categoria","8":"first","9":"instock","10":"virtual","11":"product-type-simple"},"_links":{"self":[{"href":"https:\/\/bellinzoni.net\/pt\/wp-json\/wp\/v2\/product\/1000144","targetHints":{"allow":["GET"]}}],"collection":[{"href":"https:\/\/bellinzoni.net\/pt\/wp-json\/wp\/v2\/product"}],"about":[{"href":"https:\/\/bellinzoni.net\/pt\/wp-json\/wp\/v2\/types\/product"}],"version-history":[{"count":0,"href":"https:\/\/bellinzoni.net\/pt\/wp-json\/wp\/v2\/product\/1000144\/revisions"}],"wp:featuredmedia":[{"embeddable":true,"href":"https:\/\/bellinzoni.net\/pt\/wp-json\/wp\/v2\/media\/1000174"}],"wp:attachment":[{"href":"https:\/\/bellinzoni.net\/pt\/wp-json\/wp\/v2\/media?parent=1000144"}],"wp:term":[{"taxonomy":"product_brand","embeddable":true,"href":"https:\/\/bellinzoni.net\/pt\/wp-json\/wp\/v2\/product_brand?post=1000144"},{"taxonomy":"product_cat","embeddable":true,"href":"https:\/\/bellinzoni.net\/pt\/wp-json\/wp\/v2\/product_cat?post=1000144"},{"taxonomy":"product_tag","embeddable":true,"href":"https:\/\/bellinzoni.net\/pt\/wp-json\/wp\/v2\/product_tag?post=1000144"}],"curies":[{"name":"wp","href":"https:\/\/api.w.org\/{rel}","templated":true}]}}