{"id":1000146,"date":"2026-01-28T20:32:39","date_gmt":"2026-01-28T20:32:39","guid":{"rendered":"https:\/\/bellinzoni.net\/pt\/?post_type=product&#038;p=1000146"},"modified":"2026-03-27T14:53:44","modified_gmt":"2026-03-27T14:53:44","slug":"renovador-de-marmores-e-granitos-cremoso","status":"publish","type":"product","link":"https:\/\/bellinzoni.net\/pt\/produto\/renovador-de-marmores-e-granitos-cremoso\/","title":{"rendered":"Renovador de M\u00e1rmores e Granitos Cremoso"},"content":{"rendered":"<p class=\"no-margin\">C\u00f3digo do Produto: 300 ml \u2013 000121<\/p>\n<hr \/>\n<h5 class=\"no-margin\">Superf\u00edcies de Aplica\u00e7\u00e3o<\/h5>\n<hr \/>\n<ul>\n<li>M\u00e1rmores<\/li>\n<li>Granitos<\/li>\n<li>Porcelanatos<\/li>\n<li>Cer\u00e2micas<\/li>\n<li>Pedras Lisas em Geral<\/li>\n<\/ul>\n<hr \/>\n<h5 class=\"no-margin\">Instru\u00e7\u00f5es de Uso<\/h5>\n<hr \/>\n<p data-start=\"850\" data-end=\"878\"><strong data-start=\"850\" data-end=\"878\">Prepara\u00e7\u00e3o da superf\u00edcie<\/strong><\/p>\n<ul data-start=\"880\" data-end=\"1051\">\n<li data-section-id=\"1f26pnw\" data-start=\"880\" data-end=\"971\">\n<p data-start=\"882\" data-end=\"971\">Remover poeiras e sujeiras soltas da superf\u00edcie por meio de varri\u00e7\u00e3o ou limpeza pr\u00e9via.<\/p>\n<\/li>\n<li data-section-id=\"t8hffn\" data-start=\"972\" data-end=\"1051\">\n<p data-start=\"974\" data-end=\"1051\">Certificar-se de que a superf\u00edcie esteja limpa antes da aplica\u00e7\u00e3o do produto.<\/p>\n<\/li>\n<\/ul>\n<p data-start=\"1053\" data-end=\"1077\"><strong data-start=\"1053\" data-end=\"1077\">Aplica\u00e7\u00e3o do produto<\/strong><\/p>\n<ul data-start=\"1079\" data-end=\"1321\">\n<li data-section-id=\"1v60hdg\" data-start=\"1079\" data-end=\"1136\">\n<p data-start=\"1081\" data-end=\"1136\">O produto \u00e9 pronto para uso e n\u00e3o necessita dilui\u00e7\u00e3o.<\/p>\n<\/li>\n<li data-section-id=\"1x0wotd\" data-start=\"1137\" data-end=\"1245\">\n<p data-start=\"1139\" data-end=\"1245\">Espalhar o Renovador de M\u00e1rmores e Granitos Cremoso sobre a superf\u00edcie utilizando um pano limpo e macio.<\/p>\n<\/li>\n<li data-section-id=\"162jta5\" data-start=\"1246\" data-end=\"1321\">\n<p data-start=\"1248\" data-end=\"1321\">Distribuir o produto de maneira uniforme sobre toda a \u00e1rea a ser tratada.<\/p>\n<\/li>\n<\/ul>\n<p data-start=\"1323\" data-end=\"1340\"><strong data-start=\"1323\" data-end=\"1340\">Tempo de a\u00e7\u00e3o<\/strong><\/p>\n<ul data-start=\"1342\" data-end=\"1433\">\n<li data-section-id=\"1ryoplc\" data-start=\"1342\" data-end=\"1433\">\n<p data-start=\"1344\" data-end=\"1433\">Ap\u00f3s a aplica\u00e7\u00e3o, deixar o produto agir sobre a superf\u00edcie por aproximadamente 5 minutos.<\/p>\n<\/li>\n<\/ul>\n<p data-start=\"1435\" data-end=\"1459\"><strong data-start=\"1435\" data-end=\"1459\">Remo\u00e7\u00e3o e acabamento<\/strong><\/p>\n<ul data-start=\"1461\" data-end=\"1617\">\n<li data-section-id=\"qpsnya\" data-start=\"1461\" data-end=\"1617\">\n<p data-start=\"1463\" data-end=\"1617\">Ap\u00f3s o tempo de a\u00e7\u00e3o, proceder \u00e0 remo\u00e7\u00e3o do produto utilizando pano seco ou flanela limpa, realizando movimentos uniformes at\u00e9 alcan\u00e7ar o brilho desejado.<\/p>\n<\/li>\n<\/ul>\n<p data-start=\"1619\" data-end=\"1633\"><strong data-start=\"1619\" data-end=\"1633\">Manuten\u00e7\u00e3o<\/strong><\/p>\n<ul data-start=\"1635\" data-end=\"1916\">\n<li data-section-id=\"k7e4k\" data-start=\"1635\" data-end=\"1751\">\n<p data-start=\"1637\" data-end=\"1751\">Para limpeza di\u00e1ria sem remover o efeito do produto, recomenda-se utilizar o detergente Limpa M\u00e1rmore Dia a Dia.<\/p>\n<\/li>\n<li data-section-id=\"1apx2lr\" data-start=\"1752\" data-end=\"1916\">\n<p data-start=\"1754\" data-end=\"1916\">Periodicamente, realizar a remo\u00e7\u00e3o completa do Renovador de M\u00e1rmore utilizando o detergente Limpa M\u00e1rmore Limpeza Pesada, reaplicando o produto quando necess\u00e1rio.<\/p>\n<\/li>\n<\/ul>\n<p data-start=\"1918\" data-end=\"1932\"><strong data-start=\"1918\" data-end=\"1932\">Observa\u00e7\u00e3o<\/strong><\/p>\n<ul data-start=\"1934\" data-end=\"2334\">\n<li data-section-id=\"unystc\" data-start=\"1934\" data-end=\"2081\">\n<p data-start=\"1936\" data-end=\"2081\">Para superf\u00edcies muito foscas, \u00e1speras ou queimadas por ataque qu\u00edmico, recomenda-se realizar polimento mec\u00e2nico antes da aplica\u00e7\u00e3o do produto.<\/p>\n<\/li>\n<li data-section-id=\"1fcy0ym\" data-start=\"2082\" data-end=\"2249\">\n<p data-start=\"2084\" data-end=\"2249\">Em superf\u00edcies emba\u00e7adas por excesso de cera ou com cera antiga, \u00e9 necess\u00e1rio remover previamente os res\u00edduos utilizando o detergente Limpa M\u00e1rmore Limpeza Pesada.<\/p>\n<\/li>\n<li data-section-id=\"ecwaxg\" data-start=\"2250\" data-end=\"2334\">\n<p data-start=\"2252\" data-end=\"2334\">Recomenda-se sempre realizar um teste em pequena \u00e1rea antes da aplica\u00e7\u00e3o completa.<\/p>\n<\/li>\n<\/ul>\n<hr \/>\n<h5 class=\"no-margin\">Downloads<\/h5>\n<hr \/>\n<ul>\n<li><strong><a href=\"http:\/\/bellinzoni.net\/homecare\/downloads\/renovador-de-marmore-e-granito-cremoso.pdf\" target=\"_blank\" rel=\"noopener noreferrer\">Ficha T\u00e9cnica do Produto<\/a><\/strong><\/li>\n<li><strong><a href=\"http:\/\/bellinzoni.net\/homecare\/downloads\/fispqs\/14-Renovador%20de%20M%c3%a1rmore%20Cremoso-FISPQ-BLZ109.pdf\" target=\"_blank\" rel=\"noopener noreferrer\">Ficha de Seguran\u00e7a \u2013\u00a0FISPQ<\/a><\/strong><\/li>\n<\/ul>\n","protected":false},"excerpt":{"rendered":"<h5 class=\"no-margin\"><\/h5>\n<p>Produto cremoso ideal para dar brilho em m\u00e1rmores e granitos. Pode ser usado em bancadas, mesas, peitoris, est\u00e1tuas e paredes. Pode ser usado em pedras lisas em geral. Pode ser usado na manuten\u00e7\u00e3o de brilho de materiais novos e na renova\u00e7\u00e3o de brilho de materiais usados. N\u00e3o forma excesso. Mant\u00e9m o brilho do material e ajuda na prote\u00e7\u00e3o contra o desgaste do dia a dia. Para material muito fosco, \u00e1spero ou queimado por ataque qu\u00edmico, \u00e9 necess\u00e1rio polimento mec\u00e2nico antes da aplica\u00e7\u00e3o do Renovador de M\u00e1rmore. Para material emba\u00e7ado por excesso de cera ou com cera velha, \u00e9 necess\u00e1rio remov\u00ea-la primeiro com o detergente Limpa M\u00e1rmore Limpeza Pesada.<\/p>\n","protected":false},"featured_media":1002461,"template":"","meta":[],"product_brand":[],"product_cat":[68,74],"product_tag":[],"class_list":{"0":"post-1000146","1":"product","2":"type-product","3":"status-publish","4":"has-post-thumbnail","6":"product_cat-corporate","7":"product_cat-profissional","9":"first","10":"instock","11":"virtual","12":"product-type-simple"},"_links":{"self":[{"href":"https:\/\/bellinzoni.net\/pt\/wp-json\/wp\/v2\/product\/1000146","targetHints":{"allow":["GET"]}}],"collection":[{"href":"https:\/\/bellinzoni.net\/pt\/wp-json\/wp\/v2\/product"}],"about":[{"href":"https:\/\/bellinzoni.net\/pt\/wp-json\/wp\/v2\/types\/product"}],"version-history":[{"count":4,"href":"https:\/\/bellinzoni.net\/pt\/wp-json\/wp\/v2\/product\/1000146\/revisions"}],"predecessor-version":[{"id":1002043,"href":"https:\/\/bellinzoni.net\/pt\/wp-json\/wp\/v2\/product\/1000146\/revisions\/1002043"}],"wp:featuredmedia":[{"embeddable":true,"href":"https:\/\/bellinzoni.net\/pt\/wp-json\/wp\/v2\/media\/1002461"}],"wp:attachment":[{"href":"https:\/\/bellinzoni.net\/pt\/wp-json\/wp\/v2\/media?parent=1000146"}],"wp:term":[{"taxonomy":"product_brand","embeddable":true,"href":"https:\/\/bellinzoni.net\/pt\/wp-json\/wp\/v2\/product_brand?post=1000146"},{"taxonomy":"product_cat","embeddable":true,"href":"https:\/\/bellinzoni.net\/pt\/wp-json\/wp\/v2\/product_cat?post=1000146"},{"taxonomy":"product_tag","embeddable":true,"href":"https:\/\/bellinzoni.net\/pt\/wp-json\/wp\/v2\/product_tag?post=1000146"}],"curies":[{"name":"wp","href":"https:\/\/api.w.org\/{rel}","templated":true}]}}