{"id":1000147,"date":"2026-01-28T20:32:39","date_gmt":"2026-01-28T20:32:39","guid":{"rendered":"https:\/\/bellinzoni.net\/pt\/?post_type=product&#038;p=1000147"},"modified":"2026-03-16T16:04:09","modified_gmt":"2026-03-16T16:04:09","slug":"pos-obra-alcalino","status":"publish","type":"product","link":"https:\/\/bellinzoni.net\/pt\/produto\/pos-obra-alcalino\/","title":{"rendered":"P\u00f3s Obra Alcalino"},"content":{"rendered":"<div class=\"flex flex-col text-sm pb-25\">\n<article class=\"text-token-text-primary w-full focus:outline-none [--shadow-height:45px] has-data-writing-block:pointer-events-none has-data-writing-block:-mt-(--shadow-height) has-data-writing-block:pt-(--shadow-height) [&amp;:has([data-writing-block])&gt;*]:pointer-events-auto scroll-mt-[calc(var(--header-height)+min(200px,max(70px,20svh)))]\" dir=\"auto\" tabindex=\"-1\" data-turn-id=\"request-WEB:881aabdb-c9a9-414b-b169-c3efefe141d6-47\" data-testid=\"conversation-turn-96\" data-scroll-anchor=\"true\" data-turn=\"assistant\">\n<div class=\"text-base my-auto mx-auto pb-10 [--thread-content-margin:var(--thread-content-margin-xs,calc(var(--spacing)*4))] @w-sm\/main:[--thread-content-margin:var(--thread-content-margin-sm,calc(var(--spacing)*6))] @w-lg\/main:[--thread-content-margin:var(--thread-content-margin-lg,calc(var(--spacing)*16))] px-(--thread-content-margin)\">\n<div class=\"[--thread-content-max-width:40rem] @w-lg\/main:[--thread-content-max-width:48rem] mx-auto max-w-(--thread-content-max-width) flex-1 group\/turn-messages focus-visible:outline-hidden relative flex w-full min-w-0 flex-col agent-turn\" tabindex=\"-1\">\n<div class=\"flex max-w-full flex-col gap-4 grow\">\n<div class=\"min-h-8 text-message relative flex w-full flex-col items-end gap-2 text-start break-words whitespace-normal [.text-message+&amp;]:mt-1\" dir=\"auto\" data-message-author-role=\"assistant\" data-message-id=\"8cfb65f7-1bb6-4770-8a6d-2f0e8e3e65dc\" data-message-model-slug=\"gpt-5-3\">\n<div class=\"flex w-full flex-col gap-1 empty:hidden\">\n<div class=\"markdown prose dark:prose-invert w-full wrap-break-word dark markdown-new-styling\">\n<p data-start=\"362\" data-end=\"451\"><strong data-start=\"362\" data-end=\"375\">Descri\u00e7\u00e3o<\/strong><br data-start=\"375\" data-end=\"378\" \/>C\u00f3digo do Produto: 1 litro \u2013 000050 | 500 ml \u2013 000098 | 5 litros \u2013 000101<\/p>\n<hr data-start=\"453\" data-end=\"456\" \/>\n<p data-start=\"458\" data-end=\"576\"><strong data-start=\"458\" data-end=\"486\">Superf\u00edcies de Aplica\u00e7\u00e3o<\/strong><br data-start=\"486\" data-end=\"489\" \/>Porcelanatos<br data-start=\"501\" data-end=\"504\" \/>Granitos<br data-start=\"512\" data-end=\"515\" \/>M\u00e1rmores<br data-start=\"523\" data-end=\"526\" \/>Cer\u00e2micas<br data-start=\"535\" data-end=\"538\" \/>Azulejos<br data-start=\"546\" data-end=\"549\" \/>Pastilhas<br data-start=\"558\" data-end=\"561\" \/>Pedras em Geral<\/p>\n<hr data-start=\"578\" data-end=\"581\" \/>\n<p data-start=\"583\" data-end=\"604\"><strong data-start=\"583\" data-end=\"604\">Instru\u00e7\u00f5es de Uso<\/strong><\/p>\n<p data-start=\"606\" data-end=\"631\"><strong data-start=\"606\" data-end=\"631\">Prepara\u00e7\u00e3o da solu\u00e7\u00e3o<\/strong><\/p>\n<p data-start=\"633\" data-end=\"719\">O produto pode ser dilu\u00eddo conforme a necessidade e o n\u00edvel de sujidade da superf\u00edcie.<\/p>\n<p data-start=\"721\" data-end=\"745\"><strong data-start=\"721\" data-end=\"745\">Aplica\u00e7\u00e3o do produto<\/strong><\/p>\n<p data-start=\"747\" data-end=\"830\">Em \u00e1reas n\u00e3o lav\u00e1veis, espalhe o produto sobre a superf\u00edcie com aux\u00edlio de um pano.<\/p>\n<p data-start=\"832\" data-end=\"938\">Em \u00e1reas lav\u00e1veis, aplique o produto sobre a superf\u00edcie previamente umedecida, espalhando-o uniformemente.<\/p>\n<p data-start=\"940\" data-end=\"957\"><strong data-start=\"940\" data-end=\"957\">Tempo de a\u00e7\u00e3o<\/strong><\/p>\n<p data-start=\"959\" data-end=\"1049\">Deixe o produto agir por aproximadamente 5 minutos para auxiliar na remo\u00e7\u00e3o das sujidades.<\/p>\n<p data-start=\"1051\" data-end=\"1062\"><strong data-start=\"1051\" data-end=\"1062\">Limpeza<\/strong><\/p>\n<p data-start=\"1064\" data-end=\"1192\">Esfregue bem o local utilizando escovas de nylon, fibras de limpeza macias, vassouras macias ou outros equipamentos apropriados.<\/p>\n<p data-start=\"1194\" data-end=\"1311\">Aten\u00e7\u00e3o: n\u00e3o utilize utens\u00edlios abrasivos que possam danificar a superf\u00edcie, como o lado verde da esponja de cozinha.<\/p>\n<p data-start=\"1313\" data-end=\"1324\"><strong data-start=\"1313\" data-end=\"1324\">Remo\u00e7\u00e3o<\/strong><\/p>\n<p data-start=\"1326\" data-end=\"1467\">Enx\u00e1gue bem at\u00e9 remover completamente as sujeiras e os res\u00edduos do produto. Em \u00e1reas n\u00e3o lav\u00e1veis, finalize a limpeza com pano \u00famido em \u00e1gua.<\/p>\n<p data-start=\"1469\" data-end=\"1483\"><strong data-start=\"1469\" data-end=\"1483\">Observa\u00e7\u00e3o<\/strong><\/p>\n<p data-start=\"1485\" data-end=\"1711\" data-is-last-node=\"\" data-is-only-node=\"\">Caso necess\u00e1rio, repita o processo respeitando sempre o tempo m\u00e1ximo de 5 minutos de a\u00e7\u00e3o do produto sobre a superf\u00edcie. A opera\u00e7\u00e3o pode ser repetida v\u00e1rias vezes, desde que o tempo de a\u00e7\u00e3o n\u00e3o ultrapasse o limite recomendado.<\/p>\n<\/div>\n<\/div>\n<\/div>\n<\/div>\n<\/div>\n<\/div>\n<\/article>\n<\/div>\n<hr \/>\n<h5 class=\"no-margin\">Downloads<\/h5>\n<hr \/>\n<ul>\n<li><strong><a href=\"http:\/\/bellinzoni.net\/homecare\/downloads\/pos-obra.pdf\" target=\"_blank\" rel=\"noopener noreferrer\">Ficha T\u00e9cnica do Produto<\/a><\/strong><\/li>\n<li><strong><a href=\"http:\/\/bellinzoni.net\/homecare\/downloads\/fispqs\/9-P%c3%b3s%20Obra-FISPQ-BLZ112.pdf\" target=\"_blank\" rel=\"noopener noreferrer\">Ficha de Seguran\u00e7a \u2013\u00a0FISPQ<\/a><\/strong><\/li>\n<\/ul>\n","protected":false},"excerpt":{"rendered":"<p>&nbsp;<\/p>\n<p>Detergente concentrado com forte poder de limpeza para todos os tipos de pedras. Pode ser usado tamb\u00e9m em porcelanatos, m\u00e1rmores, granitos, cer\u00e2micas, azulejos e pastilhas. N\u00e3o agride a superf\u00edcie do material. Remove contamina\u00e7\u00f5es res\u00edduos de obra como gesso, respingos de tintas, cimento e sujeiras impregnadas sem agredir o material.<\/p>\n","protected":false},"featured_media":1001824,"template":"","meta":[],"product_brand":[],"product_cat":[68],"product_tag":[],"class_list":{"0":"post-1000147","1":"product","2":"type-product","3":"status-publish","4":"has-post-thumbnail","6":"product_cat-corporate","8":"first","9":"instock","10":"virtual","11":"product-type-simple"},"_links":{"self":[{"href":"https:\/\/bellinzoni.net\/pt\/wp-json\/wp\/v2\/product\/1000147","targetHints":{"allow":["GET"]}}],"collection":[{"href":"https:\/\/bellinzoni.net\/pt\/wp-json\/wp\/v2\/product"}],"about":[{"href":"https:\/\/bellinzoni.net\/pt\/wp-json\/wp\/v2\/types\/product"}],"version-history":[{"count":3,"href":"https:\/\/bellinzoni.net\/pt\/wp-json\/wp\/v2\/product\/1000147\/revisions"}],"predecessor-version":[{"id":1002081,"href":"https:\/\/bellinzoni.net\/pt\/wp-json\/wp\/v2\/product\/1000147\/revisions\/1002081"}],"wp:featuredmedia":[{"embeddable":true,"href":"https:\/\/bellinzoni.net\/pt\/wp-json\/wp\/v2\/media\/1001824"}],"wp:attachment":[{"href":"https:\/\/bellinzoni.net\/pt\/wp-json\/wp\/v2\/media?parent=1000147"}],"wp:term":[{"taxonomy":"product_brand","embeddable":true,"href":"https:\/\/bellinzoni.net\/pt\/wp-json\/wp\/v2\/product_brand?post=1000147"},{"taxonomy":"product_cat","embeddable":true,"href":"https:\/\/bellinzoni.net\/pt\/wp-json\/wp\/v2\/product_cat?post=1000147"},{"taxonomy":"product_tag","embeddable":true,"href":"https:\/\/bellinzoni.net\/pt\/wp-json\/wp\/v2\/product_tag?post=1000147"}],"curies":[{"name":"wp","href":"https:\/\/api.w.org\/{rel}","templated":true}]}}