{"id":1000151,"date":"2026-01-28T20:32:40","date_gmt":"2026-01-28T20:32:40","guid":{"rendered":"https:\/\/bellinzoni.net\/pt\/?post_type=product&#038;p=1000151"},"modified":"2026-03-16T16:01:08","modified_gmt":"2026-03-16T16:01:08","slug":"limpa-laminado","status":"publish","type":"product","link":"https:\/\/bellinzoni.net\/pt\/produto\/limpa-laminado\/","title":{"rendered":"Limpa Laminado"},"content":{"rendered":"<div class=\"flex flex-col text-sm pb-25\">\n<article class=\"text-token-text-primary w-full focus:outline-none [--shadow-height:45px] has-data-writing-block:pointer-events-none has-data-writing-block:-mt-(--shadow-height) has-data-writing-block:pt-(--shadow-height) [&amp;:has([data-writing-block])&gt;*]:pointer-events-auto scroll-mt-[calc(var(--header-height)+min(200px,max(70px,20svh)))]\" dir=\"auto\" tabindex=\"-1\" data-turn-id=\"request-WEB:881aabdb-c9a9-414b-b169-c3efefe141d6-45\" data-testid=\"conversation-turn-92\" data-scroll-anchor=\"true\" data-turn=\"assistant\">\n<div class=\"text-base my-auto mx-auto pb-10 [--thread-content-margin:var(--thread-content-margin-xs,calc(var(--spacing)*4))] @w-sm\/main:[--thread-content-margin:var(--thread-content-margin-sm,calc(var(--spacing)*6))] @w-lg\/main:[--thread-content-margin:var(--thread-content-margin-lg,calc(var(--spacing)*16))] px-(--thread-content-margin)\">\n<div class=\"[--thread-content-max-width:40rem] @w-lg\/main:[--thread-content-max-width:48rem] mx-auto max-w-(--thread-content-max-width) flex-1 group\/turn-messages focus-visible:outline-hidden relative flex w-full min-w-0 flex-col agent-turn\" tabindex=\"-1\">\n<div class=\"flex max-w-full flex-col gap-4 grow\">\n<div class=\"min-h-8 text-message relative flex w-full flex-col items-end gap-2 text-start break-words whitespace-normal [.text-message+&amp;]:mt-1\" dir=\"auto\" data-message-author-role=\"assistant\" data-message-id=\"502dac74-fe72-4729-ad47-f4fbfb3c1709\" data-message-model-slug=\"gpt-5-3\">\n<div class=\"flex w-full flex-col gap-1 empty:hidden\">\n<div class=\"markdown prose dark:prose-invert w-full wrap-break-word dark markdown-new-styling\">\n<p data-start=\"307\" data-end=\"396\"><strong data-start=\"307\" data-end=\"320\">Descri\u00e7\u00e3o<\/strong><br data-start=\"320\" data-end=\"323\" \/>C\u00f3digo do Produto: 1 Litro \u2013 000040 | 500 ml \u2013 000073 | 5 Litros \u2013 000074<\/p>\n<hr data-start=\"398\" data-end=\"401\" \/>\n<p data-start=\"403\" data-end=\"486\"><strong data-start=\"403\" data-end=\"431\">Superf\u00edcies de Aplica\u00e7\u00e3o<\/strong><br data-start=\"431\" data-end=\"434\" \/>Pisos Laminados<br data-start=\"449\" data-end=\"452\" \/>Pisos de Madeira<br data-start=\"468\" data-end=\"471\" \/>Pisos Vin\u00edlicos<\/p>\n<hr data-start=\"488\" data-end=\"491\" \/>\n<p data-start=\"493\" data-end=\"514\"><strong data-start=\"493\" data-end=\"514\">Instru\u00e7\u00f5es de Uso<\/strong><\/p>\n<p data-start=\"516\" data-end=\"541\"><strong data-start=\"516\" data-end=\"541\">Prepara\u00e7\u00e3o da solu\u00e7\u00e3o<\/strong><\/p>\n<p data-start=\"543\" data-end=\"663\">O Limpa Laminado \u00e9 um produto concentrado e pode ser dilu\u00eddo conforme a necessidade e o n\u00edvel de sujidade da superf\u00edcie.<\/p>\n<p data-start=\"665\" data-end=\"689\"><strong data-start=\"665\" data-end=\"689\">Aplica\u00e7\u00e3o do produto<\/strong><\/p>\n<p data-start=\"691\" data-end=\"757\">Espalhe o produto sobre a superf\u00edcie com aux\u00edlio de um pano limpo.<\/p>\n<p data-start=\"759\" data-end=\"770\"><strong data-start=\"759\" data-end=\"770\">Secagem<\/strong><\/p>\n<p data-start=\"772\" data-end=\"826\">Deixe o produto secar naturalmente sobre a superf\u00edcie.<\/p>\n<p data-start=\"828\" data-end=\"842\"><strong data-start=\"828\" data-end=\"842\">Observa\u00e7\u00e3o<\/strong><\/p>\n<p data-start=\"844\" data-end=\"960\" data-is-last-node=\"\" data-is-only-node=\"\">Em caso de sujeiras mais resistentes, repita a opera\u00e7\u00e3o. N\u00e3o h\u00e1 necessidade de polimento adicional ap\u00f3s a aplica\u00e7\u00e3o.<\/p>\n<\/div>\n<\/div>\n<\/div>\n<\/div>\n<\/div>\n<\/div>\n<\/article>\n<\/div>\n<hr \/>\n<h5 class=\"no-margin\">Downloads<\/h5>\n<hr \/>\n<ul>\n<li><strong><a href=\"http:\/\/bellinzoni.net\/homecare\/downloads\/limpa-laminado.pdf\" target=\"_blank\" rel=\"noopener noreferrer\">Ficha T\u00e9cnica do Produto<\/a><\/strong><\/li>\n<li><strong><a href=\"http:\/\/bellinzoni.net\/homecare\/downloads\/fispqs\/8-Limpa%20Laminado-FISPQ-BLZ113.pdf\" target=\"_blank\" rel=\"noopener noreferrer\">Ficha de Seguran\u00e7a \u2013\u00a0FISPQ<\/a><\/strong><\/li>\n<\/ul>\n","protected":false},"excerpt":{"rendered":"<p>Limpador com dupla fun\u00e7\u00e3o: limpa e d\u00e1 brilho ao mesmo tempo para pisos laminados de madeira e vin\u00edlicos. N\u00e3o forma excesso e nem causa opacidade na superf\u00edcie. Pode ser usado diariamente ou periodicamente conforme a necessidade. Use para limpeza leve ou pesada. N\u00e3o deixa o piso escorregadio.<\/p>\n","protected":false},"featured_media":1000181,"template":"","meta":[],"product_brand":[],"product_cat":[68],"product_tag":[],"class_list":{"0":"post-1000151","1":"product","2":"type-product","3":"status-publish","4":"has-post-thumbnail","6":"product_cat-corporate","8":"first","9":"instock","10":"virtual","11":"product-type-simple"},"_links":{"self":[{"href":"https:\/\/bellinzoni.net\/pt\/wp-json\/wp\/v2\/product\/1000151","targetHints":{"allow":["GET"]}}],"collection":[{"href":"https:\/\/bellinzoni.net\/pt\/wp-json\/wp\/v2\/product"}],"about":[{"href":"https:\/\/bellinzoni.net\/pt\/wp-json\/wp\/v2\/types\/product"}],"version-history":[{"count":4,"href":"https:\/\/bellinzoni.net\/pt\/wp-json\/wp\/v2\/product\/1000151\/revisions"}],"predecessor-version":[{"id":1002079,"href":"https:\/\/bellinzoni.net\/pt\/wp-json\/wp\/v2\/product\/1000151\/revisions\/1002079"}],"wp:featuredmedia":[{"embeddable":true,"href":"https:\/\/bellinzoni.net\/pt\/wp-json\/wp\/v2\/media\/1000181"}],"wp:attachment":[{"href":"https:\/\/bellinzoni.net\/pt\/wp-json\/wp\/v2\/media?parent=1000151"}],"wp:term":[{"taxonomy":"product_brand","embeddable":true,"href":"https:\/\/bellinzoni.net\/pt\/wp-json\/wp\/v2\/product_brand?post=1000151"},{"taxonomy":"product_cat","embeddable":true,"href":"https:\/\/bellinzoni.net\/pt\/wp-json\/wp\/v2\/product_cat?post=1000151"},{"taxonomy":"product_tag","embeddable":true,"href":"https:\/\/bellinzoni.net\/pt\/wp-json\/wp\/v2\/product_tag?post=1000151"}],"curies":[{"name":"wp","href":"https:\/\/api.w.org\/{rel}","templated":true}]}}