{"id":1000153,"date":"2026-01-28T20:32:40","date_gmt":"2026-01-28T20:32:40","guid":{"rendered":"https:\/\/bellinzoni.net\/pt\/?post_type=product&#038;p=1000153"},"modified":"2026-03-17T14:02:20","modified_gmt":"2026-03-17T14:02:20","slug":"manchas-e-sujeiras-impregnadas","status":"publish","type":"product","link":"https:\/\/bellinzoni.net\/pt\/produto\/manchas-e-sujeiras-impregnadas\/","title":{"rendered":"Manchas e Sujeiras Impregnadas"},"content":{"rendered":"<p data-start=\"302\" data-end=\"352\"><strong data-start=\"302\" data-end=\"315\">Descri\u00e7\u00e3o<\/strong><br data-start=\"315\" data-end=\"318\" \/>C\u00f3digo do Produto: 500 ml \u2013 000058<\/p>\n<hr data-start=\"354\" data-end=\"357\" \/>\n<p data-start=\"359\" data-end=\"443\"><strong data-start=\"359\" data-end=\"387\">Superf\u00edcies de Aplica\u00e7\u00e3o<\/strong><br data-start=\"387\" data-end=\"390\" \/>Granitos<br data-start=\"398\" data-end=\"401\" \/>Porcelanatos<br data-start=\"413\" data-end=\"416\" \/>Cer\u00e2micas<br data-start=\"425\" data-end=\"428\" \/>Pedras em Geral<\/p>\n<hr data-start=\"445\" data-end=\"448\" \/>\n<p data-start=\"450\" data-end=\"471\"><strong data-start=\"450\" data-end=\"471\">Instru\u00e7\u00f5es de Uso<\/strong><\/p>\n<p data-start=\"473\" data-end=\"497\"><strong data-start=\"473\" data-end=\"497\">Aplica\u00e7\u00e3o do produto<\/strong><\/p>\n<p data-start=\"499\" data-end=\"570\">Borrife o produto diretamente sobre a mancha ou sujeira a ser removida.<\/p>\n<p data-start=\"572\" data-end=\"589\"><strong data-start=\"572\" data-end=\"589\">Tempo de a\u00e7\u00e3o<\/strong><\/p>\n<p data-start=\"591\" data-end=\"669\">Deixe o produto agir por at\u00e9 30 minutos.<br data-start=\"631\" data-end=\"634\" \/>Aten\u00e7\u00e3o: n\u00e3o ultrapasse esse tempo.<\/p>\n<p data-start=\"671\" data-end=\"682\"><strong data-start=\"671\" data-end=\"682\">Limpeza<\/strong><\/p>\n<p data-start=\"684\" data-end=\"754\">Esfregue a \u00e1rea com aux\u00edlio de um pano ou com o lado macio da esponja.<\/p>\n<p data-start=\"756\" data-end=\"767\"><strong data-start=\"756\" data-end=\"767\">Remo\u00e7\u00e3o<\/strong><\/p>\n<p data-start=\"769\" data-end=\"829\">Remova o produto enxaguando bem a superf\u00edcie com \u00e1gua limpa.<\/p>\n<p data-start=\"831\" data-end=\"845\"><strong data-start=\"831\" data-end=\"845\">Observa\u00e7\u00e3o<\/strong><\/p>\n<p data-start=\"847\" data-end=\"949\">Recomenda-se realizar um teste pr\u00e9vio antes da aplica\u00e7\u00e3o completa. Caso necess\u00e1rio, repita o processo.<\/p>\n<p data-start=\"951\" data-end=\"1081\" data-is-last-node=\"\" data-is-only-node=\"\">A efici\u00eancia na remo\u00e7\u00e3o da mancha pode variar conforme a porosidade do material e o tempo de impregna\u00e7\u00e3o da sujeira na superf\u00edcie.<\/p>\n<hr \/>\n<h5 class=\"no-margin\">Downloads<\/h5>\n<hr \/>\n<ul>\n<li><strong><a href=\"http:\/\/bellinzoni.net\/homecare\/downloads\/manchas-e-sujeiras-impregnadas.pdf\" target=\"_blank\" rel=\"noopener noreferrer\">Ficha T\u00e9cnica do Produto<\/a><\/strong><\/li>\n<li><strong><a href=\"http:\/\/bellinzoni.net\/homecare\/downloads\/fispqs\/12-Manchas%20e%20Sujeiras%20Impregnadas-FISPQ-BLZ117.pdf\" target=\"_blank\" rel=\"noopener noreferrer\">Ficha de Seguran\u00e7a \u2013\u00a0FISPQ<\/a><\/strong><\/li>\n<\/ul>\n","protected":false},"excerpt":{"rendered":"<h5 class=\"no-margin\"><\/h5>\n<p>Removedor de diversos tipos de manchas e de sujeiras impregnadas. Remove manchas de caf\u00e9, chocolate, refrigerantes, tintas para cabelos, sucos de frutas, v\u00e1rios tipos de corantes provenientes de tomate, mostarda, madeira entre outros. Pode ser usado em pisos, bancadas e mesas. Pode ser usado em granito, porcelanato, cer\u00e2micas e pedras em geral. N\u00e3o pode ser utilizado em m\u00e1rmore.<\/p>\n","protected":false},"featured_media":1000183,"template":"","meta":[],"product_brand":[],"product_cat":[68],"product_tag":[],"class_list":{"0":"post-1000153","1":"product","2":"type-product","3":"status-publish","4":"has-post-thumbnail","6":"product_cat-corporate","8":"first","9":"instock","10":"virtual","11":"product-type-simple"},"_links":{"self":[{"href":"https:\/\/bellinzoni.net\/pt\/wp-json\/wp\/v2\/product\/1000153","targetHints":{"allow":["GET"]}}],"collection":[{"href":"https:\/\/bellinzoni.net\/pt\/wp-json\/wp\/v2\/product"}],"about":[{"href":"https:\/\/bellinzoni.net\/pt\/wp-json\/wp\/v2\/types\/product"}],"version-history":[{"count":3,"href":"https:\/\/bellinzoni.net\/pt\/wp-json\/wp\/v2\/product\/1000153\/revisions"}],"predecessor-version":[{"id":1002122,"href":"https:\/\/bellinzoni.net\/pt\/wp-json\/wp\/v2\/product\/1000153\/revisions\/1002122"}],"wp:featuredmedia":[{"embeddable":true,"href":"https:\/\/bellinzoni.net\/pt\/wp-json\/wp\/v2\/media\/1000183"}],"wp:attachment":[{"href":"https:\/\/bellinzoni.net\/pt\/wp-json\/wp\/v2\/media?parent=1000153"}],"wp:term":[{"taxonomy":"product_brand","embeddable":true,"href":"https:\/\/bellinzoni.net\/pt\/wp-json\/wp\/v2\/product_brand?post=1000153"},{"taxonomy":"product_cat","embeddable":true,"href":"https:\/\/bellinzoni.net\/pt\/wp-json\/wp\/v2\/product_cat?post=1000153"},{"taxonomy":"product_tag","embeddable":true,"href":"https:\/\/bellinzoni.net\/pt\/wp-json\/wp\/v2\/product_tag?post=1000153"}],"curies":[{"name":"wp","href":"https:\/\/api.w.org\/{rel}","templated":true}]}}