{"id":1000154,"date":"2026-01-28T20:32:40","date_gmt":"2026-01-28T20:32:40","guid":{"rendered":"https:\/\/bellinzoni.net\/pt\/?post_type=product&#038;p=1000154"},"modified":"2026-03-16T15:56:43","modified_gmt":"2026-03-16T15:56:43","slug":"limpa-tecidos","status":"publish","type":"product","link":"https:\/\/bellinzoni.net\/pt\/produto\/limpa-tecidos\/","title":{"rendered":"Limpa Tecidos"},"content":{"rendered":"<p data-start=\"303\" data-end=\"373\"><strong data-start=\"303\" data-end=\"316\">Descri\u00e7\u00e3o<\/strong><br data-start=\"316\" data-end=\"319\" \/>C\u00f3digo do Produto: 500 ml \u2013 000165 | 5 Litros \u2013 000183<\/p>\n<hr data-start=\"375\" data-end=\"378\" \/>\n<p data-start=\"380\" data-end=\"510\"><strong data-start=\"380\" data-end=\"408\">Superf\u00edcies de Aplica\u00e7\u00e3o<\/strong><br data-start=\"408\" data-end=\"411\" \/>Tapetes<br data-start=\"418\" data-end=\"421\" \/>Poltronas<br data-start=\"430\" data-end=\"433\" \/>Revestimentos T\u00eaxteis<br data-start=\"454\" data-end=\"457\" \/>Interiores Automotivos<br data-start=\"479\" data-end=\"482\" \/>Estofados de Couro Sint\u00e9tico<\/p>\n<hr data-start=\"512\" data-end=\"515\" \/>\n<p data-start=\"517\" data-end=\"538\"><strong data-start=\"517\" data-end=\"538\">Instru\u00e7\u00f5es de Uso<\/strong><\/p>\n<p data-start=\"540\" data-end=\"564\"><strong data-start=\"540\" data-end=\"564\">Aplica\u00e7\u00e3o do produto<\/strong><\/p>\n<p data-start=\"566\" data-end=\"621\">Borrife o produto diretamente sobre a \u00e1rea a ser limpa.<\/p>\n<p data-start=\"623\" data-end=\"634\"><strong data-start=\"623\" data-end=\"634\">Limpeza<\/strong><\/p>\n<p data-start=\"636\" data-end=\"687\">Esfregue a superf\u00edcie com aux\u00edlio de um pano limpo.<\/p>\n<p data-start=\"689\" data-end=\"700\"><strong data-start=\"689\" data-end=\"700\">Remo\u00e7\u00e3o<\/strong><\/p>\n<p data-start=\"702\" data-end=\"772\" data-is-last-node=\"\" data-is-only-node=\"\">Remova o produto e os res\u00edduos de sujeira com aux\u00edlio de um pano seco.<\/p>\n<hr \/>\n<h5 class=\"no-margin\">Downloads<\/h5>\n<hr \/>\n<ul>\n<li><strong><a href=\"http:\/\/bellinzoni.net\/homecare\/downloads\/fichas-novas\/limpa-tecidos.pdf\" target=\"_blank\" rel=\"noopener noreferrer\">Ficha T\u00e9cnica do Produto<\/a><\/strong><\/li>\n<li><strong><a href=\"#\" target=\"_blank\" rel=\"noopener noreferrer\">Ficha de Seguran\u00e7a \u2013\u00a0FISPQ<\/a><\/strong><\/li>\n<\/ul>\n","protected":false},"excerpt":{"rendered":"<p>Detergente de espuma seca concentrado, desenvolvido para limpeza de tapetes, poltronas, revestimentos t\u00eaxteis, interiores automotivos, estofados de couro sint\u00e9tico. Cont\u00e9m novas subst\u00e2ncias de limpeza ativas fortalecidas por agentes que solubilizam a sujeira e limita a absor\u00e7\u00e3o de \u00e1gua nas superf\u00edcies tratadas. Agradavelmente perfumado, n\u00e3o descolore o material.<\/p>\n","protected":false},"featured_media":1000184,"template":"","meta":[],"product_brand":[],"product_cat":[68],"product_tag":[],"class_list":{"0":"post-1000154","1":"product","2":"type-product","3":"status-publish","4":"has-post-thumbnail","6":"product_cat-corporate","8":"first","9":"instock","10":"virtual","11":"product-type-simple"},"_links":{"self":[{"href":"https:\/\/bellinzoni.net\/pt\/wp-json\/wp\/v2\/product\/1000154","targetHints":{"allow":["GET"]}}],"collection":[{"href":"https:\/\/bellinzoni.net\/pt\/wp-json\/wp\/v2\/product"}],"about":[{"href":"https:\/\/bellinzoni.net\/pt\/wp-json\/wp\/v2\/types\/product"}],"version-history":[{"count":4,"href":"https:\/\/bellinzoni.net\/pt\/wp-json\/wp\/v2\/product\/1000154\/revisions"}],"predecessor-version":[{"id":1002077,"href":"https:\/\/bellinzoni.net\/pt\/wp-json\/wp\/v2\/product\/1000154\/revisions\/1002077"}],"wp:featuredmedia":[{"embeddable":true,"href":"https:\/\/bellinzoni.net\/pt\/wp-json\/wp\/v2\/media\/1000184"}],"wp:attachment":[{"href":"https:\/\/bellinzoni.net\/pt\/wp-json\/wp\/v2\/media?parent=1000154"}],"wp:term":[{"taxonomy":"product_brand","embeddable":true,"href":"https:\/\/bellinzoni.net\/pt\/wp-json\/wp\/v2\/product_brand?post=1000154"},{"taxonomy":"product_cat","embeddable":true,"href":"https:\/\/bellinzoni.net\/pt\/wp-json\/wp\/v2\/product_cat?post=1000154"},{"taxonomy":"product_tag","embeddable":true,"href":"https:\/\/bellinzoni.net\/pt\/wp-json\/wp\/v2\/product_tag?post=1000154"}],"curies":[{"name":"wp","href":"https:\/\/api.w.org\/{rel}","templated":true}]}}