{"id":1000156,"date":"2026-01-28T20:32:40","date_gmt":"2026-01-28T20:32:40","guid":{"rendered":"https:\/\/bellinzoni.net\/pt\/?post_type=product&#038;p=1000156"},"modified":"2026-03-16T13:44:08","modified_gmt":"2026-03-16T13:44:08","slug":"limpa-vidro","status":"publish","type":"product","link":"https:\/\/bellinzoni.net\/pt\/produto\/limpa-vidro\/","title":{"rendered":"Limpa Vidro"},"content":{"rendered":"<p data-start=\"282\" data-end=\"352\"><strong data-start=\"282\" data-end=\"295\">Descri\u00e7\u00e3o<\/strong><br data-start=\"295\" data-end=\"298\" \/>C\u00f3digo do Produto: 500 ml \u2013 000168 | 5 Litros \u2013 000185<\/p>\n<hr data-start=\"354\" data-end=\"357\" \/>\n<p data-start=\"359\" data-end=\"447\"><strong data-start=\"359\" data-end=\"387\">Superf\u00edcies de Aplica\u00e7\u00e3o<\/strong><br data-start=\"387\" data-end=\"390\" \/>Vidros<br data-start=\"396\" data-end=\"399\" \/>Cristais<br data-start=\"407\" data-end=\"410\" \/>A\u00e7os Polidos<br data-start=\"422\" data-end=\"425\" \/>Vitrines<br data-start=\"433\" data-end=\"436\" \/>Para-brisas<\/p>\n<hr data-start=\"449\" data-end=\"452\" \/>\n<p data-start=\"454\" data-end=\"475\"><strong data-start=\"454\" data-end=\"475\">Instru\u00e7\u00f5es de Uso<\/strong><\/p>\n<p data-start=\"477\" data-end=\"501\"><strong data-start=\"477\" data-end=\"501\">Aplica\u00e7\u00e3o do produto<\/strong><\/p>\n<p data-start=\"503\" data-end=\"558\">Borrife o produto diretamente sobre a \u00e1rea a ser limpa.<\/p>\n<p data-start=\"560\" data-end=\"571\"><strong data-start=\"560\" data-end=\"571\">Limpeza<\/strong><\/p>\n<p data-start=\"573\" data-end=\"624\">Esfregue a superf\u00edcie com aux\u00edlio de um pano limpo.<\/p>\n<p data-start=\"626\" data-end=\"641\"><strong data-start=\"626\" data-end=\"641\">Finaliza\u00e7\u00e3o<\/strong><\/p>\n<p data-start=\"643\" data-end=\"756\" data-is-last-node=\"\" data-is-only-node=\"\">Remova o produto e finalize a limpeza utilizando um pano seco para garantir transpar\u00eancia e brilho na superf\u00edcie.<\/p>\n<hr \/>\n<h5 class=\"no-margin\">Downloads<\/h5>\n<hr \/>\n<ul>\n<li><strong><a href=\"http:\/\/bellinzoni.net\/homecare\/downloads\/fichas-novas\/limpa-vidros.pdf\" target=\"_blank\" rel=\"noopener noreferrer\">Ficha T\u00e9cnica do Produto<\/a><\/strong><\/li>\n<li><strong><a href=\"#\" target=\"_blank\" rel=\"noopener noreferrer\">Ficha de Seguran\u00e7a \u2013\u00a0FISPQ<\/a><\/strong><\/li>\n<\/ul>\n","protected":false},"excerpt":{"rendered":"<h5 class=\"no-margin\"><\/h5>\n<p>Bellinzoni Limpa Vidro \u00e9 ideal para limpeza di\u00e1ria de superf\u00edcies de vidro, espelhos, cristais, a\u00e7os polidos, teclados de computador, vitrines, para brisas, janelas, far\u00f3is de carro e toda superf\u00edcie transparente e reflexiva. Limpa instantaneamente sem deixar riscos. Agradavelmente perfumado, n\u00e3o deixa res\u00edduos.<\/p>\n","protected":false},"featured_media":1000186,"template":"","meta":[],"product_brand":[],"product_cat":[68],"product_tag":[],"class_list":{"0":"post-1000156","1":"product","2":"type-product","3":"status-publish","4":"has-post-thumbnail","6":"product_cat-corporate","8":"first","9":"instock","10":"virtual","11":"product-type-simple"},"_links":{"self":[{"href":"https:\/\/bellinzoni.net\/pt\/wp-json\/wp\/v2\/product\/1000156","targetHints":{"allow":["GET"]}}],"collection":[{"href":"https:\/\/bellinzoni.net\/pt\/wp-json\/wp\/v2\/product"}],"about":[{"href":"https:\/\/bellinzoni.net\/pt\/wp-json\/wp\/v2\/types\/product"}],"version-history":[{"count":3,"href":"https:\/\/bellinzoni.net\/pt\/wp-json\/wp\/v2\/product\/1000156\/revisions"}],"predecessor-version":[{"id":1002030,"href":"https:\/\/bellinzoni.net\/pt\/wp-json\/wp\/v2\/product\/1000156\/revisions\/1002030"}],"wp:featuredmedia":[{"embeddable":true,"href":"https:\/\/bellinzoni.net\/pt\/wp-json\/wp\/v2\/media\/1000186"}],"wp:attachment":[{"href":"https:\/\/bellinzoni.net\/pt\/wp-json\/wp\/v2\/media?parent=1000156"}],"wp:term":[{"taxonomy":"product_brand","embeddable":true,"href":"https:\/\/bellinzoni.net\/pt\/wp-json\/wp\/v2\/product_brand?post=1000156"},{"taxonomy":"product_cat","embeddable":true,"href":"https:\/\/bellinzoni.net\/pt\/wp-json\/wp\/v2\/product_cat?post=1000156"},{"taxonomy":"product_tag","embeddable":true,"href":"https:\/\/bellinzoni.net\/pt\/wp-json\/wp\/v2\/product_tag?post=1000156"}],"curies":[{"name":"wp","href":"https:\/\/api.w.org\/{rel}","templated":true}]}}