{"id":1000157,"date":"2026-01-28T20:32:40","date_gmt":"2026-01-28T20:32:40","guid":{"rendered":"https:\/\/bellinzoni.net\/pt\/?post_type=product&#038;p=1000157"},"modified":"2026-03-16T15:54:43","modified_gmt":"2026-03-16T15:54:43","slug":"limpa-telha","status":"publish","type":"product","link":"https:\/\/bellinzoni.net\/pt\/produto\/limpa-telha\/","title":{"rendered":"Limpa Telha"},"content":{"rendered":"<div class=\"flex flex-col text-sm pb-25\">\n<article class=\"text-token-text-primary w-full focus:outline-none [--shadow-height:45px] has-data-writing-block:pointer-events-none has-data-writing-block:-mt-(--shadow-height) has-data-writing-block:pt-(--shadow-height) [&amp;:has([data-writing-block])&gt;*]:pointer-events-auto scroll-mt-[calc(var(--header-height)+min(200px,max(70px,20svh)))]\" dir=\"auto\" tabindex=\"-1\" data-turn-id=\"request-WEB:881aabdb-c9a9-414b-b169-c3efefe141d6-43\" data-testid=\"conversation-turn-88\" data-scroll-anchor=\"true\" data-turn=\"assistant\">\n<div class=\"text-base my-auto mx-auto pb-10 [--thread-content-margin:var(--thread-content-margin-xs,calc(var(--spacing)*4))] @w-sm\/main:[--thread-content-margin:var(--thread-content-margin-sm,calc(var(--spacing)*6))] @w-lg\/main:[--thread-content-margin:var(--thread-content-margin-lg,calc(var(--spacing)*16))] px-(--thread-content-margin)\">\n<div class=\"[--thread-content-max-width:40rem] @w-lg\/main:[--thread-content-max-width:48rem] mx-auto max-w-(--thread-content-max-width) flex-1 group\/turn-messages focus-visible:outline-hidden relative flex w-full min-w-0 flex-col agent-turn\" tabindex=\"-1\">\n<div class=\"flex max-w-full flex-col gap-4 grow\">\n<div class=\"min-h-8 text-message relative flex w-full flex-col items-end gap-2 text-start break-words whitespace-normal [.text-message+&amp;]:mt-1\" dir=\"auto\" data-message-author-role=\"assistant\" data-message-id=\"38718239-04d1-45ab-bf3c-8589d5a286f9\" data-message-model-slug=\"gpt-5-3\">\n<div class=\"flex w-full flex-col gap-1 empty:hidden\">\n<div class=\"markdown prose dark:prose-invert w-full wrap-break-word dark markdown-new-styling\">\n<p data-start=\"321\" data-end=\"392\"><strong data-start=\"321\" data-end=\"334\">Descri\u00e7\u00e3o<\/strong><br data-start=\"334\" data-end=\"337\" \/>C\u00f3digo do Produto: 1 Litro \u2013 000386 | 5 Litros \u2013 000626<\/p>\n<hr data-start=\"394\" data-end=\"397\" \/>\n<p data-start=\"399\" data-end=\"436\"><strong data-start=\"399\" data-end=\"427\">Superf\u00edcies de Aplica\u00e7\u00e3o<\/strong><br data-start=\"427\" data-end=\"430\" \/>Telhas<\/p>\n<hr data-start=\"438\" data-end=\"441\" \/>\n<p data-start=\"443\" data-end=\"464\"><strong data-start=\"443\" data-end=\"464\">Instru\u00e7\u00f5es de Uso<\/strong><\/p>\n<p data-start=\"466\" data-end=\"490\"><strong data-start=\"466\" data-end=\"490\">Aplica\u00e7\u00e3o do produto<\/strong><\/p>\n<p data-start=\"492\" data-end=\"577\">Utilize o produto puro. Despeje o produto diretamente sobre a superf\u00edcie a ser limpa.<\/p>\n<p data-start=\"579\" data-end=\"590\"><strong data-start=\"579\" data-end=\"590\">Limpeza<\/strong><\/p>\n<p data-start=\"592\" data-end=\"692\">Esfregue o local com aux\u00edlio de esponja \u00famida ou escova de nylon at\u00e9 remover as sujeiras acumuladas.<\/p>\n<p data-start=\"694\" data-end=\"705\"><strong data-start=\"694\" data-end=\"705\">Remo\u00e7\u00e3o<\/strong><\/p>\n<p data-start=\"707\" data-end=\"805\">Ap\u00f3s a limpeza, enx\u00e1gue abundantemente com \u00e1gua para remover completamente os res\u00edduos do produto.<\/p>\n<p data-start=\"807\" data-end=\"821\"><strong data-start=\"807\" data-end=\"821\">Observa\u00e7\u00e3o<\/strong><\/p>\n<p data-start=\"823\" data-end=\"944\" data-is-last-node=\"\" data-is-only-node=\"\">N\u00e3o misture o produto com outros detergentes ou produtos \u00e1cidos.<br data-start=\"887\" data-end=\"890\" \/>N\u00e3o utilizar em tapetes, tecidos, alum\u00ednio ou lin\u00f3leo.<\/p>\n<\/div>\n<\/div>\n<\/div>\n<\/div>\n<\/div>\n<\/div>\n<\/article>\n<\/div>\n<hr \/>\n<h5 class=\"no-margin\">Downloads<\/h5>\n<hr \/>\n<ul>\n<li><strong><a href=\"http:\/\/bellinzoni.net\/ft-bellinzoni-hc\/limpa-telha.pdf\" target=\"_blank\" rel=\"noopener noreferrer\">Ficha T\u00e9cnica do Produto<\/a><\/strong><\/li>\n<li><strong><a href=\"http:\/\/bellinzoni.net\/homecare\/product\/limpa-telha\/#\" target=\"_blank\" rel=\"noopener noreferrer\">Ficha de Seguran\u00e7a \u2013\u00a0FISPQ<\/a><\/strong><\/li>\n<\/ul>\n","protected":false},"excerpt":{"rendered":"<p>&nbsp;<\/p>\n<p>Detergente altamente eficaz, ideal para a limpeza de telhas muito sujas. Pode ser usado tamb\u00e9m em superf\u00edcies esmaltadas e de a\u00e7o inoxid\u00e1vel.. Garante a limpeza do material de forma r\u00e1pida e f\u00e1cil. O equil\u00edbrio entre cloro e detergente, permite remover a sujeiras\u00a0 e manchas dif\u00edceis de limpar. N\u00e3o agride a superf\u00edcie do material.<\/p>\n","protected":false},"featured_media":1000187,"template":"","meta":[],"product_brand":[],"product_cat":[68],"product_tag":[],"class_list":{"0":"post-1000157","1":"product","2":"type-product","3":"status-publish","4":"has-post-thumbnail","6":"product_cat-corporate","8":"first","9":"instock","10":"virtual","11":"product-type-simple"},"_links":{"self":[{"href":"https:\/\/bellinzoni.net\/pt\/wp-json\/wp\/v2\/product\/1000157","targetHints":{"allow":["GET"]}}],"collection":[{"href":"https:\/\/bellinzoni.net\/pt\/wp-json\/wp\/v2\/product"}],"about":[{"href":"https:\/\/bellinzoni.net\/pt\/wp-json\/wp\/v2\/types\/product"}],"version-history":[{"count":3,"href":"https:\/\/bellinzoni.net\/pt\/wp-json\/wp\/v2\/product\/1000157\/revisions"}],"predecessor-version":[{"id":1002075,"href":"https:\/\/bellinzoni.net\/pt\/wp-json\/wp\/v2\/product\/1000157\/revisions\/1002075"}],"wp:featuredmedia":[{"embeddable":true,"href":"https:\/\/bellinzoni.net\/pt\/wp-json\/wp\/v2\/media\/1000187"}],"wp:attachment":[{"href":"https:\/\/bellinzoni.net\/pt\/wp-json\/wp\/v2\/media?parent=1000157"}],"wp:term":[{"taxonomy":"product_brand","embeddable":true,"href":"https:\/\/bellinzoni.net\/pt\/wp-json\/wp\/v2\/product_brand?post=1000157"},{"taxonomy":"product_cat","embeddable":true,"href":"https:\/\/bellinzoni.net\/pt\/wp-json\/wp\/v2\/product_cat?post=1000157"},{"taxonomy":"product_tag","embeddable":true,"href":"https:\/\/bellinzoni.net\/pt\/wp-json\/wp\/v2\/product_tag?post=1000157"}],"curies":[{"name":"wp","href":"https:\/\/api.w.org\/{rel}","templated":true}]}}