{"id":1000159,"date":"2026-01-28T20:32:40","date_gmt":"2026-01-28T20:32:40","guid":{"rendered":"https:\/\/bellinzoni.net\/pt\/?post_type=product&#038;p=1000159"},"modified":"2026-03-16T15:53:34","modified_gmt":"2026-03-16T15:53:34","slug":"limpa-ar-condicionado","status":"publish","type":"product","link":"https:\/\/bellinzoni.net\/pt\/produto\/limpa-ar-condicionado\/","title":{"rendered":"Limpa Ar Condicionado"},"content":{"rendered":"<p data-start=\"368\" data-end=\"418\"><strong data-start=\"368\" data-end=\"381\">Descri\u00e7\u00e3o<\/strong><br data-start=\"381\" data-end=\"384\" \/>C\u00f3digo do Produto: 500 ml \u2013 000377<\/p>\n<hr data-start=\"420\" data-end=\"423\" \/>\n<p data-start=\"425\" data-end=\"471\"><strong data-start=\"425\" data-end=\"453\">Superf\u00edcies de Aplica\u00e7\u00e3o<\/strong><br data-start=\"453\" data-end=\"456\" \/>Ar Condicionado<\/p>\n<hr data-start=\"473\" data-end=\"476\" \/>\n<p data-start=\"478\" data-end=\"499\"><strong data-start=\"478\" data-end=\"499\">Instru\u00e7\u00f5es de Uso<\/strong><\/p>\n<p data-start=\"501\" data-end=\"525\"><strong data-start=\"501\" data-end=\"525\">Aplica\u00e7\u00e3o do produto<\/strong><\/p>\n<p data-start=\"527\" data-end=\"576\">Utilize o produto com aux\u00edlio de um pulverizador.<\/p>\n<p data-start=\"578\" data-end=\"594\"><strong data-start=\"578\" data-end=\"594\">Higieniza\u00e7\u00e3o<\/strong><\/p>\n<p data-start=\"596\" data-end=\"739\">Pulverize o produto diretamente nos filtros e \u00e1reas internas dos sistemas de ar condicionado para auxiliar na higieniza\u00e7\u00e3o e purifica\u00e7\u00e3o do ar.<\/p>\n<p data-start=\"741\" data-end=\"766\"><strong data-start=\"741\" data-end=\"766\">Aplica\u00e7\u00f5es adicionais<\/strong><\/p>\n<p data-start=\"768\" data-end=\"924\" data-is-last-node=\"\" data-is-only-node=\"\">O produto tamb\u00e9m pode ser utilizado em ambientes como banheiros, armaz\u00e9ns e \u00e1reas mal ventiladas para auxiliar na desinfec\u00e7\u00e3o e melhoria da qualidade do ar.<\/p>\n<hr \/>\n<h5 class=\"no-margin\">Downloads<\/h5>\n<hr \/>\n<ul>\n<li style=\"list-style-type: none;\">\n<ul>\n<li style=\"list-style-type: none;\">\n<ul>\n<li><strong><a href=\"http:\/\/bellinzoni.net\/ft-bellinzoni-hc\/limpa-ar-condicionado.pdf\" target=\"_blank\" rel=\"noopener noreferrer\">Ficha T\u00e9cnica do Produto<\/a><\/strong><\/li>\n<li><strong><a href=\"http:\/\/bellinzoni.net\/homecare\/downloads\/fispqs\/FISPQ_BLZ183_HC_Bz_Limpa_Ar_Cond.pdf\" target=\"_blank\" rel=\"noopener noreferrer\">Ficha de Seguran\u00e7a \u2013\u00a0FISPQ<\/a><\/strong><\/li>\n<\/ul>\n<\/li>\n<\/ul>\n<\/li>\n<\/ul>\n","protected":false},"excerpt":{"rendered":"<h5 class=\"no-margin\"><\/h5>\n<p>Ideal para o saneamento de sistemas de ar condicionado, at\u00e9 mesmo sistemas industriais, de ar condicionados e automotivos. Ele protege contra a forma\u00e7\u00e3o de odores desagrad\u00e1veis e higieniza os trocadores de calor e filtros refrigerados a ar.<\/p>\n","protected":false},"featured_media":1000215,"template":"","meta":[],"product_brand":[],"product_cat":[68],"product_tag":[],"class_list":{"0":"post-1000159","1":"product","2":"type-product","3":"status-publish","4":"has-post-thumbnail","6":"product_cat-corporate","8":"first","9":"instock","10":"virtual","11":"product-type-simple"},"_links":{"self":[{"href":"https:\/\/bellinzoni.net\/pt\/wp-json\/wp\/v2\/product\/1000159","targetHints":{"allow":["GET"]}}],"collection":[{"href":"https:\/\/bellinzoni.net\/pt\/wp-json\/wp\/v2\/product"}],"about":[{"href":"https:\/\/bellinzoni.net\/pt\/wp-json\/wp\/v2\/types\/product"}],"version-history":[{"count":4,"href":"https:\/\/bellinzoni.net\/pt\/wp-json\/wp\/v2\/product\/1000159\/revisions"}],"predecessor-version":[{"id":1002074,"href":"https:\/\/bellinzoni.net\/pt\/wp-json\/wp\/v2\/product\/1000159\/revisions\/1002074"}],"wp:featuredmedia":[{"embeddable":true,"href":"https:\/\/bellinzoni.net\/pt\/wp-json\/wp\/v2\/media\/1000215"}],"wp:attachment":[{"href":"https:\/\/bellinzoni.net\/pt\/wp-json\/wp\/v2\/media?parent=1000159"}],"wp:term":[{"taxonomy":"product_brand","embeddable":true,"href":"https:\/\/bellinzoni.net\/pt\/wp-json\/wp\/v2\/product_brand?post=1000159"},{"taxonomy":"product_cat","embeddable":true,"href":"https:\/\/bellinzoni.net\/pt\/wp-json\/wp\/v2\/product_cat?post=1000159"},{"taxonomy":"product_tag","embeddable":true,"href":"https:\/\/bellinzoni.net\/pt\/wp-json\/wp\/v2\/product_tag?post=1000159"}],"curies":[{"name":"wp","href":"https:\/\/api.w.org\/{rel}","templated":true}]}}