{"id":1000161,"date":"2026-01-28T20:32:40","date_gmt":"2026-01-28T20:32:40","guid":{"rendered":"https:\/\/bellinzoni.net\/pt\/?post_type=product&#038;p=1000161"},"modified":"2026-03-16T12:49:26","modified_gmt":"2026-03-16T12:49:26","slug":"quartzo-limpeza-diaria","status":"publish","type":"product","link":"https:\/\/bellinzoni.net\/pt\/produto\/quartzo-limpeza-diaria\/","title":{"rendered":"Quartzo Limpeza Di\u00e1ria"},"content":{"rendered":"<p data-start=\"304\" data-end=\"354\"><strong data-start=\"304\" data-end=\"317\">Descri\u00e7\u00e3o<\/strong><br data-start=\"317\" data-end=\"320\" \/>C\u00f3digo do Produto: 500 ml \u2013 003045<\/p>\n<hr data-start=\"356\" data-end=\"359\" \/>\n<p data-start=\"361\" data-end=\"399\"><strong data-start=\"361\" data-end=\"389\">Superf\u00edcies de Aplica\u00e7\u00e3o<\/strong><br data-start=\"389\" data-end=\"392\" \/>Quartzo<\/p>\n<hr data-start=\"401\" data-end=\"404\" \/>\n<p data-start=\"406\" data-end=\"427\"><strong data-start=\"406\" data-end=\"427\">Instru\u00e7\u00f5es de Uso<\/strong><\/p>\n<p data-start=\"429\" data-end=\"457\"><strong data-start=\"429\" data-end=\"457\">Prepara\u00e7\u00e3o da superf\u00edcie<\/strong><\/p>\n<p data-start=\"459\" data-end=\"548\">A superf\u00edcie deve estar livre de poeira ou res\u00edduos soltos antes da aplica\u00e7\u00e3o do produto.<\/p>\n<p data-start=\"550\" data-end=\"574\"><strong data-start=\"550\" data-end=\"574\">Aplica\u00e7\u00e3o do produto<\/strong><\/p>\n<p data-start=\"576\" data-end=\"696\">O Quartzo Limpeza Di\u00e1ria est\u00e1 pronto para uso. Borrife uma pequena quantidade do produto diretamente sobre a superf\u00edcie.<\/p>\n<p data-start=\"698\" data-end=\"709\"><strong data-start=\"698\" data-end=\"709\">Limpeza<\/strong><\/p>\n<p data-start=\"711\" data-end=\"795\">Com aux\u00edlio de um pano macio, espalhe o produto realizando a limpeza de toda a \u00e1rea.<\/p>\n<p data-start=\"797\" data-end=\"918\">Aten\u00e7\u00e3o: n\u00e3o utilize o lado verde da esponja de cozinha ou qualquer outro utens\u00edlio abrasivo que possa riscar o material.<\/p>\n<p data-start=\"920\" data-end=\"935\"><strong data-start=\"920\" data-end=\"935\">Finaliza\u00e7\u00e3o<\/strong><\/p>\n<p data-start=\"937\" data-end=\"1044\" data-is-last-node=\"\" data-is-only-node=\"\">Ap\u00f3s a secagem do produto, recomenda-se passar um pano seco para proporcionar o lustro final da superf\u00edcie.<\/p>\n<hr \/>\n<h5 class=\"no-margin\">Downloads<\/h5>\n<hr \/>\n<ul>\n<li style=\"list-style-type: none;\">\n<ul>\n<li style=\"list-style-type: none;\">\n<ul>\n<li><strong><a href=\"http:\/\/bellinzoni.net\/fichas_tecnicas\/quartzo-detergente.pdf\" target=\"_blank\" rel=\"noopener noreferrer\">Ficha T\u00e9cnica do Produto<\/a><\/strong><\/li>\n<li><strong><a href=\"http:\/\/bellinzoni.net\/fispqs\/Quartzo%20Limpeza%20di%C3%A1ria%20Spray-FISPQ-BLZ102.pdf\" target=\"_blank\" rel=\"noopener noreferrer\">Ficha de Seguran\u00e7a \u2013\u00a0FISPQ<\/a><\/strong><\/li>\n<\/ul>\n<\/li>\n<\/ul>\n<\/li>\n<\/ul>\n","protected":false},"excerpt":{"rendered":"<h5 class=\"no-margin\"><\/h5>\n<p>Quartzo Limpeza Di\u00e1ria \u00e9 excelente para limpeza e manuten\u00e7\u00e3o da superf\u00edcie em materiais de quartzo ( Silestone, Santa Margherita, Etc. ). Ideal para manuten\u00e7\u00e3o di\u00e1ria, pois limpa e protege a superf\u00edcie contra marcas e desgastes do cotidiano.<\/p>\n","protected":false},"featured_media":1000217,"template":"","meta":[],"product_brand":[],"product_cat":[68],"product_tag":[],"class_list":{"0":"post-1000161","1":"product","2":"type-product","3":"status-publish","4":"has-post-thumbnail","6":"product_cat-corporate","8":"first","9":"instock","10":"virtual","11":"product-type-simple"},"_links":{"self":[{"href":"https:\/\/bellinzoni.net\/pt\/wp-json\/wp\/v2\/product\/1000161","targetHints":{"allow":["GET"]}}],"collection":[{"href":"https:\/\/bellinzoni.net\/pt\/wp-json\/wp\/v2\/product"}],"about":[{"href":"https:\/\/bellinzoni.net\/pt\/wp-json\/wp\/v2\/types\/product"}],"version-history":[{"count":3,"href":"https:\/\/bellinzoni.net\/pt\/wp-json\/wp\/v2\/product\/1000161\/revisions"}],"predecessor-version":[{"id":1002000,"href":"https:\/\/bellinzoni.net\/pt\/wp-json\/wp\/v2\/product\/1000161\/revisions\/1002000"}],"wp:featuredmedia":[{"embeddable":true,"href":"https:\/\/bellinzoni.net\/pt\/wp-json\/wp\/v2\/media\/1000217"}],"wp:attachment":[{"href":"https:\/\/bellinzoni.net\/pt\/wp-json\/wp\/v2\/media?parent=1000161"}],"wp:term":[{"taxonomy":"product_brand","embeddable":true,"href":"https:\/\/bellinzoni.net\/pt\/wp-json\/wp\/v2\/product_brand?post=1000161"},{"taxonomy":"product_cat","embeddable":true,"href":"https:\/\/bellinzoni.net\/pt\/wp-json\/wp\/v2\/product_cat?post=1000161"},{"taxonomy":"product_tag","embeddable":true,"href":"https:\/\/bellinzoni.net\/pt\/wp-json\/wp\/v2\/product_tag?post=1000161"}],"curies":[{"name":"wp","href":"https:\/\/api.w.org\/{rel}","templated":true}]}}