{"id":1000188,"date":"2026-01-28T20:33:02","date_gmt":"2026-01-28T20:33:02","guid":{"rendered":"https:\/\/bellinzoni.net\/pt\/?post_type=product&#038;p=1000188"},"modified":"2026-03-16T12:48:14","modified_gmt":"2026-03-16T12:48:14","slug":"quartzo-sujeiras-dificeis-cores-claras","status":"publish","type":"product","link":"https:\/\/bellinzoni.net\/pt\/produto\/quartzo-sujeiras-dificeis-cores-claras\/","title":{"rendered":"Quartzo Sujeiras Dif\u00edceis Cores Claras"},"content":{"rendered":"<p data-start=\"301\" data-end=\"351\"><strong data-start=\"301\" data-end=\"314\">Descri\u00e7\u00e3o<\/strong><br data-start=\"314\" data-end=\"317\" \/>C\u00f3digo do Produto: 400 ml \u2013 003047<\/p>\n<hr data-start=\"353\" data-end=\"356\" \/>\n<p data-start=\"358\" data-end=\"396\"><strong data-start=\"358\" data-end=\"386\">Superf\u00edcies de Aplica\u00e7\u00e3o<\/strong><br data-start=\"386\" data-end=\"389\" \/>Quartzo<\/p>\n<hr data-start=\"398\" data-end=\"401\" \/>\n<p data-start=\"403\" data-end=\"424\"><strong data-start=\"403\" data-end=\"424\">Instru\u00e7\u00f5es de Uso<\/strong><\/p>\n<p data-start=\"426\" data-end=\"451\"><strong data-start=\"426\" data-end=\"451\">Prepara\u00e7\u00e3o do produto<\/strong><\/p>\n<p data-start=\"453\" data-end=\"477\">Agite bem antes de usar.<\/p>\n<p data-start=\"479\" data-end=\"503\"><strong data-start=\"479\" data-end=\"503\">Aplica\u00e7\u00e3o do produto<\/strong><\/p>\n<p data-start=\"505\" data-end=\"560\">Aplique o produto diretamente sobre a superf\u00edcie \u00famida.<\/p>\n<p data-start=\"562\" data-end=\"573\"><strong data-start=\"562\" data-end=\"573\">Limpeza<\/strong><\/p>\n<p data-start=\"575\" data-end=\"669\">Com aux\u00edlio de um pano macio ou esponja, espalhe o produto realizando a limpeza da superf\u00edcie.<\/p>\n<p data-start=\"671\" data-end=\"792\">Aten\u00e7\u00e3o: n\u00e3o utilize o lado verde da esponja de cozinha ou qualquer outro utens\u00edlio abrasivo que possa riscar o material.<\/p>\n<p data-start=\"794\" data-end=\"816\"><strong data-start=\"794\" data-end=\"816\">Remo\u00e7\u00e3o do produto<\/strong><\/p>\n<p data-start=\"818\" data-end=\"904\">Ap\u00f3s a limpeza, enx\u00e1gue a superf\u00edcie ou remova o produto com aux\u00edlio de um pano \u00famido.<\/p>\n<p data-start=\"906\" data-end=\"920\"><strong data-start=\"906\" data-end=\"920\">Observa\u00e7\u00e3o<\/strong><\/p>\n<p data-start=\"922\" data-end=\"1019\" data-is-last-node=\"\" data-is-only-node=\"\">Recomenda-se realizar um teste pr\u00e9vio em uma pequena \u00e1rea antes da aplica\u00e7\u00e3o completa do produto.<\/p>\n<hr \/>\n<h5 class=\"no-margin\">Downloads<\/h5>\n<hr \/>\n<ul>\n<li style=\"list-style-type: none;\">\n<ul>\n<li style=\"list-style-type: none;\">\n<ul>\n<li><strong><a href=\"http:\/\/bellinzoni.net\/fichas_tecnicas\/quartzo_sujeiras_dificieis_claro.pdf\" target=\"_blank\" rel=\"noopener noreferrer\">Ficha T\u00e9cnica do Produto<\/a><\/strong><\/li>\n<li><strong><a href=\"http:\/\/bellinzoni.net\/fispqs\/Quartzo%20Sujeiras%20Dificeis%20Cores%20Claras-FISPQ-BLZ099.pdf\" target=\"_blank\" rel=\"noopener noreferrer\">Ficha de Seguran\u00e7a \u2013\u00a0FISPQ<\/a><\/strong><\/li>\n<\/ul>\n<\/li>\n<\/ul>\n<\/li>\n<\/ul>\n","protected":false},"excerpt":{"rendered":"<p>Produto composto por finos gr\u00e3os destinados a limpeza e remo\u00e7\u00e3o de sujeiras impregnadas em materiais de quartzo ( Silestone, Santa Margherita e etc ). Levemente cremoso, limpa facilmente a superf\u00edcie e seus rejuntes. Quartzo Sujeiras Dif\u00edceis Cores Claras \u00e9 perfeito para materiais brancos e beges que necessitem de limpeza profunda para desencardimento sem agress\u00e3o ao material.<\/p>\n","protected":false},"featured_media":1001823,"template":"","meta":[],"product_brand":[],"product_cat":[68],"product_tag":[],"class_list":{"0":"post-1000188","1":"product","2":"type-product","3":"status-publish","4":"has-post-thumbnail","6":"product_cat-corporate","8":"first","9":"instock","10":"virtual","11":"product-type-simple"},"_links":{"self":[{"href":"https:\/\/bellinzoni.net\/pt\/wp-json\/wp\/v2\/product\/1000188","targetHints":{"allow":["GET"]}}],"collection":[{"href":"https:\/\/bellinzoni.net\/pt\/wp-json\/wp\/v2\/product"}],"about":[{"href":"https:\/\/bellinzoni.net\/pt\/wp-json\/wp\/v2\/types\/product"}],"version-history":[{"count":3,"href":"https:\/\/bellinzoni.net\/pt\/wp-json\/wp\/v2\/product\/1000188\/revisions"}],"predecessor-version":[{"id":1001999,"href":"https:\/\/bellinzoni.net\/pt\/wp-json\/wp\/v2\/product\/1000188\/revisions\/1001999"}],"wp:featuredmedia":[{"embeddable":true,"href":"https:\/\/bellinzoni.net\/pt\/wp-json\/wp\/v2\/media\/1001823"}],"wp:attachment":[{"href":"https:\/\/bellinzoni.net\/pt\/wp-json\/wp\/v2\/media?parent=1000188"}],"wp:term":[{"taxonomy":"product_brand","embeddable":true,"href":"https:\/\/bellinzoni.net\/pt\/wp-json\/wp\/v2\/product_brand?post=1000188"},{"taxonomy":"product_cat","embeddable":true,"href":"https:\/\/bellinzoni.net\/pt\/wp-json\/wp\/v2\/product_cat?post=1000188"},{"taxonomy":"product_tag","embeddable":true,"href":"https:\/\/bellinzoni.net\/pt\/wp-json\/wp\/v2\/product_tag?post=1000188"}],"curies":[{"name":"wp","href":"https:\/\/api.w.org\/{rel}","templated":true}]}}