{"id":1000189,"date":"2026-01-28T20:33:03","date_gmt":"2026-01-28T20:33:03","guid":{"rendered":"https:\/\/bellinzoni.net\/pt\/?post_type=product&#038;p=1000189"},"modified":"2026-03-16T12:46:44","modified_gmt":"2026-03-16T12:46:44","slug":"quartzo-sujeiras-dificeis-cores-escuras","status":"publish","type":"product","link":"https:\/\/bellinzoni.net\/pt\/produto\/quartzo-sujeiras-dificeis-cores-escuras\/","title":{"rendered":"Quartzo Sujeiras Dif\u00edceis Cores Escuras"},"content":{"rendered":"<p data-start=\"297\" data-end=\"347\"><strong data-start=\"297\" data-end=\"310\">Descri\u00e7\u00e3o<\/strong><br data-start=\"310\" data-end=\"313\" \/>C\u00f3digo do Produto: 400 ml \u2013 003046<\/p>\n<hr data-start=\"349\" data-end=\"352\" \/>\n<p data-start=\"354\" data-end=\"392\"><strong data-start=\"354\" data-end=\"382\">Superf\u00edcies de Aplica\u00e7\u00e3o<\/strong><br data-start=\"382\" data-end=\"385\" \/>Quartzo<\/p>\n<hr data-start=\"394\" data-end=\"397\" \/>\n<p data-start=\"399\" data-end=\"420\"><strong data-start=\"399\" data-end=\"420\">Instru\u00e7\u00f5es de Uso<\/strong><\/p>\n<p data-start=\"422\" data-end=\"447\"><strong data-start=\"422\" data-end=\"447\">Prepara\u00e7\u00e3o do produto<\/strong><\/p>\n<p data-start=\"449\" data-end=\"473\">Agite bem antes de usar.<\/p>\n<p data-start=\"475\" data-end=\"499\"><strong data-start=\"475\" data-end=\"499\">Aplica\u00e7\u00e3o do produto<\/strong><\/p>\n<p data-start=\"501\" data-end=\"556\">Aplique o produto diretamente sobre a superf\u00edcie \u00famida.<\/p>\n<p data-start=\"558\" data-end=\"569\"><strong data-start=\"558\" data-end=\"569\">Limpeza<\/strong><\/p>\n<p data-start=\"571\" data-end=\"665\">Com aux\u00edlio de um pano macio ou esponja, espalhe o produto realizando a limpeza da superf\u00edcie.<\/p>\n<p data-start=\"667\" data-end=\"788\">Aten\u00e7\u00e3o: n\u00e3o utilize o lado verde da esponja de cozinha ou qualquer outro utens\u00edlio abrasivo que possa riscar o material.<\/p>\n<p data-start=\"790\" data-end=\"812\"><strong data-start=\"790\" data-end=\"812\">Remo\u00e7\u00e3o do produto<\/strong><\/p>\n<p data-start=\"814\" data-end=\"900\">Ap\u00f3s a limpeza, enx\u00e1gue a superf\u00edcie ou remova o produto com aux\u00edlio de um pano \u00famido.<\/p>\n<p data-start=\"902\" data-end=\"916\"><strong data-start=\"902\" data-end=\"916\">Observa\u00e7\u00e3o<\/strong><\/p>\n<p data-start=\"918\" data-end=\"1015\" data-is-last-node=\"\" data-is-only-node=\"\">Recomenda-se realizar um teste pr\u00e9vio em uma pequena \u00e1rea antes da aplica\u00e7\u00e3o completa do produto.<\/p>\n<hr \/>\n<h5 class=\"no-margin\">Downloads<\/h5>\n<hr \/>\n<ul>\n<li style=\"list-style-type: none;\">\n<ul>\n<li style=\"list-style-type: none;\">\n<ul>\n<li><strong><a href=\"http:\/\/bellinzoni.net\/fichas_tecnicas\/quartzo_sujeiras_dificieis_escuras.pdf\" target=\"_blank\" rel=\"noopener noreferrer\">Ficha T\u00e9cnica do Produto<\/a><\/strong><\/li>\n<li><strong><a href=\"http:\/\/bellinzoni.net\/fispqs\/Quartzo%20Sujeiras%20Dificeis%20Cores%20Escuras-FISPQ-BLZ101.pdf\" target=\"_blank\" rel=\"noopener noreferrer\">Ficha de Seguran\u00e7a \u2013\u00a0FISPQ<\/a><\/strong><\/li>\n<\/ul>\n<\/li>\n<\/ul>\n<\/li>\n<\/ul>\n","protected":false},"excerpt":{"rendered":"<p>Produto composto por finos gr\u00e3os destinados a limpeza e remo\u00e7\u00e3o de sujeiras impregnadas em materiais de quartzo ( Silestone, Santa Margherita e etc ). Levemente cremoso, limpa facilmente a superf\u00edcie e seus rejuntes. Quartzo Sujeiras Dif\u00edceis Cores Escuras \u00e9 perfeito para os materiais que possuem colora\u00e7\u00e3o e necessitem de manuten\u00e7\u00e3o sem agredir suas cores.<\/p>\n","protected":false},"featured_media":1001822,"template":"","meta":[],"product_brand":[],"product_cat":[68],"product_tag":[],"class_list":{"0":"post-1000189","1":"product","2":"type-product","3":"status-publish","4":"has-post-thumbnail","6":"product_cat-corporate","8":"first","9":"instock","10":"virtual","11":"product-type-simple"},"_links":{"self":[{"href":"https:\/\/bellinzoni.net\/pt\/wp-json\/wp\/v2\/product\/1000189","targetHints":{"allow":["GET"]}}],"collection":[{"href":"https:\/\/bellinzoni.net\/pt\/wp-json\/wp\/v2\/product"}],"about":[{"href":"https:\/\/bellinzoni.net\/pt\/wp-json\/wp\/v2\/types\/product"}],"version-history":[{"count":4,"href":"https:\/\/bellinzoni.net\/pt\/wp-json\/wp\/v2\/product\/1000189\/revisions"}],"predecessor-version":[{"id":1001998,"href":"https:\/\/bellinzoni.net\/pt\/wp-json\/wp\/v2\/product\/1000189\/revisions\/1001998"}],"wp:featuredmedia":[{"embeddable":true,"href":"https:\/\/bellinzoni.net\/pt\/wp-json\/wp\/v2\/media\/1001822"}],"wp:attachment":[{"href":"https:\/\/bellinzoni.net\/pt\/wp-json\/wp\/v2\/media?parent=1000189"}],"wp:term":[{"taxonomy":"product_brand","embeddable":true,"href":"https:\/\/bellinzoni.net\/pt\/wp-json\/wp\/v2\/product_brand?post=1000189"},{"taxonomy":"product_cat","embeddable":true,"href":"https:\/\/bellinzoni.net\/pt\/wp-json\/wp\/v2\/product_cat?post=1000189"},{"taxonomy":"product_tag","embeddable":true,"href":"https:\/\/bellinzoni.net\/pt\/wp-json\/wp\/v2\/product_tag?post=1000189"}],"curies":[{"name":"wp","href":"https:\/\/api.w.org\/{rel}","templated":true}]}}