{"id":1000190,"date":"2026-01-28T20:33:03","date_gmt":"2026-01-28T20:33:03","guid":{"rendered":"https:\/\/bellinzoni.net\/pt\/?post_type=product&#038;p=1000190"},"modified":"2026-03-16T12:44:35","modified_gmt":"2026-03-16T12:44:35","slug":"quartzo-renovador-de-cor","status":"publish","type":"product","link":"https:\/\/bellinzoni.net\/pt\/produto\/quartzo-renovador-de-cor\/","title":{"rendered":"Quartzo Renovador de Cor"},"content":{"rendered":"<p data-start=\"620\" data-end=\"670\"><strong data-start=\"620\" data-end=\"633\">Descri\u00e7\u00e3o<\/strong><br data-start=\"633\" data-end=\"636\" \/>C\u00f3digo do Produto: 170 ml \u2013 003044<\/p>\n<hr data-start=\"672\" data-end=\"675\" \/>\n<p data-start=\"677\" data-end=\"715\"><strong data-start=\"677\" data-end=\"705\">Superf\u00edcies de Aplica\u00e7\u00e3o<\/strong><br data-start=\"705\" data-end=\"708\" \/>Quartzo<\/p>\n<hr data-start=\"717\" data-end=\"720\" \/>\n<p data-start=\"722\" data-end=\"743\"><strong data-start=\"722\" data-end=\"743\">Instru\u00e7\u00f5es de Uso<\/strong><\/p>\n<p data-start=\"745\" data-end=\"773\"><strong data-start=\"745\" data-end=\"773\">Prepara\u00e7\u00e3o da superf\u00edcie<\/strong><\/p>\n<p data-start=\"775\" data-end=\"899\">A superf\u00edcie a ser tratada deve estar completamente limpa e seca, livre de umidade, poeira, ceras ou qualquer outro res\u00edduo.<\/p>\n<p data-start=\"901\" data-end=\"925\"><strong data-start=\"901\" data-end=\"925\">Aplica\u00e7\u00e3o do produto<\/strong><\/p>\n<p data-start=\"927\" data-end=\"1063\">Aplique o Quartzo Renovador de Cor com aux\u00edlio de um pano limpo e macio, espalhando o produto de forma uniforme sobre toda a superf\u00edcie.<\/p>\n<p data-start=\"1065\" data-end=\"1148\">O produto est\u00e1 pronto para uso e n\u00e3o deve ser dilu\u00eddo com \u00e1gua ou outros solventes.<\/p>\n<p data-start=\"1150\" data-end=\"1164\"><strong data-start=\"1150\" data-end=\"1164\">Observa\u00e7\u00e3o<\/strong><\/p>\n<p data-start=\"1166\" data-end=\"1315\">Recomenda-se sempre realizar um teste pr\u00e9vio em uma pequena \u00e1rea para verificar a compatibilidade e o resultado desejado antes da aplica\u00e7\u00e3o completa.<\/p>\n<hr data-start=\"1317\" data-end=\"1320\" \/>\n<p data-start=\"1322\" data-end=\"1336\"><strong data-start=\"1322\" data-end=\"1336\">Rendimento<\/strong><\/p>\n<p data-start=\"1338\" data-end=\"1418\" data-is-last-node=\"\" data-is-only-node=\"\">O rendimento pode variar conforme a porosidade e a absor\u00e7\u00e3o do material tratado.<\/p>\n<hr \/>\n<h5 class=\"no-margin\">Downloads<\/h5>\n<hr \/>\n<ul>\n<li style=\"list-style-type: none;\">\n<ul>\n<li style=\"list-style-type: none;\">\n<ul>\n<li><strong><a href=\"http:\/\/bellinzoni.net\/fichas_tecnicas\/quartzo-renovador-de-cor.pdf\" target=\"_blank\" rel=\"noopener noreferrer\">Ficha T\u00e9cnica do Produto<\/a><\/strong><\/li>\n<li><strong><a href=\"http:\/\/bellinzoni.net\/fispqs\/Quartzo%20renovador%20de%20cor%20170%20ml-FISPQ-BLZ103.pdf\" target=\"_blank\" rel=\"noopener noreferrer\">Ficha de Seguran\u00e7a \u2013\u00a0FISPQ<\/a><\/strong><\/li>\n<\/ul>\n<\/li>\n<\/ul>\n<\/li>\n<\/ul>\n","protected":false},"excerpt":{"rendered":"<p>Produto renovador de cor, excelente para elimina\u00e7\u00e3o de marcas de copo, prote\u00e7\u00e3o da superf\u00edcie e ativa\u00e7\u00e3o da cor do material \u00e0 base de quartzo e resina ( Silestone, Santa Margherita, e etc ). Pode ser usado, em materiais novos ou desgastados. Possui poder de impregna\u00e7\u00e3o e n\u00e3o forma excesso. Bloqueia a forma\u00e7\u00e3o de efloresc\u00eancia, umidade e mofo. Pode ser usado sobre todas as cores.<\/p>\n","protected":false},"featured_media":1000220,"template":"","meta":[],"product_brand":[],"product_cat":[68],"product_tag":[],"class_list":{"0":"post-1000190","1":"product","2":"type-product","3":"status-publish","4":"has-post-thumbnail","6":"product_cat-corporate","8":"first","9":"instock","10":"virtual","11":"product-type-simple"},"_links":{"self":[{"href":"https:\/\/bellinzoni.net\/pt\/wp-json\/wp\/v2\/product\/1000190","targetHints":{"allow":["GET"]}}],"collection":[{"href":"https:\/\/bellinzoni.net\/pt\/wp-json\/wp\/v2\/product"}],"about":[{"href":"https:\/\/bellinzoni.net\/pt\/wp-json\/wp\/v2\/types\/product"}],"version-history":[{"count":5,"href":"https:\/\/bellinzoni.net\/pt\/wp-json\/wp\/v2\/product\/1000190\/revisions"}],"predecessor-version":[{"id":1001996,"href":"https:\/\/bellinzoni.net\/pt\/wp-json\/wp\/v2\/product\/1000190\/revisions\/1001996"}],"wp:featuredmedia":[{"embeddable":true,"href":"https:\/\/bellinzoni.net\/pt\/wp-json\/wp\/v2\/media\/1000220"}],"wp:attachment":[{"href":"https:\/\/bellinzoni.net\/pt\/wp-json\/wp\/v2\/media?parent=1000190"}],"wp:term":[{"taxonomy":"product_brand","embeddable":true,"href":"https:\/\/bellinzoni.net\/pt\/wp-json\/wp\/v2\/product_brand?post=1000190"},{"taxonomy":"product_cat","embeddable":true,"href":"https:\/\/bellinzoni.net\/pt\/wp-json\/wp\/v2\/product_cat?post=1000190"},{"taxonomy":"product_tag","embeddable":true,"href":"https:\/\/bellinzoni.net\/pt\/wp-json\/wp\/v2\/product_tag?post=1000190"}],"curies":[{"name":"wp","href":"https:\/\/api.w.org\/{rel}","templated":true}]}}