{"id":1000191,"date":"2026-02-13T20:33:03","date_gmt":"2026-02-13T20:33:03","guid":{"rendered":"https:\/\/bellinzoni.net\/pt\/?post_type=product&#038;p=1000191"},"modified":"2026-03-27T16:01:16","modified_gmt":"2026-03-27T16:01:16","slug":"color-quartzo","status":"publish","type":"product","link":"https:\/\/bellinzoni.net\/pt\/produto\/color-quartzo\/","title":{"rendered":"Color Quartzo"},"content":{"rendered":"<div class=\"flex flex-col text-sm pb-25\">\n<section class=\"text-token-text-primary w-full focus:outline-none [--shadow-height:45px] has-data-writing-block:pointer-events-none has-data-writing-block:-mt-(--shadow-height) has-data-writing-block:pt-(--shadow-height) [&amp;:has([data-writing-block])&gt;*]:pointer-events-auto scroll-mt-[calc(var(--header-height)+min(200px,max(70px,20svh)))]\" dir=\"auto\" data-turn-id=\"request-69b7f979-be64-8329-a0b1-b177f97d4070-2\" data-testid=\"conversation-turn-218\" data-scroll-anchor=\"true\" data-turn=\"assistant\">\n<div class=\"text-base my-auto mx-auto pb-10 [--thread-content-margin:var(--thread-content-margin-xs,calc(var(--spacing)*4))] @w-sm\/main:[--thread-content-margin:var(--thread-content-margin-sm,calc(var(--spacing)*6))] @w-lg\/main:[--thread-content-margin:var(--thread-content-margin-lg,calc(var(--spacing)*16))] px-(--thread-content-margin)\">\n<div class=\"[--thread-content-max-width:40rem] @w-lg\/main:[--thread-content-max-width:48rem] mx-auto max-w-(--thread-content-max-width) flex-1 group\/turn-messages focus-visible:outline-hidden relative flex w-full min-w-0 flex-col agent-turn\">\n<div class=\"flex max-w-full flex-col gap-4 grow\">\n<div class=\"min-h-8 text-message relative flex w-full flex-col items-end gap-2 text-start break-words whitespace-normal outline-none keyboard-focused:focus-ring [.text-message+&amp;]:mt-1\" dir=\"auto\" tabindex=\"0\" data-message-author-role=\"assistant\" data-message-id=\"7ba4aba0-a5ab-45f2-89a8-5510e11ec034\" data-message-model-slug=\"gpt-5-3\" data-turn-start-message=\"true\">\n<div class=\"flex w-full flex-col gap-1 empty:hidden\">\n<div class=\"markdown prose dark:prose-invert w-full wrap-break-word dark markdown-new-styling\">\n<p data-start=\"305\" data-end=\"355\"><strong data-start=\"305\" data-end=\"318\">Descri\u00e7\u00e3o<\/strong><br data-start=\"318\" data-end=\"321\" \/>C\u00f3digo do Produto: 900 ml \u2013 001449<\/p>\n<hr data-start=\"357\" data-end=\"360\" \/>\n<p data-start=\"362\" data-end=\"400\"><strong data-start=\"362\" data-end=\"390\">Superf\u00edcies de Aplica\u00e7\u00e3o<\/strong><br data-start=\"390\" data-end=\"393\" \/>Quartzo<\/p>\n<hr data-start=\"402\" data-end=\"405\" \/>\n<p data-start=\"407\" data-end=\"428\"><strong data-start=\"407\" data-end=\"428\">Instru\u00e7\u00f5es de Uso<\/strong><\/p>\n<hr data-start=\"505\" data-end=\"508\" \/>\n<p data-start=\"656\" data-end=\"684\"><strong data-start=\"656\" data-end=\"684\">Prepara\u00e7\u00e3o da superf\u00edcie<\/strong><\/p>\n<ul data-start=\"686\" data-end=\"805\">\n<li data-section-id=\"1xzalbr\" data-start=\"686\" data-end=\"805\">\n<p data-start=\"688\" data-end=\"805\">A superf\u00edcie deve estar completamente limpa, seca e livre de poeira, ceras ou res\u00edduos antes da aplica\u00e7\u00e3o do produto.<\/p>\n<\/li>\n<\/ul>\n<p data-start=\"807\" data-end=\"831\"><strong data-start=\"807\" data-end=\"831\">Aplica\u00e7\u00e3o do produto<\/strong><\/p>\n<ul data-start=\"833\" data-end=\"1011\">\n<li data-section-id=\"1oqg7k\" data-start=\"833\" data-end=\"926\">\n<p data-start=\"835\" data-end=\"926\">Aplicar o produto de forma uniforme e cont\u00ednua utilizando pano, estopa ou rolo de espuma.<\/p>\n<\/li>\n<li data-section-id=\"1h1ij6r\" data-start=\"927\" data-end=\"1011\">\n<p data-start=\"929\" data-end=\"1011\">Espalhar de maneira homog\u00eanea sobre toda a \u00e1rea para garantir acabamento uniforme.<\/p>\n<\/li>\n<\/ul>\n<p data-start=\"1013\" data-end=\"1035\"><strong data-start=\"1013\" data-end=\"1035\">Remo\u00e7\u00e3o de excesso<\/strong><\/p>\n<ul data-start=\"1037\" data-end=\"1145\">\n<li data-section-id=\"77tlwx\" data-start=\"1037\" data-end=\"1145\">\n<p data-start=\"1039\" data-end=\"1145\">Caso necess\u00e1rio, realizar a remo\u00e7\u00e3o de eventuais excessos com pano limpo para evitar marcas na superf\u00edcie.<\/p>\n<\/li>\n<\/ul>\n<p data-start=\"1147\" data-end=\"1161\"><strong data-start=\"1147\" data-end=\"1161\">Observa\u00e7\u00e3o<\/strong><\/p>\n<ul data-start=\"1163\" data-end=\"1339\">\n<li data-section-id=\"1r2cvtd\" data-start=\"1163\" data-end=\"1247\">\n<p data-start=\"1165\" data-end=\"1247\">O produto \u00e9 pronto para uso e n\u00e3o deve ser dilu\u00eddo com \u00e1gua ou outros solventes.<\/p>\n<\/li>\n<li data-section-id=\"4a79e7\" data-start=\"1248\" data-end=\"1339\">\n<p data-start=\"1250\" data-end=\"1339\">Recomenda-se sempre realizar um teste pr\u00e9vio em pequena \u00e1rea antes da aplica\u00e7\u00e3o completa.<\/p>\n<\/li>\n<\/ul>\n<p data-start=\"1341\" data-end=\"1354\"><strong data-start=\"1341\" data-end=\"1354\">Resultado<\/strong><\/p>\n<ul data-start=\"1356\" data-end=\"1504\">\n<li data-section-id=\"meewab\" data-start=\"1356\" data-end=\"1504\">\n<p data-start=\"1358\" data-end=\"1504\">Proporciona prote\u00e7\u00e3o contra umidade e agentes externos, al\u00e9m de ativar e uniformizar a cor do material, melhorando o aspecto visual da superf\u00edcie.<\/p>\n<\/li>\n<\/ul>\n<\/div>\n<\/div>\n<\/div>\n<\/div>\n<\/div>\n<\/div>\n<\/section>\n<\/div>\n<hr \/>\n<h5 class=\"no-margin\">Downloads<\/h5>\n<hr \/>\n<ul>\n<li style=\"list-style-type: none;\">\n<ul>\n<li style=\"list-style-type: none;\">\n<ul>\n<li><strong><a href=\"http:\/\/bellinzoni.net\/fichas_tecnicas\/color_quartzo.pdf\" target=\"_blank\" rel=\"noopener noreferrer\">Ficha T\u00e9cnica do Produto<\/a><\/strong><\/li>\n<li><strong><a href=\"http:\/\/bellinzoni.net\/fispq\/ColorQuartzo-FISPQ-BLZ044.pdf\" target=\"_blank\" rel=\"noopener noreferrer\">Ficha de Seguran\u00e7a \u2013\u00a0FISPQ<\/a><\/strong><\/li>\n<\/ul>\n<\/li>\n<\/ul>\n<\/li>\n<\/ul>\n","protected":false},"excerpt":{"rendered":"<p>Protege e ativa a cor do material \u00e0 base de quartzo e resina. Pode ser usado, em materiais novos ou desgastados. Excelente para igualar a cor em acabamentos de cor ou bordas. Possui poder de impregna\u00e7\u00e3o e n\u00e3o forma excesso. Bloqueia a forma\u00e7\u00e3o de efloresc\u00eancia, umidade e mofo. Pode ser usado sobre todas as cores.<\/p>\n","protected":false},"featured_media":1002475,"template":"","meta":[],"product_brand":[],"product_cat":[74],"product_tag":[],"class_list":{"0":"post-1000191","1":"product","2":"type-product","3":"status-publish","4":"has-post-thumbnail","6":"product_cat-profissional","8":"first","9":"instock","10":"virtual","11":"product-type-simple"},"_links":{"self":[{"href":"https:\/\/bellinzoni.net\/pt\/wp-json\/wp\/v2\/product\/1000191","targetHints":{"allow":["GET"]}}],"collection":[{"href":"https:\/\/bellinzoni.net\/pt\/wp-json\/wp\/v2\/product"}],"about":[{"href":"https:\/\/bellinzoni.net\/pt\/wp-json\/wp\/v2\/types\/product"}],"version-history":[{"count":7,"href":"https:\/\/bellinzoni.net\/pt\/wp-json\/wp\/v2\/product\/1000191\/revisions"}],"predecessor-version":[{"id":1002477,"href":"https:\/\/bellinzoni.net\/pt\/wp-json\/wp\/v2\/product\/1000191\/revisions\/1002477"}],"wp:featuredmedia":[{"embeddable":true,"href":"https:\/\/bellinzoni.net\/pt\/wp-json\/wp\/v2\/media\/1002475"}],"wp:attachment":[{"href":"https:\/\/bellinzoni.net\/pt\/wp-json\/wp\/v2\/media?parent=1000191"}],"wp:term":[{"taxonomy":"product_brand","embeddable":true,"href":"https:\/\/bellinzoni.net\/pt\/wp-json\/wp\/v2\/product_brand?post=1000191"},{"taxonomy":"product_cat","embeddable":true,"href":"https:\/\/bellinzoni.net\/pt\/wp-json\/wp\/v2\/product_cat?post=1000191"},{"taxonomy":"product_tag","embeddable":true,"href":"https:\/\/bellinzoni.net\/pt\/wp-json\/wp\/v2\/product_tag?post=1000191"}],"curies":[{"name":"wp","href":"https:\/\/api.w.org\/{rel}","templated":true}]}}