{"id":1000192,"date":"2026-02-14T20:33:03","date_gmt":"2026-02-14T20:33:03","guid":{"rendered":"https:\/\/bellinzoni.net\/pt\/?post_type=product&#038;p=1000192"},"modified":"2026-03-27T15:35:31","modified_gmt":"2026-03-27T15:35:31","slug":"idea-gold","status":"publish","type":"product","link":"https:\/\/bellinzoni.net\/pt\/produto\/idea-gold\/","title":{"rendered":"Idea Gold"},"content":{"rendered":"<p class=\"no-margin\">C\u00f3digo do Produto: 900 ml \u2013 001621<\/p>\n<hr \/>\n<h5 class=\"no-margin\">Superf\u00edcies de Aplica\u00e7\u00e3o<\/h5>\n<hr \/>\n<ul>\n<li>Cer\u00e2mica<\/li>\n<li>M\u00e1rmore<\/li>\n<li>Granito<\/li>\n<li>Cimento<\/li>\n<li>Tijolo<\/li>\n<li>Pedras em Geral<\/li>\n<\/ul>\n<hr \/>\n<h5 class=\"no-margin\">Instru\u00e7\u00f5es de Uso<\/h5>\n<hr \/>\n<p data-start=\"584\" data-end=\"612\"><strong data-start=\"584\" data-end=\"612\">Prepara\u00e7\u00e3o da superf\u00edcie<\/strong><\/p>\n<ul data-start=\"614\" data-end=\"776\">\n<li data-section-id=\"vaxmiv\" data-start=\"614\" data-end=\"713\">\n<p data-start=\"616\" data-end=\"713\">A superf\u00edcie deve estar completamente limpa, seca e livre de poeira, ceras ou qualquer res\u00edduo.<\/p>\n<\/li>\n<li data-section-id=\"1kr2jun\" data-start=\"714\" data-end=\"776\">\n<p data-start=\"716\" data-end=\"776\">Garantir que n\u00e3o haja umidade antes da aplica\u00e7\u00e3o do produto.<\/p>\n<\/li>\n<\/ul>\n<p data-start=\"778\" data-end=\"802\"><strong data-start=\"778\" data-end=\"802\">Aplica\u00e7\u00e3o do produto<\/strong><\/p>\n<ul data-start=\"804\" data-end=\"1086\">\n<li data-section-id=\"1crfdj5\" data-start=\"804\" data-end=\"895\">\n<p data-start=\"806\" data-end=\"895\">Aplicar o Idea Gold de maneira uniforme e cont\u00ednua com aux\u00edlio de rolo de espuma limpo.<\/p>\n<\/li>\n<li data-section-id=\"1vnj4pd\" data-start=\"896\" data-end=\"1014\">\n<p data-start=\"898\" data-end=\"1014\">Pressionar levemente durante a aplica\u00e7\u00e3o para favorecer a penetra\u00e7\u00e3o do produto em rachaduras, cantos e cavidades.<\/p>\n<\/li>\n<li data-section-id=\"ckhefp\" data-start=\"1015\" data-end=\"1086\">\n<p data-start=\"1017\" data-end=\"1086\">Distribuir o produto de forma homog\u00eanea em toda a \u00e1rea a ser tratada.<\/p>\n<\/li>\n<\/ul>\n<p data-start=\"1088\" data-end=\"1105\"><strong data-start=\"1088\" data-end=\"1105\">Tempo de a\u00e7\u00e3o<\/strong><\/p>\n<ul data-start=\"1107\" data-end=\"1202\">\n<li data-section-id=\"166dh3c\" data-start=\"1107\" data-end=\"1202\">\n<p data-start=\"1109\" data-end=\"1202\">Aguardar aproximadamente 5 minutos ap\u00f3s a aplica\u00e7\u00e3o para absor\u00e7\u00e3o do produto pela superf\u00edcie.<\/p>\n<\/li>\n<\/ul>\n<p data-start=\"1204\" data-end=\"1226\"><strong data-start=\"1204\" data-end=\"1226\">Remo\u00e7\u00e3o de excesso<\/strong><\/p>\n<ul data-start=\"1228\" data-end=\"1380\">\n<li data-section-id=\"hltrf6\" data-start=\"1228\" data-end=\"1293\">\n<p data-start=\"1230\" data-end=\"1293\">Remover o excesso com pano \u00famido antes da secagem do produto.<\/p>\n<\/li>\n<li data-section-id=\"15e4amv\" data-start=\"1294\" data-end=\"1380\">\n<p data-start=\"1296\" data-end=\"1380\">Caso ocorra excesso, realizar a remo\u00e7\u00e3o imediata friccionando com pano limpo e seco.<\/p>\n<\/li>\n<\/ul>\n<p data-start=\"1382\" data-end=\"1403\"><strong data-start=\"1382\" data-end=\"1403\">Dem\u00e3os adicionais<\/strong><\/p>\n<ul data-start=\"1405\" data-end=\"1523\">\n<li data-section-id=\"1fqqlt3\" data-start=\"1405\" data-end=\"1523\">\n<p data-start=\"1407\" data-end=\"1523\">Em materiais brutos ou muito porosos, aplicar duas dem\u00e3os com intervalo de aproximadamente 2 horas entre aplica\u00e7\u00f5es.<\/p>\n<\/li>\n<\/ul>\n<p data-start=\"1525\" data-end=\"1557\"><strong data-start=\"1525\" data-end=\"1557\">Cuidados durante a aplica\u00e7\u00e3o<\/strong><\/p>\n<ul data-start=\"1559\" data-end=\"1761\">\n<li data-section-id=\"yxn7ad\" data-start=\"1559\" data-end=\"1613\">\n<p data-start=\"1561\" data-end=\"1613\">N\u00e3o diluir o produto com \u00e1gua ou outros solventes.<\/p>\n<\/li>\n<li data-section-id=\"1xciog4\" data-start=\"1614\" data-end=\"1681\">\n<p data-start=\"1616\" data-end=\"1681\">N\u00e3o permitir que o excesso do produto seque sobre a superf\u00edcie.<\/p>\n<\/li>\n<li data-section-id=\"ofmsg3\" data-start=\"1682\" data-end=\"1761\">\n<p data-start=\"1684\" data-end=\"1761\">Proteger a \u00e1rea contra chuva ou umidade nas primeiras horas ap\u00f3s a aplica\u00e7\u00e3o.<\/p>\n<\/li>\n<\/ul>\n<p data-start=\"1763\" data-end=\"1776\"><strong data-start=\"1763\" data-end=\"1776\">Resultado<\/strong><\/p>\n<ul>\n<li style=\"list-style-type: none;\">\n<ul data-start=\"1778\" data-end=\"1904\">\n<li data-section-id=\"1eqwcpo\" data-start=\"1778\" data-end=\"1904\">\n<p data-start=\"1780\" data-end=\"1904\">Proporciona prote\u00e7\u00e3o eficiente contra l\u00edquidos e manchas, mantendo o aspecto natural da superf\u00edcie sem forma\u00e7\u00e3o de pel\u00edcula.<\/p>\n<\/li>\n<\/ul>\n<\/li>\n<\/ul>\n<hr \/>\n<h5 class=\"no-margin\">Downloads<\/h5>\n<hr \/>\n<ul>\n<li style=\"list-style-type: none;\">\n<ul>\n<li style=\"list-style-type: none;\">\n<ul>\n<li><strong><a href=\"http:\/\/bellinzoni.net\/fichas_tecnicas\/idea_gold.pdf\" target=\"_blank\" rel=\"noopener noreferrer\">Ficha T\u00e9cnica do Produto<\/a><\/strong><\/li>\n<li><strong><a href=\"http:\/\/bellinzoni.net\/fispq\/Idea%20Gold.FISPQ-BLZ037.pdf\" target=\"_blank\" rel=\"noopener noreferrer\">Ficha de Seguran\u00e7a \u2013\u00a0FISPQ<\/a><\/strong><\/li>\n<\/ul>\n<\/li>\n<\/ul>\n<\/li>\n<\/ul>\n","protected":false},"excerpt":{"rendered":"<p>Impermeabilizante desenvolvido com nanotecnologia que proporciona excepcional efic\u00e1cia contra diversas manchas. Pode ser usado em m\u00e1rmore, granito, tijolo, cimento, cer\u00e2mica e pedras em geral. O produto reage quimicamente com a superf\u00edcie do mineral na natureza tornando-se muito eficaz durante longo prazo de tempo. Bloqueia a penetra\u00e7\u00e3o de \u00e1gua, petr\u00f3leo, alimentos gordurosos, umidade, bloqueia a libera\u00e7\u00e3o de efloresc\u00eancia salina e forma\u00e7\u00e3o de bolor. Protege contra chuva \u00e1cida e <strong>n\u00e3o altera a textura do material<\/strong>. N\u00e3o forma pel\u00edcula e \u00e9 hidrofugante. Em alguns materiais brutos pode ativar levemente a cor do material. Oferece excelente resist\u00eancia \u00e0s intemp\u00e9ries e aos raios UV. Idea Gold tamb\u00e9m \u00e9 adequado para a consolida\u00e7\u00e3o e prote\u00e7\u00e3o de superf\u00edcies fr\u00e1geis e corro\u00eddas. Efeito espetacular \u2018\u2019P\u00e9rola\u2019\u2019: as gotas de \u00e1gua na superf\u00edcie s\u00e3o dispostas na forma de esferas, que fluem sobre o sopro do ar.<\/p>\n","protected":false},"featured_media":1002468,"template":"","meta":[],"product_brand":[],"product_cat":[74],"product_tag":[],"class_list":{"0":"post-1000192","1":"product","2":"type-product","3":"status-publish","4":"has-post-thumbnail","6":"product_cat-profissional","8":"first","9":"instock","10":"virtual","11":"product-type-simple"},"_links":{"self":[{"href":"https:\/\/bellinzoni.net\/pt\/wp-json\/wp\/v2\/product\/1000192","targetHints":{"allow":["GET"]}}],"collection":[{"href":"https:\/\/bellinzoni.net\/pt\/wp-json\/wp\/v2\/product"}],"about":[{"href":"https:\/\/bellinzoni.net\/pt\/wp-json\/wp\/v2\/types\/product"}],"version-history":[{"count":3,"href":"https:\/\/bellinzoni.net\/pt\/wp-json\/wp\/v2\/product\/1000192\/revisions"}],"predecessor-version":[{"id":1002177,"href":"https:\/\/bellinzoni.net\/pt\/wp-json\/wp\/v2\/product\/1000192\/revisions\/1002177"}],"wp:featuredmedia":[{"embeddable":true,"href":"https:\/\/bellinzoni.net\/pt\/wp-json\/wp\/v2\/media\/1002468"}],"wp:attachment":[{"href":"https:\/\/bellinzoni.net\/pt\/wp-json\/wp\/v2\/media?parent=1000192"}],"wp:term":[{"taxonomy":"product_brand","embeddable":true,"href":"https:\/\/bellinzoni.net\/pt\/wp-json\/wp\/v2\/product_brand?post=1000192"},{"taxonomy":"product_cat","embeddable":true,"href":"https:\/\/bellinzoni.net\/pt\/wp-json\/wp\/v2\/product_cat?post=1000192"},{"taxonomy":"product_tag","embeddable":true,"href":"https:\/\/bellinzoni.net\/pt\/wp-json\/wp\/v2\/product_tag?post=1000192"}],"curies":[{"name":"wp","href":"https:\/\/api.w.org\/{rel}","templated":true}]}}