{"id":1000193,"date":"2026-02-14T20:33:03","date_gmt":"2026-02-14T20:33:03","guid":{"rendered":"https:\/\/bellinzoni.net\/pt\/?post_type=product&#038;p=1000193"},"modified":"2026-03-27T15:35:37","modified_gmt":"2026-03-27T15:35:37","slug":"idea-hp","status":"publish","type":"product","link":"https:\/\/bellinzoni.net\/pt\/produto\/idea-hp\/","title":{"rendered":"Idea HP"},"content":{"rendered":"<p class=\"no-margin\">C\u00f3digo do Produto: 900 ml \u2013 001718 | 5 litros \u2013 000263 | 20 litros \u2013 000260<\/p>\n<hr \/>\n<h5 class=\"no-margin\">Superf\u00edcies de Aplica\u00e7\u00e3o<\/h5>\n<hr \/>\n<ul>\n<li>Porcelanato<\/li>\n<li>M\u00e1rmore<\/li>\n<li>Granito<\/li>\n<li>Pedras em Geral<\/li>\n<\/ul>\n<hr \/>\n<h5 class=\"no-margin\">Instru\u00e7\u00f5es de Uso<\/h5>\n<hr \/>\n<p data-start=\"720\" data-end=\"748\"><strong data-start=\"720\" data-end=\"748\">Prepara\u00e7\u00e3o da superf\u00edcie<\/strong><\/p>\n<ul data-start=\"750\" data-end=\"904\">\n<li data-section-id=\"1ge90su\" data-start=\"750\" data-end=\"841\">\n<p data-start=\"752\" data-end=\"841\">A superf\u00edcie deve estar completamente limpa, seca e livre de poeira, ceras ou res\u00edduos.<\/p>\n<\/li>\n<li data-section-id=\"1kr2jun\" data-start=\"842\" data-end=\"904\">\n<p data-start=\"844\" data-end=\"904\">Garantir que n\u00e3o haja umidade antes da aplica\u00e7\u00e3o do produto.<\/p>\n<\/li>\n<\/ul>\n<p data-start=\"906\" data-end=\"930\"><strong data-start=\"906\" data-end=\"930\">Aplica\u00e7\u00e3o do produto<\/strong><\/p>\n<ul data-start=\"932\" data-end=\"1102\">\n<li data-section-id=\"1llqapd\" data-start=\"932\" data-end=\"1028\">\n<p data-start=\"934\" data-end=\"1028\">Aplicar o Idea HP de forma uniforme e cont\u00ednua sobre a superf\u00edcie utilizando rolo de espuma.<\/p>\n<\/li>\n<li data-section-id=\"2hu7z3\" data-start=\"1029\" data-end=\"1102\">\n<p data-start=\"1031\" data-end=\"1102\">Distribuir o produto de maneira homog\u00eanea em toda a \u00e1rea a ser tratada.<\/p>\n<\/li>\n<\/ul>\n<p data-start=\"1104\" data-end=\"1125\"><strong data-start=\"1104\" data-end=\"1125\">Dem\u00e3os adicionais<\/strong><\/p>\n<ul data-start=\"1127\" data-end=\"1254\">\n<li data-section-id=\"q9zxhy\" data-start=\"1127\" data-end=\"1254\">\n<p data-start=\"1129\" data-end=\"1254\">Em materiais muito porosos, recomenda-se a aplica\u00e7\u00e3o de uma segunda dem\u00e3o ap\u00f3s aproximadamente 2 horas da primeira aplica\u00e7\u00e3o.<\/p>\n<\/li>\n<\/ul>\n<p data-start=\"1256\" data-end=\"1278\"><strong data-start=\"1256\" data-end=\"1278\">Remo\u00e7\u00e3o de excesso<\/strong><\/p>\n<ul data-start=\"1280\" data-end=\"1392\">\n<li data-section-id=\"1o1arb5\" data-start=\"1280\" data-end=\"1392\">\n<p data-start=\"1282\" data-end=\"1392\">Caso haja excesso de produto, realizar a remo\u00e7\u00e3o imediata friccionando a \u00e1rea com um pano embebido em Idea HP.<\/p>\n<\/li>\n<\/ul>\n<p data-start=\"1394\" data-end=\"1408\"><strong data-start=\"1394\" data-end=\"1408\">Observa\u00e7\u00e3o<\/strong><\/p>\n<ul data-start=\"1410\" data-end=\"1579\">\n<li data-section-id=\"n2208j\" data-start=\"1410\" data-end=\"1487\">\n<p data-start=\"1412\" data-end=\"1487\">O produto n\u00e3o forma pel\u00edcula, mantendo a apar\u00eancia natural da superf\u00edcie.<\/p>\n<\/li>\n<li data-section-id=\"4a79e7\" data-start=\"1488\" data-end=\"1579\">\n<p data-start=\"1490\" data-end=\"1579\">Recomenda-se sempre realizar um teste pr\u00e9vio em pequena \u00e1rea antes da aplica\u00e7\u00e3o completa.<\/p>\n<\/li>\n<\/ul>\n<p data-start=\"1581\" data-end=\"1594\"><strong data-start=\"1581\" data-end=\"1594\">Resultado<\/strong><\/p>\n<ul data-start=\"1596\" data-end=\"1717\">\n<li data-section-id=\"5q12jk\" data-start=\"1596\" data-end=\"1717\">\n<p data-start=\"1598\" data-end=\"1717\">Proporciona prote\u00e7\u00e3o eficiente contra manchas causadas por l\u00edquidos e gorduras, mantendo o aspecto natural do material.<\/p>\n<\/li>\n<\/ul>\n<p>&nbsp;<\/p>\n<hr \/>\n<h5 class=\"no-margin\">Downloads<\/h5>\n<hr \/>\n<ul>\n<li style=\"list-style-type: none;\">\n<ul>\n<li style=\"list-style-type: none;\">\n<ul>\n<li><strong><a href=\"http:\/\/bellinzoni.net\/fichas_tecnicas\/idea_hp.pdf\" target=\"_blank\" rel=\"noopener noreferrer\">Ficha T\u00e9cnica do Produto<\/a><\/strong><\/li>\n<li><strong><a href=\"http:\/\/bellinzoni.net\/fispq\/Idea%20HP.FISPQ-BLZ035.pdf\" target=\"_blank\" rel=\"noopener noreferrer\">Ficha de Seguran\u00e7a \u2013\u00a0FISPQ<\/a><\/strong><\/li>\n<\/ul>\n<\/li>\n<\/ul>\n<\/li>\n<\/ul>\n","protected":false},"excerpt":{"rendered":"<p>O Impermeabilizante Idea HP da Bellinzoni impede que seu piso absorva \u00e1gua, \u00f3leo e gordura, principais agentes causadores de manchas. Idea HP mant\u00e9m as caracter\u00edsticas naturais do material, n\u00e3o forma pelicula. Produto desenvolvido especialmente para impermeabilizar contra \u00e1gua e \u00f3leo os m\u00e1rmores, granitos e pedras em geral.<\/p>\n","protected":false},"featured_media":1002467,"template":"","meta":[],"product_brand":[],"product_cat":[74],"product_tag":[],"class_list":{"0":"post-1000193","1":"product","2":"type-product","3":"status-publish","4":"has-post-thumbnail","6":"product_cat-profissional","8":"first","9":"instock","10":"virtual","11":"product-type-simple"},"_links":{"self":[{"href":"https:\/\/bellinzoni.net\/pt\/wp-json\/wp\/v2\/product\/1000193","targetHints":{"allow":["GET"]}}],"collection":[{"href":"https:\/\/bellinzoni.net\/pt\/wp-json\/wp\/v2\/product"}],"about":[{"href":"https:\/\/bellinzoni.net\/pt\/wp-json\/wp\/v2\/types\/product"}],"version-history":[{"count":3,"href":"https:\/\/bellinzoni.net\/pt\/wp-json\/wp\/v2\/product\/1000193\/revisions"}],"predecessor-version":[{"id":1002176,"href":"https:\/\/bellinzoni.net\/pt\/wp-json\/wp\/v2\/product\/1000193\/revisions\/1002176"}],"wp:featuredmedia":[{"embeddable":true,"href":"https:\/\/bellinzoni.net\/pt\/wp-json\/wp\/v2\/media\/1002467"}],"wp:attachment":[{"href":"https:\/\/bellinzoni.net\/pt\/wp-json\/wp\/v2\/media?parent=1000193"}],"wp:term":[{"taxonomy":"product_brand","embeddable":true,"href":"https:\/\/bellinzoni.net\/pt\/wp-json\/wp\/v2\/product_brand?post=1000193"},{"taxonomy":"product_cat","embeddable":true,"href":"https:\/\/bellinzoni.net\/pt\/wp-json\/wp\/v2\/product_cat?post=1000193"},{"taxonomy":"product_tag","embeddable":true,"href":"https:\/\/bellinzoni.net\/pt\/wp-json\/wp\/v2\/product_tag?post=1000193"}],"curies":[{"name":"wp","href":"https:\/\/api.w.org\/{rel}","templated":true}]}}