{"id":1000194,"date":"2026-02-14T20:33:03","date_gmt":"2026-02-14T20:33:03","guid":{"rendered":"https:\/\/bellinzoni.net\/pt\/?post_type=product&#038;p=1000194"},"modified":"2026-03-27T15:54:35","modified_gmt":"2026-03-27T15:54:35","slug":"idea-lime","status":"publish","type":"product","link":"https:\/\/bellinzoni.net\/pt\/produto\/idea-lime\/","title":{"rendered":"Idea Lime"},"content":{"rendered":"<p class=\"no-margin\">C\u00f3digo do Produto: 900 ml \u2013 000285 | 5 litros \u2013 000289 | 20 litros \u2013 000287<\/p>\n<hr \/>\n<h5 class=\"no-margin\">Superf\u00edcies de Aplica\u00e7\u00e3o<\/h5>\n<hr \/>\n<ul>\n<li>Limestone<\/li>\n<li>Sandstone<\/li>\n<li>Porcelanato<\/li>\n<li>Cer\u00e2mica<\/li>\n<li>M\u00e1rmore<\/li>\n<li>Granito<\/li>\n<li>Arenito<\/li>\n<li>Pedras em Geral<\/li>\n<\/ul>\n<hr \/>\n<h5 class=\"no-margin\">Instru\u00e7\u00f5es de Uso<\/h5>\n<hr \/>\n<p data-start=\"845\" data-end=\"873\"><strong data-start=\"845\" data-end=\"873\">Prepara\u00e7\u00e3o da superf\u00edcie<\/strong><\/p>\n<ul data-start=\"875\" data-end=\"1062\">\n<li data-section-id=\"1ge90su\" data-start=\"875\" data-end=\"966\">\n<p data-start=\"877\" data-end=\"966\">A superf\u00edcie deve estar completamente limpa, seca e livre de poeira, ceras ou res\u00edduos.<\/p>\n<\/li>\n<li data-section-id=\"1at4s3e\" data-start=\"967\" data-end=\"1062\">\n<p data-start=\"969\" data-end=\"1062\">Recomenda-se realizar a limpeza pr\u00e9via com detergente Bellinzoni adequado antes da aplica\u00e7\u00e3o.<\/p>\n<\/li>\n<\/ul>\n<p data-start=\"1064\" data-end=\"1088\"><strong data-start=\"1064\" data-end=\"1088\">Aplica\u00e7\u00e3o do produto<\/strong><\/p>\n<ul data-start=\"1090\" data-end=\"1381\">\n<li data-section-id=\"64jstz\" data-start=\"1090\" data-end=\"1145\">\n<p data-start=\"1092\" data-end=\"1145\">O produto \u00e9 pronto para uso e n\u00e3o deve ser dilu\u00eddo.<\/p>\n<\/li>\n<li data-section-id=\"15typke\" data-start=\"1146\" data-end=\"1235\">\n<p data-start=\"1148\" data-end=\"1235\">Aplicar o Idea Lime de forma uniforme e cont\u00ednua utilizando pincel ou rolo de espuma.<\/p>\n<\/li>\n<li data-section-id=\"7hz3l7\" data-start=\"1236\" data-end=\"1381\">\n<p data-start=\"1238\" data-end=\"1381\">Preferencialmente, utilizar pincel com leve press\u00e3o para favorecer a penetra\u00e7\u00e3o do produto em cavidades, poros e irregularidades da superf\u00edcie.<\/p>\n<\/li>\n<\/ul>\n<p data-start=\"1383\" data-end=\"1408\"><strong data-start=\"1383\" data-end=\"1408\">Satura\u00e7\u00e3o do material<\/strong><\/p>\n<ul data-start=\"1410\" data-end=\"1562\">\n<li data-section-id=\"1wfives\" data-start=\"1410\" data-end=\"1562\">\n<p data-start=\"1412\" data-end=\"1562\">Repetir a aplica\u00e7\u00e3o de forma cont\u00ednua, sem interrup\u00e7\u00f5es, at\u00e9 que a superf\u00edcie esteja saturada, ou seja, at\u00e9 que o material n\u00e3o absorva mais o produto.<\/p>\n<\/li>\n<\/ul>\n<p data-start=\"1564\" data-end=\"1572\"><strong data-start=\"1564\" data-end=\"1572\">Cura<\/strong><\/p>\n<ul data-start=\"1574\" data-end=\"1639\">\n<li data-section-id=\"1tx2pka\" data-start=\"1574\" data-end=\"1639\">\n<p data-start=\"1576\" data-end=\"1639\">O tempo total de cura do produto \u00e9 de aproximadamente 24 horas.<\/p>\n<\/li>\n<\/ul>\n<p data-start=\"1641\" data-end=\"1655\"><strong data-start=\"1641\" data-end=\"1655\">Observa\u00e7\u00e3o<\/strong><\/p>\n<ul data-start=\"1657\" data-end=\"1803\">\n<li data-section-id=\"yxn7ad\" data-start=\"1657\" data-end=\"1711\">\n<p data-start=\"1659\" data-end=\"1711\">N\u00e3o diluir o produto com \u00e1gua ou outros solventes.<\/p>\n<\/li>\n<li data-section-id=\"4a79e7\" data-start=\"1712\" data-end=\"1803\">\n<p data-start=\"1714\" data-end=\"1803\">Recomenda-se sempre realizar um teste pr\u00e9vio em pequena \u00e1rea antes da aplica\u00e7\u00e3o completa.<\/p>\n<\/li>\n<\/ul>\n<p data-start=\"1805\" data-end=\"1818\"><strong data-start=\"1805\" data-end=\"1818\">Resultado<\/strong><\/p>\n<ul data-start=\"1820\" data-end=\"2007\">\n<li data-section-id=\"6u7lkq\" data-start=\"1820\" data-end=\"2007\">\n<p data-start=\"1822\" data-end=\"2007\">Proporciona prote\u00e7\u00e3o contra \u00e1gua e \u00f3leo sem alterar a apar\u00eancia natural do material, mantendo acabamento fosco e sem efeito molhado, al\u00e9m de auxiliar na preven\u00e7\u00e3o de sais na superf\u00edcie.<\/p>\n<\/li>\n<\/ul>\n<hr \/>\n<h5 class=\"no-margin\">Downloads<\/h5>\n<hr \/>\n<ul>\n<li style=\"list-style-type: none;\">\n<ul>\n<li style=\"list-style-type: none;\">\n<ul>\n<li><strong><a href=\"http:\/\/bellinzoni.net\/fichas_tecnicas\/idea_lime.pdf\" target=\"_blank\" rel=\"noopener noreferrer\">Ficha T\u00e9cnica do Produto<\/a><\/strong><\/li>\n<li><strong><a href=\"http:\/\/bellinzoni.net\/fispq\/Idea%20Lime-FISPQ-BLZ049.pdf\" target=\"_blank\" rel=\"noopener noreferrer\">Ficha de Seguran\u00e7a \u2013\u00a0FISPQ<\/a><\/strong><\/li>\n<\/ul>\n<\/li>\n<\/ul>\n<\/li>\n<\/ul>\n","protected":false},"excerpt":{"rendered":"<p>Produto desenvolvido especialmente para materiais como Limestone, protegendo contra \u00e1gua e \u00f3leo. IDEA LIME tamb\u00e9m pode ser usado em materiais muito porosos como pedras calc\u00e1rias e arenito. IDEA LIME, ap\u00f3s a aplica\u00e7\u00e3o, na maioria dos casos, \u00e9 transparente e n\u00e3o cria um aspecto molhado ou brilhante para o material tratado. Evita os sais da pedra.<\/p>\n","protected":false},"featured_media":1002466,"template":"","meta":[],"product_brand":[],"product_cat":[74],"product_tag":[],"class_list":{"0":"post-1000194","1":"product","2":"type-product","3":"status-publish","4":"has-post-thumbnail","6":"product_cat-profissional","8":"first","9":"instock","10":"virtual","11":"product-type-simple"},"_links":{"self":[{"href":"https:\/\/bellinzoni.net\/pt\/wp-json\/wp\/v2\/product\/1000194","targetHints":{"allow":["GET"]}}],"collection":[{"href":"https:\/\/bellinzoni.net\/pt\/wp-json\/wp\/v2\/product"}],"about":[{"href":"https:\/\/bellinzoni.net\/pt\/wp-json\/wp\/v2\/types\/product"}],"version-history":[{"count":4,"href":"https:\/\/bellinzoni.net\/pt\/wp-json\/wp\/v2\/product\/1000194\/revisions"}],"predecessor-version":[{"id":1002175,"href":"https:\/\/bellinzoni.net\/pt\/wp-json\/wp\/v2\/product\/1000194\/revisions\/1002175"}],"wp:featuredmedia":[{"embeddable":true,"href":"https:\/\/bellinzoni.net\/pt\/wp-json\/wp\/v2\/media\/1002466"}],"wp:attachment":[{"href":"https:\/\/bellinzoni.net\/pt\/wp-json\/wp\/v2\/media?parent=1000194"}],"wp:term":[{"taxonomy":"product_brand","embeddable":true,"href":"https:\/\/bellinzoni.net\/pt\/wp-json\/wp\/v2\/product_brand?post=1000194"},{"taxonomy":"product_cat","embeddable":true,"href":"https:\/\/bellinzoni.net\/pt\/wp-json\/wp\/v2\/product_cat?post=1000194"},{"taxonomy":"product_tag","embeddable":true,"href":"https:\/\/bellinzoni.net\/pt\/wp-json\/wp\/v2\/product_tag?post=1000194"}],"curies":[{"name":"wp","href":"https:\/\/api.w.org\/{rel}","templated":true}]}}