{"id":1000195,"date":"2026-02-14T20:33:03","date_gmt":"2026-02-14T20:33:03","guid":{"rendered":"https:\/\/bellinzoni.net\/pt\/?post_type=product&#038;p=1000195"},"modified":"2026-03-27T15:31:09","modified_gmt":"2026-03-27T15:31:09","slug":"idea-xc","status":"publish","type":"product","link":"https:\/\/bellinzoni.net\/pt\/produto\/idea-xc\/","title":{"rendered":"Idea XC"},"content":{"rendered":"<p class=\"no-margin\">C\u00f3digo do Produto: 900 ml \u2013 001743 | 5 litros \u2013 001044 | 20 litros \u2013 002080<\/p>\n<hr \/>\n<h5 class=\"no-margin\">Superf\u00edcies de Aplica\u00e7\u00e3o<\/h5>\n<hr \/>\n<ul>\n<li>M\u00e1rmore<\/li>\n<li>Granito<\/li>\n<li>Pedras em Geral<\/li>\n<\/ul>\n<hr \/>\n<h5 class=\"no-margin\">Instru\u00e7\u00f5es de Uso<\/h5>\n<hr \/>\n<p data-start=\"680\" data-end=\"708\"><strong data-start=\"680\" data-end=\"708\">Prepara\u00e7\u00e3o da superf\u00edcie<\/strong><\/p>\n<ul data-start=\"710\" data-end=\"864\">\n<li data-section-id=\"1ge90su\" data-start=\"710\" data-end=\"801\">\n<p data-start=\"712\" data-end=\"801\">A superf\u00edcie deve estar completamente limpa, seca e livre de poeira, ceras ou res\u00edduos.<\/p>\n<\/li>\n<li data-section-id=\"1kr2jun\" data-start=\"802\" data-end=\"864\">\n<p data-start=\"804\" data-end=\"864\">Garantir que n\u00e3o haja umidade antes da aplica\u00e7\u00e3o do produto.<\/p>\n<\/li>\n<\/ul>\n<p data-start=\"866\" data-end=\"890\"><strong data-start=\"866\" data-end=\"890\">Aplica\u00e7\u00e3o do produto<\/strong><\/p>\n<ul data-start=\"892\" data-end=\"1066\">\n<li data-section-id=\"18g1ekg\" data-start=\"892\" data-end=\"994\">\n<p data-start=\"894\" data-end=\"994\">Aplicar o Idea XC de maneira uniforme e cont\u00ednua sobre a superf\u00edcie com aux\u00edlio de rolo de espuma.<\/p>\n<\/li>\n<li data-section-id=\"ckhefp\" data-start=\"995\" data-end=\"1066\">\n<p data-start=\"997\" data-end=\"1066\">Distribuir o produto de forma homog\u00eanea em toda a \u00e1rea a ser tratada.<\/p>\n<\/li>\n<\/ul>\n<p data-start=\"1068\" data-end=\"1089\"><strong data-start=\"1068\" data-end=\"1089\">Dem\u00e3os adicionais<\/strong><\/p>\n<ul data-start=\"1091\" data-end=\"1212\">\n<li data-section-id=\"dvb65t\" data-start=\"1091\" data-end=\"1212\">\n<p data-start=\"1093\" data-end=\"1212\">Em materiais muito porosos, recomenda-se realizar uma segunda aplica\u00e7\u00e3o ap\u00f3s aproximadamente 2 horas da primeira dem\u00e3o.<\/p>\n<\/li>\n<\/ul>\n<p data-start=\"1214\" data-end=\"1236\"><strong data-start=\"1214\" data-end=\"1236\">Remo\u00e7\u00e3o de excesso<\/strong><\/p>\n<ul data-start=\"1238\" data-end=\"1350\">\n<li data-section-id=\"1o1ae8y\" data-start=\"1238\" data-end=\"1350\">\n<p data-start=\"1240\" data-end=\"1350\">Caso haja excesso de produto, realizar a remo\u00e7\u00e3o imediata friccionando a \u00e1rea com um pano embebido em Idea XC.<\/p>\n<\/li>\n<\/ul>\n<p data-start=\"1352\" data-end=\"1366\"><strong data-start=\"1352\" data-end=\"1366\">Observa\u00e7\u00e3o<\/strong><\/p>\n<ul data-start=\"1368\" data-end=\"1535\">\n<li data-section-id=\"fmczu9\" data-start=\"1368\" data-end=\"1443\">\n<p data-start=\"1370\" data-end=\"1443\">O produto n\u00e3o forma pel\u00edcula, permitindo a respira\u00e7\u00e3o natural da pedra.<\/p>\n<\/li>\n<li data-section-id=\"4a79e7\" data-start=\"1444\" data-end=\"1535\">\n<p data-start=\"1446\" data-end=\"1535\">Recomenda-se sempre realizar um teste pr\u00e9vio em pequena \u00e1rea antes da aplica\u00e7\u00e3o completa.<\/p>\n<\/li>\n<\/ul>\n<p data-start=\"1537\" data-end=\"1550\"><strong data-start=\"1537\" data-end=\"1550\">Resultado<\/strong><\/p>\n<ul data-start=\"1552\" data-end=\"1696\">\n<li data-section-id=\"15gccsa\" data-start=\"1552\" data-end=\"1696\">\n<p data-start=\"1554\" data-end=\"1696\">Proporciona prote\u00e7\u00e3o contra absor\u00e7\u00e3o de l\u00edquidos, intensifica a cor da superf\u00edcie e cria efeito molhado, valorizando o acabamento do material.<\/p>\n<\/li>\n<\/ul>\n<hr \/>\n<h5 class=\"no-margin\">Downloads<\/h5>\n<hr \/>\n<ul>\n<li style=\"list-style-type: none;\">\n<ul>\n<li style=\"list-style-type: none;\">\n<ul>\n<li><strong><a href=\"http:\/\/bellinzoni.net\/fichas_tecnicas\/idea_xc.pdf\" target=\"_blank\" rel=\"noopener noreferrer\">Ficha T\u00e9cnica do Produto<\/a><\/strong><\/li>\n<li><strong><a href=\"http:\/\/bellinzoni.net\/fispq\/Idea%20XC-FISPQ-BLZ047.pdf\" target=\"_blank\" rel=\"noopener noreferrer\">Ficha de Seguran\u00e7a \u2013\u00a0FISPQ<\/a><\/strong><\/li>\n<\/ul>\n<\/li>\n<\/ul>\n<\/li>\n<\/ul>\n","protected":false},"excerpt":{"rendered":"<p>O impermeabilizante Idea XC da Bellinzoni, al\u00e9m de proteger contra a absor\u00e7\u00e3o de \u00e1gua e \u00f3leo, ativa a cor da pedra, proporcionando o efeito molhado. Idea XC penetra profundamente nos poros da pedra, sem deixar formar pel\u00edculas, evitando assim problemas futuros. \u00c9 um produto hidrofugante, ou seja, impede a absor\u00e7\u00e3o de \u00e1gua e \u00f3leo, mas deixa a pedra respirar de dentro para fora.<\/p>\n","protected":false},"featured_media":1002465,"template":"","meta":[],"product_brand":[],"product_cat":[74],"product_tag":[],"class_list":{"0":"post-1000195","1":"product","2":"type-product","3":"status-publish","4":"has-post-thumbnail","6":"product_cat-profissional","8":"first","9":"instock","10":"virtual","11":"product-type-simple"},"_links":{"self":[{"href":"https:\/\/bellinzoni.net\/pt\/wp-json\/wp\/v2\/product\/1000195","targetHints":{"allow":["GET"]}}],"collection":[{"href":"https:\/\/bellinzoni.net\/pt\/wp-json\/wp\/v2\/product"}],"about":[{"href":"https:\/\/bellinzoni.net\/pt\/wp-json\/wp\/v2\/types\/product"}],"version-history":[{"count":4,"href":"https:\/\/bellinzoni.net\/pt\/wp-json\/wp\/v2\/product\/1000195\/revisions"}],"predecessor-version":[{"id":1002174,"href":"https:\/\/bellinzoni.net\/pt\/wp-json\/wp\/v2\/product\/1000195\/revisions\/1002174"}],"wp:featuredmedia":[{"embeddable":true,"href":"https:\/\/bellinzoni.net\/pt\/wp-json\/wp\/v2\/media\/1002465"}],"wp:attachment":[{"href":"https:\/\/bellinzoni.net\/pt\/wp-json\/wp\/v2\/media?parent=1000195"}],"wp:term":[{"taxonomy":"product_brand","embeddable":true,"href":"https:\/\/bellinzoni.net\/pt\/wp-json\/wp\/v2\/product_brand?post=1000195"},{"taxonomy":"product_cat","embeddable":true,"href":"https:\/\/bellinzoni.net\/pt\/wp-json\/wp\/v2\/product_cat?post=1000195"},{"taxonomy":"product_tag","embeddable":true,"href":"https:\/\/bellinzoni.net\/pt\/wp-json\/wp\/v2\/product_tag?post=1000195"}],"curies":[{"name":"wp","href":"https:\/\/api.w.org\/{rel}","templated":true}]}}