{"id":1000196,"date":"2026-02-14T20:33:03","date_gmt":"2026-02-14T20:33:03","guid":{"rendered":"https:\/\/bellinzoni.net\/pt\/?post_type=product&#038;p=1000196"},"modified":"2026-03-27T15:31:04","modified_gmt":"2026-03-27T15:31:04","slug":"idea-dark","status":"publish","type":"product","link":"https:\/\/bellinzoni.net\/pt\/produto\/idea-dark\/","title":{"rendered":"Idea Dark"},"content":{"rendered":"<p class=\"no-margin\">C\u00f3digo do Produto: 900 ml \u2013 001450<\/p>\n<hr \/>\n<h5 class=\"no-margin\">Superf\u00edcies de Aplica\u00e7\u00e3o<\/h5>\n<hr \/>\n<ul>\n<li>Porcelanato<\/li>\n<li>M\u00e1rmore<\/li>\n<li>Granito<\/li>\n<li>Pedras em Geral<\/li>\n<\/ul>\n<hr \/>\n<h5 class=\"no-margin\">Instru\u00e7\u00f5es de Uso<\/h5>\n<hr \/>\n<p data-start=\"776\" data-end=\"804\"><strong data-start=\"776\" data-end=\"804\">Prepara\u00e7\u00e3o da superf\u00edcie<\/strong><\/p>\n<ul data-start=\"806\" data-end=\"968\">\n<li data-section-id=\"vaxmiv\" data-start=\"806\" data-end=\"905\">\n<p data-start=\"808\" data-end=\"905\">A superf\u00edcie deve estar completamente limpa, seca e livre de poeira, ceras ou qualquer res\u00edduo.<\/p>\n<\/li>\n<li data-section-id=\"1kr2jun\" data-start=\"906\" data-end=\"968\">\n<p data-start=\"908\" data-end=\"968\">Garantir que n\u00e3o haja umidade antes da aplica\u00e7\u00e3o do produto.<\/p>\n<\/li>\n<\/ul>\n<p data-start=\"970\" data-end=\"994\"><strong data-start=\"970\" data-end=\"994\">Aplica\u00e7\u00e3o do produto<\/strong><\/p>\n<ul data-start=\"996\" data-end=\"1212\">\n<li data-section-id=\"64jstz\" data-start=\"996\" data-end=\"1051\">\n<p data-start=\"998\" data-end=\"1051\">O produto \u00e9 pronto para uso e n\u00e3o deve ser dilu\u00eddo.<\/p>\n<\/li>\n<li data-section-id=\"163ybca\" data-start=\"1052\" data-end=\"1137\">\n<p data-start=\"1054\" data-end=\"1137\">Aplicar o Idea Dark de maneira uniforme e cont\u00ednua com aux\u00edlio de rolo de espuma.<\/p>\n<\/li>\n<li data-section-id=\"cirgl0\" data-start=\"1138\" data-end=\"1212\">\n<p data-start=\"1140\" data-end=\"1212\">Distribuir o produto de forma homog\u00eanea sobre toda a \u00e1rea a ser tratada.<\/p>\n<\/li>\n<\/ul>\n<p data-start=\"1214\" data-end=\"1231\"><strong data-start=\"1214\" data-end=\"1231\">Tempo de a\u00e7\u00e3o<\/strong><\/p>\n<ul data-start=\"1233\" data-end=\"1326\">\n<li data-section-id=\"1gmwec7\" data-start=\"1233\" data-end=\"1326\">\n<p data-start=\"1235\" data-end=\"1326\">Aguardar entre 10 e 15 minutos ap\u00f3s a aplica\u00e7\u00e3o para a absor\u00e7\u00e3o do produto pela superf\u00edcie.<\/p>\n<\/li>\n<\/ul>\n<p data-start=\"1328\" data-end=\"1350\"><strong data-start=\"1328\" data-end=\"1350\">Remo\u00e7\u00e3o de excesso<\/strong><\/p>\n<ul data-start=\"1352\" data-end=\"1457\">\n<li data-section-id=\"8qxn7k\" data-start=\"1352\" data-end=\"1457\">\n<p data-start=\"1354\" data-end=\"1457\">Caso haja excesso, remover utilizando pano seco ou estopa dentro do tempo indicado para evitar manchas.<\/p>\n<\/li>\n<\/ul>\n<p data-start=\"1459\" data-end=\"1473\"><strong data-start=\"1459\" data-end=\"1473\">Observa\u00e7\u00e3o<\/strong><\/p>\n<ul data-start=\"1475\" data-end=\"1673\">\n<li data-section-id=\"yxn7ad\" data-start=\"1475\" data-end=\"1529\">\n<p data-start=\"1477\" data-end=\"1529\">N\u00e3o diluir o produto com \u00e1gua ou outros solventes.<\/p>\n<\/li>\n<li data-section-id=\"blb1vh\" data-start=\"1530\" data-end=\"1581\">\n<p data-start=\"1532\" data-end=\"1581\">Indicado para uso em \u00e1reas internas e externas.<\/p>\n<\/li>\n<li data-section-id=\"4a79e7\" data-start=\"1582\" data-end=\"1673\">\n<p data-start=\"1584\" data-end=\"1673\">Recomenda-se sempre realizar um teste pr\u00e9vio em pequena \u00e1rea antes da aplica\u00e7\u00e3o completa.<\/p>\n<\/li>\n<\/ul>\n<p data-start=\"1675\" data-end=\"1688\"><strong data-start=\"1675\" data-end=\"1688\">Resultado<\/strong><\/p>\n<ul data-start=\"1690\" data-end=\"1837\">\n<li data-section-id=\"1x46ccd\" data-start=\"1690\" data-end=\"1837\">\n<p data-start=\"1692\" data-end=\"1837\">Proporciona efeito de intensifica\u00e7\u00e3o de cor, com acabamento mais escuro e uniforme, al\u00e9m de prote\u00e7\u00e3o contra umidade e forma\u00e7\u00e3o de efloresc\u00eancias.<\/p>\n<\/li>\n<\/ul>\n<hr \/>\n<h5 class=\"no-margin\">Downloads<\/h5>\n<hr \/>\n<ul>\n<li style=\"list-style-type: none;\">\n<ul>\n<li style=\"list-style-type: none;\">\n<ul>\n<li><strong><a href=\"http:\/\/bellinzoni.net\/fichas_tecnicas\/idea_dark.pdf\" target=\"_blank\" rel=\"noopener noreferrer\">Ficha T\u00e9cnica do Produto<\/a><\/strong><\/li>\n<li><strong><a href=\"http:\/\/bellinzoni.net\/fispq\/Idea%20Dark-FISPQ-BLZ043.pdf\" target=\"_blank\" rel=\"noopener noreferrer\">Ficha de Seguran\u00e7a \u2013\u00a0FISPQ<\/a><\/strong><\/li>\n<\/ul>\n<\/li>\n<\/ul>\n<\/li>\n<\/ul>\n","protected":false},"excerpt":{"rendered":"<hr \/>\n<h5 class=\"no-margin\">Superf\u00edcies de Aplica\u00e7\u00e3o<\/h5>\n<hr \/>\n<ul>\n<li>Porcelanato<\/li>\n<li>M\u00e1rmore<\/li>\n<li>Granito<\/li>\n<li>Pedras em Geral<\/li>\n<\/ul>\n<hr \/>\n<h5 class=\"no-margin\">Finalidade<\/h5>\n<hr \/>\n<p>Produto incolor e impregnante com efeito \u201cextra-escuro\u201d, que intensifica a cor natural do material, proporcionando prote\u00e7\u00e3o hidro-repelente. Bloqueia a forma\u00e7\u00e3o de efloresc\u00eancias. Al\u00e9m disso, pode encobrir falhas e imperfei\u00e7\u00f5es da pedra escura. Idea Dark pode ser aplicado em m\u00e1rmores, granitos, porcelanatos, pedras calc\u00e1rias e m\u00e1rmores \u00e0 base de Quartzo e resina (\u00e1reas externas ou internas).<\/p>\n","protected":false},"featured_media":1002464,"template":"","meta":[],"product_brand":[],"product_cat":[74],"product_tag":[],"class_list":{"0":"post-1000196","1":"product","2":"type-product","3":"status-publish","4":"has-post-thumbnail","6":"product_cat-profissional","8":"first","9":"instock","10":"virtual","11":"product-type-simple"},"_links":{"self":[{"href":"https:\/\/bellinzoni.net\/pt\/wp-json\/wp\/v2\/product\/1000196","targetHints":{"allow":["GET"]}}],"collection":[{"href":"https:\/\/bellinzoni.net\/pt\/wp-json\/wp\/v2\/product"}],"about":[{"href":"https:\/\/bellinzoni.net\/pt\/wp-json\/wp\/v2\/types\/product"}],"version-history":[{"count":3,"href":"https:\/\/bellinzoni.net\/pt\/wp-json\/wp\/v2\/product\/1000196\/revisions"}],"predecessor-version":[{"id":1002173,"href":"https:\/\/bellinzoni.net\/pt\/wp-json\/wp\/v2\/product\/1000196\/revisions\/1002173"}],"wp:featuredmedia":[{"embeddable":true,"href":"https:\/\/bellinzoni.net\/pt\/wp-json\/wp\/v2\/media\/1002464"}],"wp:attachment":[{"href":"https:\/\/bellinzoni.net\/pt\/wp-json\/wp\/v2\/media?parent=1000196"}],"wp:term":[{"taxonomy":"product_brand","embeddable":true,"href":"https:\/\/bellinzoni.net\/pt\/wp-json\/wp\/v2\/product_brand?post=1000196"},{"taxonomy":"product_cat","embeddable":true,"href":"https:\/\/bellinzoni.net\/pt\/wp-json\/wp\/v2\/product_cat?post=1000196"},{"taxonomy":"product_tag","embeddable":true,"href":"https:\/\/bellinzoni.net\/pt\/wp-json\/wp\/v2\/product_tag?post=1000196"}],"curies":[{"name":"wp","href":"https:\/\/api.w.org\/{rel}","templated":true}]}}