{"id":1000197,"date":"2026-02-14T20:33:03","date_gmt":"2026-02-14T20:33:03","guid":{"rendered":"https:\/\/bellinzoni.net\/pt\/?post_type=product&#038;p=1000197"},"modified":"2026-03-27T15:58:50","modified_gmt":"2026-03-27T15:58:50","slug":"idea-black","status":"publish","type":"product","link":"https:\/\/bellinzoni.net\/pt\/produto\/idea-black\/","title":{"rendered":"Idea Black"},"content":{"rendered":"<p class=\"no-margin\">C\u00f3digo do Produto: 900 ml \u2013 001780 | 5 litros \u2013 001042 | 20 litros \u2013 001043<\/p>\n<hr \/>\n<h5 class=\"no-margin\">Superf\u00edcies de Aplica\u00e7\u00e3o<\/h5>\n<hr \/>\n<ul>\n<li>M\u00e1rmore<\/li>\n<li>Granito<\/li>\n<li>Pedras em Geral<\/li>\n<\/ul>\n<hr \/>\n<h5 class=\"no-margin\">Instru\u00e7\u00f5es de Uso<\/h5>\n<hr \/>\n<p data-start=\"712\" data-end=\"740\"><strong data-start=\"712\" data-end=\"740\">Prepara\u00e7\u00e3o da superf\u00edcie<\/strong><\/p>\n<ul data-start=\"742\" data-end=\"917\">\n<li data-section-id=\"1ge90su\" data-start=\"742\" data-end=\"833\">\n<p data-start=\"744\" data-end=\"833\">A superf\u00edcie deve estar completamente limpa, seca e livre de poeira, ceras ou res\u00edduos.<\/p>\n<\/li>\n<li data-section-id=\"jsc85s\" data-start=\"834\" data-end=\"917\">\n<p data-start=\"836\" data-end=\"917\">Recomenda-se realizar a limpeza pr\u00e9via com detergente adequado, como o Decer-Dos.<\/p>\n<\/li>\n<\/ul>\n<p data-start=\"919\" data-end=\"943\"><strong data-start=\"919\" data-end=\"943\">Aplica\u00e7\u00e3o do produto<\/strong><\/p>\n<ul data-start=\"945\" data-end=\"1123\">\n<li data-section-id=\"b4s8xa\" data-start=\"945\" data-end=\"1044\">\n<p data-start=\"947\" data-end=\"1044\">Aplicar o Idea Black de forma uniforme e cont\u00ednua sobre a superf\u00edcie utilizando rolo de espuma.<\/p>\n<\/li>\n<li data-section-id=\"1p0ip4o\" data-start=\"1045\" data-end=\"1123\">\n<p data-start=\"1047\" data-end=\"1123\">Garantir que o produto seja distribu\u00eddo de maneira homog\u00eanea em toda a \u00e1rea.<\/p>\n<\/li>\n<\/ul>\n<p data-start=\"1125\" data-end=\"1142\"><strong data-start=\"1125\" data-end=\"1142\">Tempo de cura<\/strong><\/p>\n<ul data-start=\"1144\" data-end=\"1240\">\n<li data-section-id=\"3rjqp0\" data-start=\"1144\" data-end=\"1240\">\n<p data-start=\"1146\" data-end=\"1240\">Ap\u00f3s a aplica\u00e7\u00e3o, aguardar aproximadamente 24 horas para a secagem e a\u00e7\u00e3o completa do produto.<\/p>\n<\/li>\n<\/ul>\n<p data-start=\"1242\" data-end=\"1264\"><strong data-start=\"1242\" data-end=\"1264\">Remo\u00e7\u00e3o de excesso<\/strong><\/p>\n<ul data-start=\"1266\" data-end=\"1387\">\n<li data-section-id=\"zeubue\" data-start=\"1266\" data-end=\"1387\">\n<p data-start=\"1268\" data-end=\"1387\">Ap\u00f3s o per\u00edodo de cura, remover eventuais excessos com aux\u00edlio de pano limpo ou estopa, garantindo acabamento uniforme.<\/p>\n<\/li>\n<\/ul>\n<p data-start=\"1389\" data-end=\"1403\"><strong data-start=\"1389\" data-end=\"1403\">Observa\u00e7\u00e3o<\/strong><\/p>\n<ul data-start=\"1405\" data-end=\"1589\">\n<li data-section-id=\"owla8g\" data-start=\"1405\" data-end=\"1500\">\n<p data-start=\"1407\" data-end=\"1500\">Indicado especialmente para pedras escuras ou pretas devido ao seu efeito de realce de cor.<\/p>\n<\/li>\n<li data-section-id=\"gan0xs\" data-start=\"1501\" data-end=\"1589\">\n<p data-start=\"1503\" data-end=\"1589\">Recomenda-se sempre realizar um teste pr\u00e9vio em pequena \u00e1rea antes da aplica\u00e7\u00e3o total.<\/p>\n<\/li>\n<\/ul>\n<p data-start=\"1591\" data-end=\"1604\"><strong data-start=\"1591\" data-end=\"1604\">Resultado<\/strong><\/p>\n<ul data-start=\"1606\" data-end=\"1750\">\n<li data-section-id=\"ltaw1c\" data-start=\"1606\" data-end=\"1750\">\n<p data-start=\"1608\" data-end=\"1750\">Proporciona prote\u00e7\u00e3o contra manchas e agentes externos, ao mesmo tempo em que intensifica a cor e valoriza o acabamento natural da superf\u00edcie.<\/p>\n<\/li>\n<\/ul>\n<hr \/>\n<h5 class=\"no-margin\">Downloads<\/h5>\n<hr \/>\n<ul>\n<li style=\"list-style-type: none;\">\n<ul>\n<li style=\"list-style-type: none;\">\n<ul>\n<li><strong><a href=\"http:\/\/bellinzoni.net\/fichas_tecnicas\/idea_black.pdf\" target=\"_blank\" rel=\"noopener noreferrer\">Ficha T\u00e9cnica do Produto<\/a><\/strong><\/li>\n<li><strong><a href=\"http:\/\/bellinzoni.net\/fispq\/Idea%20Black-FISPQ-BLZ045.pdf\" target=\"_blank\" rel=\"noopener noreferrer\">Ficha de Seguran\u00e7a \u2013\u00a0FISPQ<\/a><\/strong><\/li>\n<\/ul>\n<\/li>\n<\/ul>\n<\/li>\n<\/ul>\n","protected":false},"excerpt":{"rendered":"<p>O impermeabilizante Idea Black da Bellinzoni, al\u00e9m de proteger contra a entrada de \u00e1gua, \u00f3leo e gordura, ativa intensamente a cor do piso, por isso deve ser aplicado em pedras escuras\/pretas.<\/p>\n","protected":false},"featured_media":1002472,"template":"","meta":[],"product_brand":[],"product_cat":[74],"product_tag":[],"class_list":{"0":"post-1000197","1":"product","2":"type-product","3":"status-publish","4":"has-post-thumbnail","6":"product_cat-profissional","8":"first","9":"instock","10":"virtual","11":"product-type-simple"},"_links":{"self":[{"href":"https:\/\/bellinzoni.net\/pt\/wp-json\/wp\/v2\/product\/1000197","targetHints":{"allow":["GET"]}}],"collection":[{"href":"https:\/\/bellinzoni.net\/pt\/wp-json\/wp\/v2\/product"}],"about":[{"href":"https:\/\/bellinzoni.net\/pt\/wp-json\/wp\/v2\/types\/product"}],"version-history":[{"count":4,"href":"https:\/\/bellinzoni.net\/pt\/wp-json\/wp\/v2\/product\/1000197\/revisions"}],"predecessor-version":[{"id":1002172,"href":"https:\/\/bellinzoni.net\/pt\/wp-json\/wp\/v2\/product\/1000197\/revisions\/1002172"}],"wp:featuredmedia":[{"embeddable":true,"href":"https:\/\/bellinzoni.net\/pt\/wp-json\/wp\/v2\/media\/1002472"}],"wp:attachment":[{"href":"https:\/\/bellinzoni.net\/pt\/wp-json\/wp\/v2\/media?parent=1000197"}],"wp:term":[{"taxonomy":"product_brand","embeddable":true,"href":"https:\/\/bellinzoni.net\/pt\/wp-json\/wp\/v2\/product_brand?post=1000197"},{"taxonomy":"product_cat","embeddable":true,"href":"https:\/\/bellinzoni.net\/pt\/wp-json\/wp\/v2\/product_cat?post=1000197"},{"taxonomy":"product_tag","embeddable":true,"href":"https:\/\/bellinzoni.net\/pt\/wp-json\/wp\/v2\/product_tag?post=1000197"}],"curies":[{"name":"wp","href":"https:\/\/api.w.org\/{rel}","templated":true}]}}