{"id":1000198,"date":"2026-02-14T20:33:03","date_gmt":"2026-02-14T20:33:03","guid":{"rendered":"https:\/\/bellinzoni.net\/pt\/?post_type=product&#038;p=1000198"},"modified":"2026-03-27T15:35:15","modified_gmt":"2026-03-27T15:35:15","slug":"idea-stoneager","status":"publish","type":"product","link":"https:\/\/bellinzoni.net\/pt\/produto\/idea-stoneager\/","title":{"rendered":"Idea Stoneager"},"content":{"rendered":"<p class=\"no-margin\">C\u00f3digo do Produto: 900 ml \u2013\u00a0000012<\/p>\n<hr \/>\n<h5 class=\"no-margin\">Superf\u00edcies de Aplica\u00e7\u00e3o<\/h5>\n<hr \/>\n<ul>\n<li>Granito<\/li>\n<li>Pedras brutas em geral<\/li>\n<\/ul>\n<hr \/>\n<h5 class=\"no-margin\">Instru\u00e7\u00f5es de Uso<\/h5>\n<hr \/>\n<p data-start=\"603\" data-end=\"631\"><strong data-start=\"603\" data-end=\"631\">Prepara\u00e7\u00e3o da superf\u00edcie<\/strong><\/p>\n<ul data-start=\"633\" data-end=\"867\">\n<li data-section-id=\"dxtyne\" data-start=\"633\" data-end=\"718\">\n<p data-start=\"635\" data-end=\"718\">A superf\u00edcie deve estar completamente limpa e seca antes da aplica\u00e7\u00e3o do produto.<\/p>\n<\/li>\n<li data-section-id=\"pyirgc\" data-start=\"719\" data-end=\"867\">\n<p data-start=\"721\" data-end=\"867\">Manchas, mofo, incrusta\u00e7\u00f5es ou qualquer tipo de sujeira devem ser removidos previamente, pois ap\u00f3s a aplica\u00e7\u00e3o sua remo\u00e7\u00e3o poder\u00e1 ser dificultada.<\/p>\n<\/li>\n<\/ul>\n<p data-start=\"869\" data-end=\"893\"><strong data-start=\"869\" data-end=\"893\">Aplica\u00e7\u00e3o do produto<\/strong><\/p>\n<ul data-start=\"895\" data-end=\"1072\">\n<li data-section-id=\"1lswp2k\" data-start=\"895\" data-end=\"988\">\n<p data-start=\"897\" data-end=\"988\">Aplicar o produto de maneira uniforme sobre a superf\u00edcie utilizando pano, pincel ou rolo.<\/p>\n<\/li>\n<li data-section-id=\"ojy1ml\" data-start=\"989\" data-end=\"1072\">\n<p data-start=\"991\" data-end=\"1072\">Espalhar de forma homog\u00eanea, evitando o ac\u00famulo de produto em determinadas \u00e1reas.<\/p>\n<\/li>\n<\/ul>\n<p data-start=\"1074\" data-end=\"1095\"><strong data-start=\"1074\" data-end=\"1095\">Dem\u00e3os adicionais<\/strong><\/p>\n<ul data-start=\"1097\" data-end=\"1261\">\n<li data-section-id=\"14jfxv4\" data-start=\"1097\" data-end=\"1261\">\n<p data-start=\"1099\" data-end=\"1261\">Em materiais muito porosos ou quando se deseja intensificar ainda mais a cor da superf\u00edcie, aplicar uma segunda dem\u00e3o entre 1 e 2 horas ap\u00f3s a primeira aplica\u00e7\u00e3o.<\/p>\n<\/li>\n<\/ul>\n<p data-start=\"1263\" data-end=\"1285\"><strong data-start=\"1263\" data-end=\"1285\">Remo\u00e7\u00e3o de excesso<\/strong><\/p>\n<ul data-start=\"1287\" data-end=\"1485\">\n<li data-section-id=\"nmwyoe\" data-start=\"1287\" data-end=\"1421\">\n<p data-start=\"1289\" data-end=\"1421\">Caso haja excesso de produto na superf\u00edcie, realizar a remo\u00e7\u00e3o friccionando com pano limpo entre 30 e 60 minutos ap\u00f3s a aplica\u00e7\u00e3o.<\/p>\n<\/li>\n<li data-section-id=\"150uqft\" data-start=\"1422\" data-end=\"1485\">\n<p data-start=\"1424\" data-end=\"1485\">N\u00e3o ultrapassar esse intervalo para evitar marcas ou manchas.<\/p>\n<\/li>\n<\/ul>\n<p data-start=\"1487\" data-end=\"1507\"><strong data-start=\"1487\" data-end=\"1507\">Cura e libera\u00e7\u00e3o<\/strong><\/p>\n<ul data-start=\"1509\" data-end=\"1601\">\n<li data-section-id=\"1omxddz\" data-start=\"1509\" data-end=\"1601\">\n<p data-start=\"1511\" data-end=\"1601\">Em aplica\u00e7\u00f5es em pisos, aguardar aproximadamente 24 horas antes da libera\u00e7\u00e3o para tr\u00e1fego.<\/p>\n<\/li>\n<\/ul>\n<p data-start=\"1603\" data-end=\"1616\"><strong data-start=\"1603\" data-end=\"1616\">Resultado<\/strong><\/p>\n<ul data-start=\"1618\" data-end=\"1776\">\n<li data-section-id=\"hz6tzf\" data-start=\"1618\" data-end=\"1776\">\n<p data-start=\"1620\" data-end=\"1776\">Proporciona prote\u00e7\u00e3o contra agentes causadores de manchas, auxilia na preven\u00e7\u00e3o de bolor e valoriza o aspecto natural da superf\u00edcie, com leve realce de cor.<\/p>\n<\/li>\n<\/ul>\n<hr \/>\n<h5 class=\"no-margin\">Downloads<\/h5>\n<hr \/>\n<ul>\n<li style=\"list-style-type: none;\">\n<ul>\n<li style=\"list-style-type: none;\">\n<ul>\n<li><strong><a href=\"http:\/\/bellinzoni.net\/fichas_tecnicas\/idea-stoneager.pdf\" target=\"_blank\" rel=\"noopener noreferrer\">Ficha T\u00e9cnica do Produto<\/a><\/strong><\/li>\n<li><strong><a href=\"http:\/\/bellinzoni.net\/fispqs\/Idea%20Stoneager.FISPQ-BLZ136.pdf\" target=\"_blank\" rel=\"noopener noreferrer\">Ficha de Seguran\u00e7a \u2013\u00a0FISPQ<\/a><\/strong><\/li>\n<\/ul>\n<\/li>\n<\/ul>\n<\/li>\n<\/ul>\n","protected":false},"excerpt":{"rendered":"<hr \/>\n<h5 class=\"no-margin\">Superf\u00edcies de Aplica\u00e7\u00e3o<\/h5>\n<hr \/>\n<ul>\n<li>Granito<\/li>\n<li>Pedras brutas em geral<\/li>\n<\/ul>\n<hr \/>\n<h5 class=\"no-margin\">Finalidade<\/h5>\n<hr \/>\n<p>Produto utilizado para revitalizar e impermeabilizar materiais como m\u00e1rmore, granito, pedras naturais e industriais. Protege contra manchas causadas por \u00f3leo, graxa, umidade e previne a forma\u00e7\u00e3o de bolor.<\/p>\n","protected":false},"featured_media":1002470,"template":"","meta":[],"product_brand":[],"product_cat":[74],"product_tag":[],"class_list":{"0":"post-1000198","1":"product","2":"type-product","3":"status-publish","4":"has-post-thumbnail","6":"product_cat-profissional","8":"first","9":"instock","10":"virtual","11":"product-type-simple"},"_links":{"self":[{"href":"https:\/\/bellinzoni.net\/pt\/wp-json\/wp\/v2\/product\/1000198","targetHints":{"allow":["GET"]}}],"collection":[{"href":"https:\/\/bellinzoni.net\/pt\/wp-json\/wp\/v2\/product"}],"about":[{"href":"https:\/\/bellinzoni.net\/pt\/wp-json\/wp\/v2\/types\/product"}],"version-history":[{"count":4,"href":"https:\/\/bellinzoni.net\/pt\/wp-json\/wp\/v2\/product\/1000198\/revisions"}],"predecessor-version":[{"id":1002463,"href":"https:\/\/bellinzoni.net\/pt\/wp-json\/wp\/v2\/product\/1000198\/revisions\/1002463"}],"wp:featuredmedia":[{"embeddable":true,"href":"https:\/\/bellinzoni.net\/pt\/wp-json\/wp\/v2\/media\/1002470"}],"wp:attachment":[{"href":"https:\/\/bellinzoni.net\/pt\/wp-json\/wp\/v2\/media?parent=1000198"}],"wp:term":[{"taxonomy":"product_brand","embeddable":true,"href":"https:\/\/bellinzoni.net\/pt\/wp-json\/wp\/v2\/product_brand?post=1000198"},{"taxonomy":"product_cat","embeddable":true,"href":"https:\/\/bellinzoni.net\/pt\/wp-json\/wp\/v2\/product_cat?post=1000198"},{"taxonomy":"product_tag","embeddable":true,"href":"https:\/\/bellinzoni.net\/pt\/wp-json\/wp\/v2\/product_tag?post=1000198"}],"curies":[{"name":"wp","href":"https:\/\/api.w.org\/{rel}","templated":true}]}}