{"id":1000200,"date":"2026-01-28T20:33:03","date_gmt":"2026-01-28T20:33:03","guid":{"rendered":"https:\/\/bellinzoni.net\/pt\/?post_type=product&#038;p=1000200"},"modified":"2026-02-25T15:17:18","modified_gmt":"2026-02-25T15:17:18","slug":"cristalizante-k1","status":"publish","type":"product","link":"https:\/\/bellinzoni.net\/pt\/produto\/cristalizante-k1\/","title":{"rendered":"Cristalizante K1"},"content":{"rendered":"<p class=\"no-margin\">C\u00f3digo do Produto: 1 kg \u2013 000152 |\u00a05 kg \u2013 000178<\/p>\n<hr \/>\n<h5 class=\"no-margin\">Superf\u00edcies de Aplica\u00e7\u00e3o<\/h5>\n<ul>\n<li>M\u00e1rmore<\/li>\n<\/ul>\n<hr \/>\n<h5 class=\"no-margin\">Finalidade<\/h5>\n<hr \/>\n<p>Produto para remo\u00e7\u00e3o de qualquer tipo de detritos no pavimento. Veda os poros e cria uma base de cristaliza\u00e7\u00e3o que melhora e facilita o desempenho da cristaliza\u00e7\u00e3o feita com o\u00a0<strong>K2 CRISTALIZANTE ROSA<\/strong>.\u00a0Deve ser usado sempre quando um pavimento \u00e9 cristalizado a primeira vez, mesmo que tenha sido previamente polido. Tamb\u00e9m \u00e9 recomendado para recristaliza\u00e7\u00e3o quando o pavimento est\u00e1 muito sujo ou tem res\u00edduos de cera.<\/p>\n<hr \/>\n<h5 class=\"no-margin\">Instru\u00e7\u00f5es de Uso<\/h5>\n<hr \/>\n<p>O produto deve ser usado puro. Despeje uma pequena quantidade do cristalizante K2 sobre a superf\u00edcie em uma \u00e1rea de 3 a 4 m\u00b2 e com a enceradeira (150 rpm e 40Kg) equipada com disco de palha de a\u00e7o, distribua uniformemente com passagens paralelas da enceradeira sobre o produto despejado at\u00e9 que o brilho esperado seja alcan\u00e7ado e o piso esteja seco. Repita a opera\u00e7\u00e3o sempre que houver necessidade.<\/p>\n<hr \/>\n<h5 class=\"no-margin\">Downloads<\/h5>\n<hr \/>\n<ul>\n<li><strong><a href=\"http:\/\/bellinzoni.net\/fichas-2019\/cristalizante-k1.pdf\" target=\"_blank\" rel=\"noopener noreferrer\">Ficha T\u00e9cnica do Produto<\/a><\/strong><\/li>\n<li><strong><a href=\"http:\/\/bellinzoni.net\/2017\/produto\/cristalizante-k1\/#\" target=\"_blank\" rel=\"noopener noreferrer\">Ficha de Seguran\u00e7a \u2013\u00a0FISPQ<\/a><\/strong><\/li>\n<\/ul>\n","protected":false},"excerpt":{"rendered":"<h5 class=\"no-margin\"><\/h5>\n<p>Produto para remo\u00e7\u00e3o de qualquer tipo de detritos no pavimento. Veda os poros e cria uma base de cristaliza\u00e7\u00e3o que melhora e facilita o desempenho da cristaliza\u00e7\u00e3o feita com o <strong>K2 CRISTALIZANTE ROSA<\/strong>.\u00a0Deve ser usado sempre quando um pavimento \u00e9 cristalizado a primeira vez, mesmo que tenha sido previamente polido. Tamb\u00e9m \u00e9 recomendado para recristaliza\u00e7\u00e3o quando o pavimento est\u00e1 muito sujo ou tem res\u00edduos de cera.<\/p>\n","protected":false},"featured_media":1000246,"template":"","meta":[],"product_brand":[],"product_cat":[74],"product_tag":[],"class_list":{"0":"post-1000200","1":"product","2":"type-product","3":"status-publish","4":"has-post-thumbnail","6":"product_cat-profissional","8":"first","9":"instock","10":"virtual","11":"product-type-simple"},"_links":{"self":[{"href":"https:\/\/bellinzoni.net\/pt\/wp-json\/wp\/v2\/product\/1000200","targetHints":{"allow":["GET"]}}],"collection":[{"href":"https:\/\/bellinzoni.net\/pt\/wp-json\/wp\/v2\/product"}],"about":[{"href":"https:\/\/bellinzoni.net\/pt\/wp-json\/wp\/v2\/types\/product"}],"version-history":[{"count":1,"href":"https:\/\/bellinzoni.net\/pt\/wp-json\/wp\/v2\/product\/1000200\/revisions"}],"predecessor-version":[{"id":1001663,"href":"https:\/\/bellinzoni.net\/pt\/wp-json\/wp\/v2\/product\/1000200\/revisions\/1001663"}],"wp:featuredmedia":[{"embeddable":true,"href":"https:\/\/bellinzoni.net\/pt\/wp-json\/wp\/v2\/media\/1000246"}],"wp:attachment":[{"href":"https:\/\/bellinzoni.net\/pt\/wp-json\/wp\/v2\/media?parent=1000200"}],"wp:term":[{"taxonomy":"product_brand","embeddable":true,"href":"https:\/\/bellinzoni.net\/pt\/wp-json\/wp\/v2\/product_brand?post=1000200"},{"taxonomy":"product_cat","embeddable":true,"href":"https:\/\/bellinzoni.net\/pt\/wp-json\/wp\/v2\/product_cat?post=1000200"},{"taxonomy":"product_tag","embeddable":true,"href":"https:\/\/bellinzoni.net\/pt\/wp-json\/wp\/v2\/product_tag?post=1000200"}],"curies":[{"name":"wp","href":"https:\/\/api.w.org\/{rel}","templated":true}]}}