{"id":1000202,"date":"2026-01-28T20:33:03","date_gmt":"2026-01-28T20:33:03","guid":{"rendered":"https:\/\/bellinzoni.net\/pt\/?post_type=product&#038;p=1000202"},"modified":"2026-03-17T14:25:41","modified_gmt":"2026-03-17T14:25:41","slug":"restaura-lustro","status":"publish","type":"product","link":"https:\/\/bellinzoni.net\/pt\/produto\/restaura-lustro\/","title":{"rendered":"Restaura Lustro"},"content":{"rendered":"<div class=\"flex flex-col text-sm pb-25\">\n<article class=\"text-token-text-primary w-full focus:outline-none [--shadow-height:45px] has-data-writing-block:pointer-events-none has-data-writing-block:-mt-(--shadow-height) has-data-writing-block:pt-(--shadow-height) [&amp;:has([data-writing-block])&gt;*]:pointer-events-auto scroll-mt-[calc(var(--header-height)+min(200px,max(70px,20svh)))]\" dir=\"auto\" tabindex=\"-1\" data-turn-id=\"request-69b7f979-be64-8329-a0b1-b177f97d4070-21\" data-testid=\"conversation-turn-166\" data-scroll-anchor=\"true\" data-turn=\"assistant\">\n<div class=\"text-base my-auto mx-auto pb-10 [--thread-content-margin:var(--thread-content-margin-xs,calc(var(--spacing)*4))] @w-sm\/main:[--thread-content-margin:var(--thread-content-margin-sm,calc(var(--spacing)*6))] @w-lg\/main:[--thread-content-margin:var(--thread-content-margin-lg,calc(var(--spacing)*16))] px-(--thread-content-margin)\">\n<div class=\"[--thread-content-max-width:40rem] @w-lg\/main:[--thread-content-max-width:48rem] mx-auto max-w-(--thread-content-max-width) flex-1 group\/turn-messages focus-visible:outline-hidden relative flex w-full min-w-0 flex-col agent-turn\" tabindex=\"-1\">\n<div class=\"flex max-w-full flex-col gap-4 grow\">\n<div class=\"min-h-8 text-message relative flex w-full flex-col items-end gap-2 text-start break-words whitespace-normal [.text-message+&amp;]:mt-1\" dir=\"auto\" data-message-author-role=\"assistant\" data-message-id=\"651059e1-c7c0-4490-a74e-f0e497f6aa17\" data-message-model-slug=\"gpt-5-3\">\n<div class=\"flex w-full flex-col gap-1 empty:hidden\">\n<div class=\"markdown prose dark:prose-invert w-full wrap-break-word dark markdown-new-styling\">\n<p data-start=\"309\" data-end=\"376\"><strong data-start=\"309\" data-end=\"322\">Descri\u00e7\u00e3o<\/strong><br data-start=\"322\" data-end=\"325\" \/>C\u00f3digo do Produto: 800 g \u2013 000523 | 2,5 kg \u2013 000866<\/p>\n<hr data-start=\"378\" data-end=\"381\" \/>\n<p data-start=\"383\" data-end=\"425\"><strong data-start=\"383\" data-end=\"411\">Superf\u00edcies de Aplica\u00e7\u00e3o<\/strong><br data-start=\"411\" data-end=\"414\" \/>Porcelanato<\/p>\n<hr data-start=\"427\" data-end=\"430\" \/>\n<p data-start=\"432\" data-end=\"453\"><strong data-start=\"432\" data-end=\"453\">Instru\u00e7\u00f5es de Uso<\/strong><\/p>\n<p data-start=\"455\" data-end=\"483\"><strong data-start=\"455\" data-end=\"483\">Prepara\u00e7\u00e3o da superf\u00edcie<\/strong><\/p>\n<p data-start=\"485\" data-end=\"577\">O piso deve estar completamente limpo, seco e livre de poeiras, ceras, pel\u00edculas ou umidade.<\/p>\n<p data-start=\"579\" data-end=\"658\">Trabalhe em \u00e1reas pequenas, dividindo o piso em partes de aproximadamente 2 m\u00b2.<\/p>\n<hr data-start=\"660\" data-end=\"663\" \/>\n<p data-start=\"665\" data-end=\"690\"><strong data-start=\"665\" data-end=\"690\">Prepara\u00e7\u00e3o do produto<\/strong><\/p>\n<p data-start=\"692\" data-end=\"716\">Agite bem antes de usar.<\/p>\n<p data-start=\"718\" data-end=\"782\">Para cada \u00e1rea de 2 m\u00b2, utilize aproximadamente 36 g do produto.<\/p>\n<p data-start=\"784\" data-end=\"844\">Adicione pequena quantidade de \u00e1gua para formar uma mistura.<\/p>\n<hr data-start=\"846\" data-end=\"849\" \/>\n<p data-start=\"851\" data-end=\"876\"><strong data-start=\"851\" data-end=\"876\">Aplica\u00e7\u00e3o e polimento<\/strong><\/p>\n<p data-start=\"878\" data-end=\"1010\">Despeje o produto sobre a superf\u00edcie e, imediatamente ap\u00f3s adicionar \u00e1gua, trabalhe com polidora equipada com disco de fibra branco.<\/p>\n<p data-start=\"1012\" data-end=\"1060\">Espalhe a mistura de forma homog\u00eanea e uniforme.<\/p>\n<p data-start=\"1062\" data-end=\"1140\">Realize, em m\u00e9dia, de 20 a 25 passadas com a enceradeira sobre a \u00e1rea tratada.<\/p>\n<p data-start=\"1142\" data-end=\"1262\">Durante o processo, mantenha a mistura com consist\u00eancia cremosa, adicionando pequenas quantidades de \u00e1gua se necess\u00e1rio.<\/p>\n<p data-start=\"1264\" data-end=\"1306\">Continue at\u00e9 atingir o resultado desejado.<\/p>\n<hr data-start=\"1308\" data-end=\"1311\" \/>\n<p data-start=\"1313\" data-end=\"1328\"><strong data-start=\"1313\" data-end=\"1328\">Finaliza\u00e7\u00e3o<\/strong><\/p>\n<p data-start=\"1330\" data-end=\"1402\">Ap\u00f3s o polimento, realize a limpeza com detergente neutro ou \u00e1gua limpa.<\/p>\n<hr data-start=\"1404\" data-end=\"1407\" \/>\n<p data-start=\"1409\" data-end=\"1424\"><strong data-start=\"1409\" data-end=\"1424\">Observa\u00e7\u00f5es<\/strong><\/p>\n<p data-start=\"1426\" data-end=\"1705\">N\u00e3o aplicar sobre superf\u00edcies superaquecidas.<br data-start=\"1471\" data-end=\"1474\" \/>A temperatura ideal de aplica\u00e7\u00e3o deve estar entre 5\u00b0C e 40\u00b0C.<br data-start=\"1535\" data-end=\"1538\" \/>Em superf\u00edcies rec\u00e9m-assentadas, aguardar a cura completa da argamassa ou adesivo.<br data-start=\"1620\" data-end=\"1623\" \/>Recomenda-se realizar um teste pr\u00e9vio em pequena \u00e1rea para aprendizado da t\u00e9cnica.<\/p>\n<hr data-start=\"1707\" data-end=\"1710\" \/>\n<p data-start=\"1712\" data-end=\"1726\"><strong data-start=\"1712\" data-end=\"1726\">Rendimento<\/strong><\/p>\n<p data-start=\"1728\" data-end=\"1828\" data-is-last-node=\"\" data-is-only-node=\"\">Aproximadamente de 50 a 70 m\u00b2 por kg, podendo variar conforme a superf\u00edcie e condi\u00e7\u00f5es de aplica\u00e7\u00e3o.<\/p>\n<\/div>\n<\/div>\n<\/div>\n<\/div>\n<\/div>\n<\/div>\n<\/article>\n<\/div>\n<hr \/>\n<h5 class=\"no-margin\">Downloads<\/h5>\n<hr \/>\n<ul>\n<li><strong><a href=\"http:\/\/bellinzoni.net\/ft-2021\/FT-Restaura-Lustro-Bellinzoni.pdf\" target=\"_blank\" rel=\"noopener noreferrer\">Ficha T\u00e9cnica do Produto<\/a><\/strong><\/li>\n<li><strong><a href=\"http:\/\/bellinzoni.net\/2017\/produto\/restaura-lustro\/#\" target=\"_blank\" rel=\"noopener noreferrer\">Ficha de Seguran\u00e7a \u2013\u00a0FISPQ<\/a><\/strong><\/li>\n<\/ul>\n","protected":false},"excerpt":{"rendered":"<h5 class=\"no-margin\"><\/h5>\n<p>Restaura Lustro \u00e9 um creme de polimento \u00e0 base de \u00e1gua, simples e r\u00e1pido de usar, para o polimento e manuten\u00e7\u00e3o de superf\u00edcies porcelanatos. Proporciona fechamento da porosidade do piso tornando-o mais f\u00e1cil de limpar, mais resistente ao desgaste do dia a dia e mais protegido contra manchas. A formula\u00e7\u00e3o inovadora permite um polimento r\u00e1pido e uma manuten\u00e7\u00e3o eficaz para manter o piso sempre bonito. N\u00e3o se trata de uma cera, ele age quimicamente na superf\u00edcie restaurando a cor e o brilho original do material. \u00c9 um complemento do Restaura Arranh\u00f5es e Manchas finalizando o acabamento do piso resultando numa superf\u00edcie nova e bem cuidada. Dependendo do estado do material, pode ser usado sozinho para manuten\u00e7\u00e3o e conserva\u00e7\u00e3o do piso periodicamente.<\/p>\n","protected":false},"featured_media":1001802,"template":"","meta":[],"product_brand":[],"product_cat":[68,74],"product_tag":[],"class_list":{"0":"post-1000202","1":"product","2":"type-product","3":"status-publish","4":"has-post-thumbnail","6":"product_cat-corporate","7":"product_cat-profissional","9":"first","10":"instock","11":"virtual","12":"product-type-simple"},"_links":{"self":[{"href":"https:\/\/bellinzoni.net\/pt\/wp-json\/wp\/v2\/product\/1000202","targetHints":{"allow":["GET"]}}],"collection":[{"href":"https:\/\/bellinzoni.net\/pt\/wp-json\/wp\/v2\/product"}],"about":[{"href":"https:\/\/bellinzoni.net\/pt\/wp-json\/wp\/v2\/types\/product"}],"version-history":[{"count":3,"href":"https:\/\/bellinzoni.net\/pt\/wp-json\/wp\/v2\/product\/1000202\/revisions"}],"predecessor-version":[{"id":1002139,"href":"https:\/\/bellinzoni.net\/pt\/wp-json\/wp\/v2\/product\/1000202\/revisions\/1002139"}],"wp:featuredmedia":[{"embeddable":true,"href":"https:\/\/bellinzoni.net\/pt\/wp-json\/wp\/v2\/media\/1001802"}],"wp:attachment":[{"href":"https:\/\/bellinzoni.net\/pt\/wp-json\/wp\/v2\/media?parent=1000202"}],"wp:term":[{"taxonomy":"product_brand","embeddable":true,"href":"https:\/\/bellinzoni.net\/pt\/wp-json\/wp\/v2\/product_brand?post=1000202"},{"taxonomy":"product_cat","embeddable":true,"href":"https:\/\/bellinzoni.net\/pt\/wp-json\/wp\/v2\/product_cat?post=1000202"},{"taxonomy":"product_tag","embeddable":true,"href":"https:\/\/bellinzoni.net\/pt\/wp-json\/wp\/v2\/product_tag?post=1000202"}],"curies":[{"name":"wp","href":"https:\/\/api.w.org\/{rel}","templated":true}]}}