{"id":1000203,"date":"2026-01-28T20:33:03","date_gmt":"2026-01-28T20:33:03","guid":{"rendered":"https:\/\/bellinzoni.net\/pt\/?post_type=product&#038;p=1000203"},"modified":"2026-03-17T14:23:45","modified_gmt":"2026-03-17T14:23:45","slug":"restaura-nevoa","status":"publish","type":"product","link":"https:\/\/bellinzoni.net\/pt\/produto\/restaura-nevoa\/","title":{"rendered":"Restaura N\u00e9voa"},"content":{"rendered":"<p data-start=\"330\" data-end=\"397\"><strong data-start=\"330\" data-end=\"343\">Descri\u00e7\u00e3o<\/strong><br data-start=\"343\" data-end=\"346\" \/>C\u00f3digo do Produto: 800 g \u2013 000525 | 2,5 kg \u2013 000870<\/p>\n<hr data-start=\"399\" data-end=\"402\" \/>\n<p data-start=\"404\" data-end=\"446\"><strong data-start=\"404\" data-end=\"432\">Superf\u00edcies de Aplica\u00e7\u00e3o<\/strong><br data-start=\"432\" data-end=\"435\" \/>Porcelanato<\/p>\n<hr data-start=\"448\" data-end=\"451\" \/>\n<p data-start=\"453\" data-end=\"474\"><strong data-start=\"453\" data-end=\"474\">Instru\u00e7\u00f5es de Uso<\/strong><\/p>\n<p data-start=\"476\" data-end=\"504\"><strong data-start=\"476\" data-end=\"504\">Prepara\u00e7\u00e3o da superf\u00edcie<\/strong><\/p>\n<p data-start=\"506\" data-end=\"598\">O piso deve estar completamente limpo, seco e livre de poeiras, ceras, pel\u00edculas ou umidade.<\/p>\n<p data-start=\"600\" data-end=\"683\">Trabalhe em \u00e1reas pequenas, dividindo o piso em quadrantes de aproximadamente 1 m\u00b2.<\/p>\n<p data-start=\"685\" data-end=\"818\">N\u00e3o aplicar em superf\u00edcies molhadas. A aplica\u00e7\u00e3o pode ser feita em superf\u00edcie levemente \u00famida, desde que esteja o mais seca poss\u00edvel.<\/p>\n<p data-start=\"820\" data-end=\"871\">A temperatura ambiente deve estar entre 5\u00b0C e 40\u00b0C.<\/p>\n<hr data-start=\"873\" data-end=\"876\" \/>\n<p data-start=\"878\" data-end=\"903\"><strong data-start=\"878\" data-end=\"903\">Prepara\u00e7\u00e3o do produto<\/strong><\/p>\n<p data-start=\"905\" data-end=\"998\">O produto pode apresentar consist\u00eancia s\u00f3lida ou cremosa. Ambas n\u00e3o interferem no desempenho.<\/p>\n<p data-start=\"1000\" data-end=\"1024\">Agite bem antes de usar.<\/p>\n<hr data-start=\"1026\" data-end=\"1029\" \/>\n<p data-start=\"1031\" data-end=\"1055\"><strong data-start=\"1031\" data-end=\"1055\">Aplica\u00e7\u00e3o do produto<\/strong><\/p>\n<p data-start=\"1057\" data-end=\"1123\">Aplique de 2 a 3 colheres de sopa do produto sobre a \u00e1rea de 1 m\u00b2.<\/p>\n<p data-start=\"1125\" data-end=\"1275\">Imediatamente ap\u00f3s a aplica\u00e7\u00e3o, trabalhe com enceradeira (150 a 200 rpm), equipada com disco de fibra branco, espalhando o produto de forma homog\u00eanea.<\/p>\n<p data-start=\"1277\" data-end=\"1361\">Continue o polimento at\u00e9 que o produto esteja completamente seco sobre a superf\u00edcie.<\/p>\n<hr data-start=\"1363\" data-end=\"1366\" \/>\n<p data-start=\"1368\" data-end=\"1383\"><strong data-start=\"1368\" data-end=\"1383\">Finaliza\u00e7\u00e3o<\/strong><\/p>\n<p data-start=\"1385\" data-end=\"1474\">Ap\u00f3s tratar toda a \u00e1rea, remova os res\u00edduos empoeirados com pano seco ou levemente \u00famido.<\/p>\n<hr data-start=\"1476\" data-end=\"1479\" \/>\n<p data-start=\"1481\" data-end=\"1496\"><strong data-start=\"1481\" data-end=\"1496\">Reaplica\u00e7\u00e3o<\/strong><\/p>\n<p data-start=\"1498\" data-end=\"1633\">Para intensificar o brilho e aumentar o fechamento da porosidade, recomenda-se repetir a aplica\u00e7\u00e3o de 1 a 2 vezes conforme necessidade.<\/p>\n<hr data-start=\"1635\" data-end=\"1638\" \/>\n<p data-start=\"1640\" data-end=\"1654\"><strong data-start=\"1640\" data-end=\"1654\">Rendimento<\/strong><\/p>\n<p data-start=\"1656\" data-end=\"1756\" data-is-last-node=\"\" data-is-only-node=\"\">Aproximadamente de 40 a 50 m\u00b2 por kg, podendo variar conforme a superf\u00edcie e condi\u00e7\u00f5es de aplica\u00e7\u00e3o.<\/p>\n<hr \/>\n<h5 class=\"no-margin\">Downloads<\/h5>\n<hr \/>\n<ul>\n<li><strong><a href=\"http:\/\/bellinzoni.net\/ft-2021\/FT-Restaura-Nevoa-Bellinzoni.pdf\" target=\"_blank\" rel=\"noopener noreferrer\">Ficha T\u00e9cnica do Produto<\/a><\/strong><\/li>\n<li><strong><a href=\"http:\/\/bellinzoni.net\/2017\/produto\/restaura-nevoa\/#\" target=\"_blank\" rel=\"noopener noreferrer\">Ficha de Seguran\u00e7a \u2013\u00a0FISPQ<\/a><\/strong><\/li>\n<\/ul>\n","protected":false},"excerpt":{"rendered":"<p>&nbsp;<\/p>\n<p>Restaura N\u00e9voa \u00e9 um creme de polimento de manuten\u00e7\u00e3o \u00e0 base de \u00e1gua especificamente formulado para a manuten\u00e7\u00e3o de brilho em superf\u00edcies de porcelanatos, superf\u00edcies que pela sua natureza s\u00e3o extremamente dif\u00edceis de polir com bons resultados. \u00c9 usado para eliminar \u201cn\u00e9voas ou nuvens\u201d, recuperar e manter o brilho das superf\u00edcies, quando isso, devido ao desgaste do tr\u00e1fego de pedestres, sofre uma redu\u00e7\u00e3o ao longo do tempo. Pode ser aplicado de forma r\u00e1pida e f\u00e1cil, facilitando a limpeza e a manuten\u00e7\u00e3o de rotina, gra\u00e7as \u00e0 sua capacidade de selar a porosidade da superf\u00edcie dos materiais. Produz um brilho caracterizado por um efeito de vidro particularmente resistente e duradouro. \u00c9 por isso que \u00e9 uma solu\u00e7\u00e3o ideal para o polimento e manuten\u00e7\u00e3o de grandes superf\u00edcies geralmente sujeitas a tr\u00e1fego cont\u00ednuo e intenso de pedestres. Tamb\u00e9m devolve o tom original ao material se este tiver sido parcialmente perdido com o tempo devido ao desgaste. N\u00e3o cont\u00e9m ceras, mas atua diretamente na superf\u00edcie tanto do ponto de vista qu\u00edmico quanto mec\u00e2nico. Gra\u00e7as \u00e0 sua facilidade de aplica\u00e7\u00e3o e velocidade de uso, pode ser usado como uma aplica\u00e7\u00e3o \u00fanica para a manuten\u00e7\u00e3o e restaura\u00e7\u00e3o de superf\u00edcies que perderam parte de seu brilho devido ao desgaste, e como uma aplica\u00e7\u00e3o final dentro de um processo de polimento amplo realizado de um piso previamente polido.<\/p>\n","protected":false},"featured_media":1001801,"template":"","meta":[],"product_brand":[],"product_cat":[68,74],"product_tag":[],"class_list":{"0":"post-1000203","1":"product","2":"type-product","3":"status-publish","4":"has-post-thumbnail","6":"product_cat-corporate","7":"product_cat-profissional","9":"first","10":"instock","11":"virtual","12":"product-type-simple"},"_links":{"self":[{"href":"https:\/\/bellinzoni.net\/pt\/wp-json\/wp\/v2\/product\/1000203","targetHints":{"allow":["GET"]}}],"collection":[{"href":"https:\/\/bellinzoni.net\/pt\/wp-json\/wp\/v2\/product"}],"about":[{"href":"https:\/\/bellinzoni.net\/pt\/wp-json\/wp\/v2\/types\/product"}],"version-history":[{"count":3,"href":"https:\/\/bellinzoni.net\/pt\/wp-json\/wp\/v2\/product\/1000203\/revisions"}],"predecessor-version":[{"id":1002137,"href":"https:\/\/bellinzoni.net\/pt\/wp-json\/wp\/v2\/product\/1000203\/revisions\/1002137"}],"wp:featuredmedia":[{"embeddable":true,"href":"https:\/\/bellinzoni.net\/pt\/wp-json\/wp\/v2\/media\/1001801"}],"wp:attachment":[{"href":"https:\/\/bellinzoni.net\/pt\/wp-json\/wp\/v2\/media?parent=1000203"}],"wp:term":[{"taxonomy":"product_brand","embeddable":true,"href":"https:\/\/bellinzoni.net\/pt\/wp-json\/wp\/v2\/product_brand?post=1000203"},{"taxonomy":"product_cat","embeddable":true,"href":"https:\/\/bellinzoni.net\/pt\/wp-json\/wp\/v2\/product_cat?post=1000203"},{"taxonomy":"product_tag","embeddable":true,"href":"https:\/\/bellinzoni.net\/pt\/wp-json\/wp\/v2\/product_tag?post=1000203"}],"curies":[{"name":"wp","href":"https:\/\/api.w.org\/{rel}","templated":true}]}}