{"id":1000204,"date":"2026-01-28T20:33:03","date_gmt":"2026-01-28T20:33:03","guid":{"rendered":"https:\/\/bellinzoni.net\/pt\/?post_type=product&#038;p=1000204"},"modified":"2026-03-25T20:47:22","modified_gmt":"2026-03-25T20:47:22","slug":"bert-27","status":"publish","type":"product","link":"https:\/\/bellinzoni.net\/pt\/produto\/bert-27\/","title":{"rendered":"Bert 27"},"content":{"rendered":"<p class=\"no-margin\">C\u00f3digo do Produto: 1 litro \u2013 000065 | 5 litros \u2013 000068<\/p>\n<hr \/>\n<h5 class=\"no-margin\">Superf\u00edcies de Aplica\u00e7\u00e3o<\/h5>\n<hr \/>\n<ul>\n<li>Granito<\/li>\n<li>Cer\u00e2micas<\/li>\n<li>Pedras em Geral<\/li>\n<\/ul>\n<hr \/>\n<h5 class=\"no-margin\">Instru\u00e7\u00f5es de Uso<\/h5>\n<hr \/>\n<p data-start=\"21\" data-end=\"49\"><strong data-start=\"21\" data-end=\"49\">Prepara\u00e7\u00e3o da superf\u00edcie<\/strong><\/p>\n<ul data-start=\"51\" data-end=\"185\">\n<li data-section-id=\"1ukx8nh\" data-start=\"51\" data-end=\"185\">\n<p data-start=\"53\" data-end=\"185\">Antes da aplica\u00e7\u00e3o, recomenda-se remover poeira, areia e outras sujeiras soltas da superf\u00edcie para melhorar o desempenho da limpeza.<\/p>\n<\/li>\n<\/ul>\n<p data-start=\"187\" data-end=\"199\"><strong data-start=\"187\" data-end=\"199\">Dilui\u00e7\u00e3o<\/strong><\/p>\n<ul data-start=\"201\" data-end=\"328\">\n<li data-section-id=\"edhk3g\" data-start=\"201\" data-end=\"328\">\n<p data-start=\"203\" data-end=\"328\">O produto pode ser utilizado puro ou dilu\u00eddo em at\u00e9 8 partes de \u00e1gua, conforme o n\u00edvel de sujeira e a necessidade da limpeza.<\/p>\n<\/li>\n<\/ul>\n<p data-start=\"330\" data-end=\"354\"><strong data-start=\"330\" data-end=\"354\">Aplica\u00e7\u00e3o do produto<\/strong><\/p>\n<ul data-start=\"356\" data-end=\"515\">\n<li data-section-id=\"5br1w2\" data-start=\"356\" data-end=\"515\">\n<p data-start=\"358\" data-end=\"515\">Aplique a solu\u00e7\u00e3o sobre a superf\u00edcie e espalhe de maneira uniforme utilizando pano, mop ou esponja, garantindo que toda a \u00e1rea seja limpa de forma homog\u00eanea.<\/p>\n<\/li>\n<\/ul>\n<p data-start=\"517\" data-end=\"542\"><strong data-start=\"517\" data-end=\"542\">Enx\u00e1gue e finaliza\u00e7\u00e3o<\/strong><\/p>\n<ul data-start=\"544\" data-end=\"665\">\n<li data-section-id=\"1jck3vv\" data-start=\"544\" data-end=\"665\">\n<p data-start=\"546\" data-end=\"665\">Ap\u00f3s a aplica\u00e7\u00e3o, enx\u00e1gue a superf\u00edcie com \u00e1gua limpa at\u00e9 que todo o res\u00edduo do detergente seja completamente removido.<\/p>\n<\/li>\n<\/ul>\n<hr \/>\n<h5 class=\"no-margin\">Rendimento<\/h5>\n<hr \/>\n<p>Dilu\u00eddo em at\u00e9 8 partes de \u00e1gua limpa, o produto rende aproximadamente uma \u00e1rea de 120 m\u00b2, podendo variar conforme o n\u00edvel de sujeira e a porosidade do material.<\/p>\n<hr \/>\n<h5 class=\"no-margin\">Downloads<\/h5>\n<hr \/>\n<ul>\n<li><strong><a href=\"http:\/\/bellinzoni.net\/fichas_tecnicas\/bert_27.pdf\" target=\"_blank\" rel=\"noopener noreferrer\">Ficha T\u00e9cnica do Produto<\/a><\/strong><\/li>\n<li><strong><a href=\"http:\/\/bellinzoni.net\/fispq\/Bert%2027.FISPQ-BLZ002.pdf\" target=\"_blank\" rel=\"noopener noreferrer\">Ficha de Seguran\u00e7a \u2013\u00a0FISPQ<\/a><\/strong><\/li>\n<\/ul>\n","protected":false},"excerpt":{"rendered":"<h5 class=\"no-margin\"><\/h5>\n<p>Este produto \u00e9 ideal para tirar o excesso de calc\u00e1rio e tamb\u00e9m pode ser indicado para final de obra, pois \u00e9 capaz de retirar restos de cimento, cola e outras sujeiras mais resistentes.<\/p>\n","protected":false},"featured_media":1002418,"template":"","meta":[],"product_brand":[],"product_cat":[74],"product_tag":[],"class_list":{"0":"post-1000204","1":"product","2":"type-product","3":"status-publish","4":"has-post-thumbnail","6":"product_cat-profissional","8":"first","9":"instock","10":"virtual","11":"product-type-simple"},"_links":{"self":[{"href":"https:\/\/bellinzoni.net\/pt\/wp-json\/wp\/v2\/product\/1000204","targetHints":{"allow":["GET"]}}],"collection":[{"href":"https:\/\/bellinzoni.net\/pt\/wp-json\/wp\/v2\/product"}],"about":[{"href":"https:\/\/bellinzoni.net\/pt\/wp-json\/wp\/v2\/types\/product"}],"version-history":[{"count":4,"href":"https:\/\/bellinzoni.net\/pt\/wp-json\/wp\/v2\/product\/1000204\/revisions"}],"predecessor-version":[{"id":1001976,"href":"https:\/\/bellinzoni.net\/pt\/wp-json\/wp\/v2\/product\/1000204\/revisions\/1001976"}],"wp:featuredmedia":[{"embeddable":true,"href":"https:\/\/bellinzoni.net\/pt\/wp-json\/wp\/v2\/media\/1002418"}],"wp:attachment":[{"href":"https:\/\/bellinzoni.net\/pt\/wp-json\/wp\/v2\/media?parent=1000204"}],"wp:term":[{"taxonomy":"product_brand","embeddable":true,"href":"https:\/\/bellinzoni.net\/pt\/wp-json\/wp\/v2\/product_brand?post=1000204"},{"taxonomy":"product_cat","embeddable":true,"href":"https:\/\/bellinzoni.net\/pt\/wp-json\/wp\/v2\/product_cat?post=1000204"},{"taxonomy":"product_tag","embeddable":true,"href":"https:\/\/bellinzoni.net\/pt\/wp-json\/wp\/v2\/product_tag?post=1000204"}],"curies":[{"name":"wp","href":"https:\/\/api.w.org\/{rel}","templated":true}]}}