{"id":1000205,"date":"2026-01-28T20:33:03","date_gmt":"2026-01-28T20:33:03","guid":{"rendered":"https:\/\/bellinzoni.net\/pt\/?post_type=product&#038;p=1000205"},"modified":"2026-03-18T15:53:03","modified_gmt":"2026-03-18T15:53:03","slug":"block-d-70","status":"publish","type":"product","link":"https:\/\/bellinzoni.net\/pt\/produto\/block-d-70\/","title":{"rendered":"Block D-70"},"content":{"rendered":"<p data-start=\"266\" data-end=\"344\"><strong data-start=\"266\" data-end=\"279\">Descri\u00e7\u00e3o<\/strong><br data-start=\"279\" data-end=\"282\" \/>C\u00f3digo do Produto: 1 L \u2013 000200 | 5 L \u2013 000211 | 20 L \u2013 001196<\/p>\n<hr data-start=\"346\" data-end=\"349\" \/>\n<p data-start=\"351\" data-end=\"442\"><strong data-start=\"351\" data-end=\"379\">Superf\u00edcies de Aplica\u00e7\u00e3o<\/strong><br data-start=\"379\" data-end=\"382\" \/>M\u00e1rmore<br data-start=\"389\" data-end=\"392\" \/>Granito<br data-start=\"399\" data-end=\"402\" \/>Porcelanato<br data-start=\"413\" data-end=\"416\" \/>Cer\u00e2mica<br data-start=\"424\" data-end=\"427\" \/>Pedras em Geral<\/p>\n<hr data-start=\"444\" data-end=\"447\" \/>\n<p data-start=\"449\" data-end=\"470\"><strong data-start=\"449\" data-end=\"470\">Instru\u00e7\u00f5es de Uso<\/strong><\/p>\n<p data-start=\"472\" data-end=\"500\"><strong data-start=\"472\" data-end=\"500\">Prepara\u00e7\u00e3o da superf\u00edcie<\/strong><\/p>\n<p data-start=\"502\" data-end=\"589\">Certifique-se de que a superf\u00edcie esteja completamente limpa e seca antes da aplica\u00e7\u00e3o.<\/p>\n<hr data-start=\"591\" data-end=\"594\" \/>\n<p data-start=\"596\" data-end=\"632\"><strong data-start=\"596\" data-end=\"632\">Aplica\u00e7\u00e3o em materiais lustrados<\/strong><\/p>\n<p data-start=\"634\" data-end=\"731\">Aplique o produto com aux\u00edlio de rolo de espuma at\u00e9 que a superf\u00edcie fique completamente molhada.<\/p>\n<p data-start=\"733\" data-end=\"797\">Ap\u00f3s aproximadamente 5 minutos, remova o excesso com pano \u00famido.<\/p>\n<p data-start=\"799\" data-end=\"859\">Caso ainda haja excesso seco, remover com palha de a\u00e7o n\u00ba 0.<\/p>\n<p data-start=\"861\" data-end=\"1001\">Em materiais com poros muito fechados (como m\u00e1rmores importados ou industrializados), recomenda-se diluir o produto entre 30% e 50% em \u00e1gua.<\/p>\n<hr data-start=\"1003\" data-end=\"1006\" \/>\n<p data-start=\"1008\" data-end=\"1041\"><strong data-start=\"1008\" data-end=\"1041\">Aplica\u00e7\u00e3o em materiais brutos<\/strong><\/p>\n<p data-start=\"1043\" data-end=\"1080\">Aplique o produto com rolo de espuma.<\/p>\n<p data-start=\"1082\" data-end=\"1173\">Recomenda-se a aplica\u00e7\u00e3o de 2 camadas, com intervalo de aproximadamente 3 horas entre elas.<\/p>\n<hr data-start=\"1175\" data-end=\"1178\" \/>\n<p data-start=\"1180\" data-end=\"1194\"><strong data-start=\"1180\" data-end=\"1194\">Rendimento<\/strong><\/p>\n<p data-start=\"1196\" data-end=\"1330\" data-is-last-node=\"\" data-is-only-node=\"\">Materiais lustrados: aproximadamente 30 m\u00b2 por litro.<br data-start=\"1249\" data-end=\"1252\" \/>Materiais brutos: aproximadamente 15 m\u00b2 por litro (considerando duas camadas).<\/p>\n<hr \/>\n<h5 class=\"no-margin\">Downloads<\/h5>\n<hr \/>\n<ul>\n<li><strong><a href=\"http:\/\/bellinzoni.net\/fichas_tecnicas\/block_d70.pdf\" target=\"_blank\" rel=\"noopener noreferrer\">Ficha T\u00e9cnica do Produto<\/a><\/strong><\/li>\n<li><strong><a href=\"http:\/\/bellinzoni.net\/fispq\/Block%20D-70-FISPQ-BLZ040.pdf\" target=\"_blank\" rel=\"noopener noreferrer\">Ficha de Seguran\u00e7a \u2013\u00a0FISPQ<\/a><\/strong><\/li>\n<\/ul>\n","protected":false},"excerpt":{"rendered":"<p>Produto que impede a absor\u00e7\u00e3o de \u00e1gua e \u00f3leo em m\u00e1rmores, granitos, porcelanato, cer\u00e2micas e pedras em geral. Penetra profundamente nos poros da pedra, sem formar pel\u00edculas sobre a mesma.<\/p>\n","protected":false},"featured_media":1000251,"template":"","meta":[],"product_brand":[],"product_cat":[74],"product_tag":[],"class_list":{"0":"post-1000205","1":"product","2":"type-product","3":"status-publish","4":"has-post-thumbnail","6":"product_cat-profissional","8":"first","9":"instock","10":"virtual","11":"product-type-simple"},"_links":{"self":[{"href":"https:\/\/bellinzoni.net\/pt\/wp-json\/wp\/v2\/product\/1000205","targetHints":{"allow":["GET"]}}],"collection":[{"href":"https:\/\/bellinzoni.net\/pt\/wp-json\/wp\/v2\/product"}],"about":[{"href":"https:\/\/bellinzoni.net\/pt\/wp-json\/wp\/v2\/types\/product"}],"version-history":[{"count":3,"href":"https:\/\/bellinzoni.net\/pt\/wp-json\/wp\/v2\/product\/1000205\/revisions"}],"predecessor-version":[{"id":1002190,"href":"https:\/\/bellinzoni.net\/pt\/wp-json\/wp\/v2\/product\/1000205\/revisions\/1002190"}],"wp:featuredmedia":[{"embeddable":true,"href":"https:\/\/bellinzoni.net\/pt\/wp-json\/wp\/v2\/media\/1000251"}],"wp:attachment":[{"href":"https:\/\/bellinzoni.net\/pt\/wp-json\/wp\/v2\/media?parent=1000205"}],"wp:term":[{"taxonomy":"product_brand","embeddable":true,"href":"https:\/\/bellinzoni.net\/pt\/wp-json\/wp\/v2\/product_brand?post=1000205"},{"taxonomy":"product_cat","embeddable":true,"href":"https:\/\/bellinzoni.net\/pt\/wp-json\/wp\/v2\/product_cat?post=1000205"},{"taxonomy":"product_tag","embeddable":true,"href":"https:\/\/bellinzoni.net\/pt\/wp-json\/wp\/v2\/product_tag?post=1000205"}],"curies":[{"name":"wp","href":"https:\/\/api.w.org\/{rel}","templated":true}]}}