{"id":1000206,"date":"2026-01-28T20:33:03","date_gmt":"2026-01-28T20:33:03","guid":{"rendered":"https:\/\/bellinzoni.net\/pt\/?post_type=product&#038;p=1000206"},"modified":"2026-03-25T20:47:28","modified_gmt":"2026-03-25T20:47:28","slug":"corta-ferrugem","status":"publish","type":"product","link":"https:\/\/bellinzoni.net\/pt\/produto\/corta-ferrugem\/","title":{"rendered":"Corta Ferrugem"},"content":{"rendered":"<p class=\"no-margin\">C\u00f3digo do Produto: 1 kg \u2013 000997<\/p>\n<hr \/>\n<h5 class=\"no-margin\">Superf\u00edcies de Aplica\u00e7\u00e3o<\/h5>\n<ul>\n<li>Granito<\/li>\n<li>Pedras em Geral<\/li>\n<\/ul>\n<hr \/>\n<h5 class=\"no-margin\">Instru\u00e7\u00f5es de Uso<\/h5>\n<hr \/>\n<p data-start=\"515\" data-end=\"527\"><strong data-start=\"515\" data-end=\"527\">Dilui\u00e7\u00e3o<\/strong><\/p>\n<ul data-start=\"529\" data-end=\"575\">\n<li data-section-id=\"ynxvt0\" data-start=\"529\" data-end=\"575\">\n<p data-start=\"531\" data-end=\"575\">Dilua 1 parte do produto em 1 parte de \u00e1gua.<\/p>\n<\/li>\n<\/ul>\n<p data-start=\"577\" data-end=\"601\"><strong data-start=\"577\" data-end=\"601\">Aplica\u00e7\u00e3o do produto<\/strong><\/p>\n<ul data-start=\"603\" data-end=\"711\">\n<li data-section-id=\"s3v08s\" data-start=\"603\" data-end=\"711\">\n<p data-start=\"605\" data-end=\"711\">Aplique a solu\u00e7\u00e3o sobre a superf\u00edcie a ser limpa, espalhando de forma uniforme sobre as \u00e1reas com sujeira.<\/p>\n<\/li>\n<\/ul>\n<p data-start=\"713\" data-end=\"730\"><strong data-start=\"713\" data-end=\"730\">Tempo de a\u00e7\u00e3o<\/strong><\/p>\n<ul data-start=\"732\" data-end=\"822\">\n<li data-section-id=\"z7fqjm\" data-start=\"732\" data-end=\"822\">\n<p data-start=\"734\" data-end=\"822\">Deixe o produto agir por aproximadamente 12 horas para facilitar a remo\u00e7\u00e3o dos res\u00edduos.<\/p>\n<\/li>\n<\/ul>\n<p data-start=\"824\" data-end=\"849\"><strong data-start=\"824\" data-end=\"849\">Enx\u00e1gue e finaliza\u00e7\u00e3o<\/strong><\/p>\n<ul data-start=\"851\" data-end=\"1053\">\n<li data-section-id=\"8g0x3q\" data-start=\"851\" data-end=\"981\">\n<p data-start=\"853\" data-end=\"981\">Ap\u00f3s o tempo de a\u00e7\u00e3o, lave a superf\u00edcie com \u00e1gua em abund\u00e2ncia para remover completamente o produto e os res\u00edduos dissolvidos.<\/p>\n<\/li>\n<li data-section-id=\"1q1uc5i\" data-start=\"982\" data-end=\"1053\">\n<p data-start=\"984\" data-end=\"1053\">Caso necess\u00e1rio, repita a opera\u00e7\u00e3o at\u00e9 alcan\u00e7ar o resultado desejado.<\/p>\n<\/li>\n<\/ul>\n<hr \/>\n<h5 class=\"no-margin\">Downloads<\/h5>\n<hr \/>\n<ul>\n<li><strong><a href=\"http:\/\/bellinzoni.net\/fichas-2019\/corta-ferrugem.pdf\" target=\"_blank\" rel=\"noopener noreferrer\">Ficha T\u00e9cnica do Produto<\/a><\/strong><\/li>\n<li><strong><a href=\"http:\/\/bellinzoni.net\/2017\/produto\/corta-ferrugem\/#\" target=\"_blank\" rel=\"noopener noreferrer\">Ficha de Seguran\u00e7a \u2013\u00a0FISPQ<\/a><\/strong><\/li>\n<\/ul>\n","protected":false},"excerpt":{"rendered":"<h5 class=\"no-margin\"><\/h5>\n<p>Produto c\/ base \u00e1cida p\/ combater focos de oxida\u00e7\u00e3o natural em granitos e pedras em geral. Elimina e previne o surgimento de novas manchas. N\u00e3o pode ser usado em m\u00e1rmores.<\/p>\n","protected":false},"featured_media":1002420,"template":"","meta":[],"product_brand":[],"product_cat":[74],"product_tag":[],"class_list":{"0":"post-1000206","1":"product","2":"type-product","3":"status-publish","4":"has-post-thumbnail","6":"product_cat-profissional","8":"first","9":"instock","10":"virtual","11":"product-type-simple"},"_links":{"self":[{"href":"https:\/\/bellinzoni.net\/pt\/wp-json\/wp\/v2\/product\/1000206","targetHints":{"allow":["GET"]}}],"collection":[{"href":"https:\/\/bellinzoni.net\/pt\/wp-json\/wp\/v2\/product"}],"about":[{"href":"https:\/\/bellinzoni.net\/pt\/wp-json\/wp\/v2\/types\/product"}],"version-history":[{"count":5,"href":"https:\/\/bellinzoni.net\/pt\/wp-json\/wp\/v2\/product\/1000206\/revisions"}],"predecessor-version":[{"id":1002407,"href":"https:\/\/bellinzoni.net\/pt\/wp-json\/wp\/v2\/product\/1000206\/revisions\/1002407"}],"wp:featuredmedia":[{"embeddable":true,"href":"https:\/\/bellinzoni.net\/pt\/wp-json\/wp\/v2\/media\/1002420"}],"wp:attachment":[{"href":"https:\/\/bellinzoni.net\/pt\/wp-json\/wp\/v2\/media?parent=1000206"}],"wp:term":[{"taxonomy":"product_brand","embeddable":true,"href":"https:\/\/bellinzoni.net\/pt\/wp-json\/wp\/v2\/product_brand?post=1000206"},{"taxonomy":"product_cat","embeddable":true,"href":"https:\/\/bellinzoni.net\/pt\/wp-json\/wp\/v2\/product_cat?post=1000206"},{"taxonomy":"product_tag","embeddable":true,"href":"https:\/\/bellinzoni.net\/pt\/wp-json\/wp\/v2\/product_tag?post=1000206"}],"curies":[{"name":"wp","href":"https:\/\/api.w.org\/{rel}","templated":true}]}}