{"id":1000207,"date":"2026-01-28T20:33:03","date_gmt":"2026-01-28T20:33:03","guid":{"rendered":"https:\/\/bellinzoni.net\/pt\/?post_type=product&#038;p=1000207"},"modified":"2026-03-26T16:12:31","modified_gmt":"2026-03-26T16:12:31","slug":"facil-keramik","status":"publish","type":"product","link":"https:\/\/bellinzoni.net\/pt\/produto\/facil-keramik\/","title":{"rendered":"Facil Keramik"},"content":{"rendered":"<p class=\"no-margin\">C\u00f3digo do Produto: 1 litro \u2013 000006 | 5 litros \u2013 0000813<\/p>\n<hr \/>\n<h5 class=\"no-margin\">Superf\u00edcies de Aplica\u00e7\u00e3o<\/h5>\n<hr \/>\n<ul>\n<li>Porcelanatos<\/li>\n<li>Cer\u00e2micas<\/li>\n<\/ul>\n<hr \/>\n<h5 class=\"no-margin\">Instru\u00e7\u00f5es de Uso<\/h5>\n<hr \/>\n<p data-start=\"448\" data-end=\"460\"><strong data-start=\"448\" data-end=\"460\">Dilui\u00e7\u00e3o<\/strong><\/p>\n<ul data-start=\"462\" data-end=\"551\">\n<li data-section-id=\"1c7rocs\" data-start=\"462\" data-end=\"551\">\n<p data-start=\"464\" data-end=\"551\">Dilua de 30 a 50 ml do produto, aproximadamente uma x\u00edcara de caf\u00e9, em 1 litro de \u00e1gua.<\/p>\n<\/li>\n<\/ul>\n<p data-start=\"553\" data-end=\"577\"><strong data-start=\"553\" data-end=\"577\">Aplica\u00e7\u00e3o do produto<\/strong><\/p>\n<ul data-start=\"579\" data-end=\"661\">\n<li data-section-id=\"jy264b\" data-start=\"579\" data-end=\"661\">\n<p data-start=\"581\" data-end=\"661\">Aplique a solu\u00e7\u00e3o com um pano, espalhando uniformemente sobre toda a superf\u00edcie.<\/p>\n<\/li>\n<\/ul>\n<p data-start=\"663\" data-end=\"678\"><strong data-start=\"663\" data-end=\"678\">Finaliza\u00e7\u00e3o<\/strong><\/p>\n<ul data-start=\"680\" data-end=\"774\">\n<li data-section-id=\"1imqhqe\" data-start=\"680\" data-end=\"774\">\n<p data-start=\"682\" data-end=\"774\">Ap\u00f3s a secagem do produto, passe um pano limpo e seco para dar o lustro final na superf\u00edcie.<\/p>\n<\/li>\n<\/ul>\n<hr \/>\n<h5 class=\"no-margin\">Rendimento<\/h5>\n<hr \/>\n<p>1 litro, dilu\u00eddo conforme indica\u00e7\u00e3o do produto, rende aproximadamente uma \u00e1rea de 300 m\u00b2, podendo variar de acordo com o tipo de superf\u00edcie e o n\u00edvel de sujeira.<\/p>\n<hr \/>\n<h5 class=\"no-margin\">Downloads<\/h5>\n<hr \/>\n<ul>\n<li><strong><a href=\"http:\/\/bellinzoni.net\/fichas_tecnicas\/facil_keramik.pdf\" target=\"_blank\" rel=\"noopener noreferrer\">Ficha T\u00e9cnica do Produto<\/a><\/strong><\/li>\n<li><strong><a href=\"http:\/\/bellinzoni.net\/fispqs\/F%C3%A1cil%20Keramik-FISPQ-BLZ082.pdf\" target=\"_blank\" rel=\"noopener noreferrer\">Ficha de Seguran\u00e7a \u2013\u00a0FISPQ<\/a><\/strong><\/li>\n<\/ul>\n","protected":false},"excerpt":{"rendered":"<p>Produto ideal para manuten\u00e7\u00e3o di\u00e1ria em revestimentos de cer\u00e2micas e porcelanatos. Sua f\u00f3rmula exclusiva limpa e d\u00e1 brilho, ativando a cor e o lustro do material e protegendo-o de marcas e riscos do cotidiano.<\/p>\n","protected":false},"featured_media":1002423,"template":"","meta":[],"product_brand":[],"product_cat":[74],"product_tag":[],"class_list":{"0":"post-1000207","1":"product","2":"type-product","3":"status-publish","4":"has-post-thumbnail","6":"product_cat-profissional","8":"first","9":"instock","10":"virtual","11":"product-type-simple"},"_links":{"self":[{"href":"https:\/\/bellinzoni.net\/pt\/wp-json\/wp\/v2\/product\/1000207","targetHints":{"allow":["GET"]}}],"collection":[{"href":"https:\/\/bellinzoni.net\/pt\/wp-json\/wp\/v2\/product"}],"about":[{"href":"https:\/\/bellinzoni.net\/pt\/wp-json\/wp\/v2\/types\/product"}],"version-history":[{"count":4,"href":"https:\/\/bellinzoni.net\/pt\/wp-json\/wp\/v2\/product\/1000207\/revisions"}],"predecessor-version":[{"id":1001973,"href":"https:\/\/bellinzoni.net\/pt\/wp-json\/wp\/v2\/product\/1000207\/revisions\/1001973"}],"wp:featuredmedia":[{"embeddable":true,"href":"https:\/\/bellinzoni.net\/pt\/wp-json\/wp\/v2\/media\/1002423"}],"wp:attachment":[{"href":"https:\/\/bellinzoni.net\/pt\/wp-json\/wp\/v2\/media?parent=1000207"}],"wp:term":[{"taxonomy":"product_brand","embeddable":true,"href":"https:\/\/bellinzoni.net\/pt\/wp-json\/wp\/v2\/product_brand?post=1000207"},{"taxonomy":"product_cat","embeddable":true,"href":"https:\/\/bellinzoni.net\/pt\/wp-json\/wp\/v2\/product_cat?post=1000207"},{"taxonomy":"product_tag","embeddable":true,"href":"https:\/\/bellinzoni.net\/pt\/wp-json\/wp\/v2\/product_tag?post=1000207"}],"curies":[{"name":"wp","href":"https:\/\/api.w.org\/{rel}","templated":true}]}}