{"id":1000208,"date":"2026-01-28T20:33:04","date_gmt":"2026-01-28T20:33:04","guid":{"rendered":"https:\/\/bellinzoni.net\/pt\/?post_type=product&#038;p=1000208"},"modified":"2026-03-26T18:30:08","modified_gmt":"2026-03-26T18:30:08","slug":"lava-lucida","status":"publish","type":"product","link":"https:\/\/bellinzoni.net\/pt\/produto\/lava-lucida\/","title":{"rendered":"Lava Lucida"},"content":{"rendered":"<p class=\"no-margin\">C\u00f3digo do Produto: 1 litro \u2013 000084 | 5 litros \u2013 000090<\/p>\n<hr \/>\n<h5 class=\"no-margin\">Superf\u00edcies de Aplica\u00e7\u00e3o<\/h5>\n<hr \/>\n<ul>\n<li>M\u00e1rmore<\/li>\n<li>Granito<\/li>\n<li>Pedras em Geral<\/li>\n<\/ul>\n<hr \/>\n<h5 class=\"no-margin\">Instru\u00e7\u00f5es de Uso<\/h5>\n<hr \/>\n<p data-start=\"554\" data-end=\"582\"><strong data-start=\"554\" data-end=\"582\">Prepara\u00e7\u00e3o da superf\u00edcie<\/strong><\/p>\n<ul data-start=\"584\" data-end=\"704\">\n<li data-section-id=\"gj8ic8\" data-start=\"584\" data-end=\"704\">\n<p data-start=\"586\" data-end=\"704\">Antes da aplica\u00e7\u00e3o, remova poeira, areia e outras sujeiras soltas da superf\u00edcie para melhorar o desempenho da limpeza.<\/p>\n<\/li>\n<\/ul>\n<p data-start=\"706\" data-end=\"718\"><strong data-start=\"706\" data-end=\"718\">Dilui\u00e7\u00e3o<\/strong><\/p>\n<ul data-start=\"720\" data-end=\"910\">\n<li data-section-id=\"1ux0m5v\" data-start=\"720\" data-end=\"816\">\n<p data-start=\"722\" data-end=\"816\">O produto \u00e9 concentrado e pode ser dilu\u00eddo em at\u00e9 50 partes de \u00e1gua, conforme a necessidade.<\/p>\n<\/li>\n<li data-section-id=\"1ggv0pg\" data-start=\"817\" data-end=\"910\">\n<p data-start=\"819\" data-end=\"910\">A propor\u00e7\u00e3o de dilui\u00e7\u00e3o deve considerar o n\u00edvel de sujeira e o volume de tr\u00e2nsito no local.<\/p>\n<\/li>\n<\/ul>\n<p data-start=\"912\" data-end=\"936\"><strong data-start=\"912\" data-end=\"936\">Aplica\u00e7\u00e3o do produto<\/strong><\/p>\n<ul data-start=\"938\" data-end=\"1146\">\n<li data-section-id=\"1i10wgy\" data-start=\"938\" data-end=\"1037\">\n<p data-start=\"940\" data-end=\"1037\">Aplique a solu\u00e7\u00e3o utilizando pano, mop ou equipamento lavador apropriado para limpeza de pisos.<\/p>\n<\/li>\n<li data-section-id=\"18brzfw\" data-start=\"1038\" data-end=\"1146\">\n<p data-start=\"1040\" data-end=\"1146\">O produto tamb\u00e9m pode ser aplicado com m\u00e1quina especial que realiza a lavagem e o polimento da superf\u00edcie.<\/p>\n<\/li>\n<\/ul>\n<p data-start=\"1148\" data-end=\"1173\"><strong data-start=\"1148\" data-end=\"1173\">Enx\u00e1gue e finaliza\u00e7\u00e3o<\/strong><\/p>\n<ul data-start=\"1175\" data-end=\"1371\">\n<li data-section-id=\"1kxdpok\" data-start=\"1175\" data-end=\"1226\">\n<p data-start=\"1177\" data-end=\"1226\">N\u00e3o h\u00e1 necessidade de enx\u00e1gue ap\u00f3s a aplica\u00e7\u00e3o.<\/p>\n<\/li>\n<li data-section-id=\"1ab3rct\" data-start=\"1227\" data-end=\"1371\">\n<p data-start=\"1229\" data-end=\"1371\">Ap\u00f3s a remo\u00e7\u00e3o da \u00e1gua suja, realize o polimento da superf\u00edcie utilizando disco branco ou disco de feltro para restaurar o brilho do material.<\/p>\n<\/li>\n<\/ul>\n<hr \/>\n<h5 class=\"no-margin\">Rendimento<\/h5>\n<hr \/>\n<p data-start=\"1391\" data-end=\"1547\">Dilu\u00eddo em at\u00e9 50 partes de \u00e1gua, o produto rende aproximadamente uma \u00e1rea de 500 m\u00b2, podendo variar conforme o n\u00edvel de sujeira e a porosidade do material.<\/p>\n<hr \/>\n<h5 class=\"no-margin\">Downloads<\/h5>\n<hr \/>\n<ul>\n<li><strong><a href=\"http:\/\/bellinzoni.net\/fichas_tecnicas\/lava_lucida.pdf\" target=\"_blank\" rel=\"noopener noreferrer\">Ficha T\u00e9cnica do Produto<\/a><\/strong><\/li>\n<li><strong><a href=\"http:\/\/bellinzoni.net\/fispq\/Lava%20Lucida-FISPQ-BLZ064.pdf\" target=\"_blank\" rel=\"noopener noreferrer\">Ficha de Seguran\u00e7a \u2013\u00a0FISPQ<\/a><\/strong><\/li>\n<\/ul>\n","protected":false},"excerpt":{"rendered":"<h5 class=\"no-margin\"><\/h5>\n<p>Detergente que limpa e d\u00e1 brilho ao mesmo tempo, indicado para uma r\u00e1pida e simples manuten\u00e7\u00e3o de grandes superf\u00edcies de pisos em m\u00e1rmores, pedras naturais, aglomerados e cer\u00e2micas, podendo ser essas superf\u00edcies polidas, naturais ou enceradas.<\/p>\n","protected":false},"featured_media":1002406,"template":"","meta":[],"product_brand":[],"product_cat":[74],"product_tag":[],"class_list":{"0":"post-1000208","1":"product","2":"type-product","3":"status-publish","4":"has-post-thumbnail","6":"product_cat-profissional","8":"first","9":"instock","10":"virtual","11":"product-type-simple"},"_links":{"self":[{"href":"https:\/\/bellinzoni.net\/pt\/wp-json\/wp\/v2\/product\/1000208","targetHints":{"allow":["GET"]}}],"collection":[{"href":"https:\/\/bellinzoni.net\/pt\/wp-json\/wp\/v2\/product"}],"about":[{"href":"https:\/\/bellinzoni.net\/pt\/wp-json\/wp\/v2\/types\/product"}],"version-history":[{"count":4,"href":"https:\/\/bellinzoni.net\/pt\/wp-json\/wp\/v2\/product\/1000208\/revisions"}],"predecessor-version":[{"id":1001892,"href":"https:\/\/bellinzoni.net\/pt\/wp-json\/wp\/v2\/product\/1000208\/revisions\/1001892"}],"wp:featuredmedia":[{"embeddable":true,"href":"https:\/\/bellinzoni.net\/pt\/wp-json\/wp\/v2\/media\/1002406"}],"wp:attachment":[{"href":"https:\/\/bellinzoni.net\/pt\/wp-json\/wp\/v2\/media?parent=1000208"}],"wp:term":[{"taxonomy":"product_brand","embeddable":true,"href":"https:\/\/bellinzoni.net\/pt\/wp-json\/wp\/v2\/product_brand?post=1000208"},{"taxonomy":"product_cat","embeddable":true,"href":"https:\/\/bellinzoni.net\/pt\/wp-json\/wp\/v2\/product_cat?post=1000208"},{"taxonomy":"product_tag","embeddable":true,"href":"https:\/\/bellinzoni.net\/pt\/wp-json\/wp\/v2\/product_tag?post=1000208"}],"curies":[{"name":"wp","href":"https:\/\/api.w.org\/{rel}","templated":true}]}}