{"id":1000209,"date":"2026-01-28T20:33:04","date_gmt":"2026-01-28T20:33:04","guid":{"rendered":"https:\/\/bellinzoni.net\/pt\/?post_type=product&#038;p=1000209"},"modified":"2026-03-26T16:12:19","modified_gmt":"2026-03-26T16:12:19","slug":"lem-3","status":"publish","type":"product","link":"https:\/\/bellinzoni.net\/pt\/produto\/lem-3\/","title":{"rendered":"Lem 3"},"content":{"rendered":"<p class=\"no-margin\">C\u00f3digo do Produto: 1 litro \u2013 000094 | 5 litros \u2013 000099<\/p>\n<hr \/>\n<h5 class=\"no-margin\">Superf\u00edcies de Aplica\u00e7\u00e3o<\/h5>\n<hr \/>\n<ul>\n<li>Cer\u00e2mica<\/li>\n<li>M\u00e1rmore<\/li>\n<li>Granito<\/li>\n<li>Pedras em Geral<\/li>\n<\/ul>\n<hr \/>\n<h5 class=\"no-margin\">Instru\u00e7\u00f5es de Uso<\/h5>\n<hr \/>\n<p data-start=\"543\" data-end=\"567\"><strong>Prepara\u00e7\u00e3o da superf\u00edcie<\/strong><\/p>\n<ul>\n<li data-start=\"569\" data-end=\"729\">Antes da aplica\u00e7\u00e3o, recomenda-se remover poeira, areia e outras sujeiras soltas da superf\u00edcie. Isso facilita a a\u00e7\u00e3o do produto e melhora o resultado da limpeza.<\/li>\n<\/ul>\n<p data-start=\"731\" data-end=\"739\"><strong>Dilui\u00e7\u00e3o<\/strong><\/p>\n<ul>\n<li data-start=\"741\" data-end=\"870\">O produto pode ser utilizado puro ou dilu\u00eddo em at\u00e9 8 partes de \u00e1gua, conforme o n\u00edvel de sujeira e a necessidade da limpeza.<\/li>\n<\/ul>\n<p data-start=\"872\" data-end=\"892\"><strong>Aplica\u00e7\u00e3o do produto<\/strong><\/p>\n<ul>\n<li data-start=\"894\" data-end=\"1051\">Aplique a solu\u00e7\u00e3o sobre a superf\u00edcie e espalhe de maneira uniforme utilizando pano, mop ou esponja, garantindo que toda a \u00e1rea seja limpa de forma homog\u00eanea.<\/li>\n<\/ul>\n<p data-start=\"1053\" data-end=\"1074\"><strong>Enx\u00e1gue e finaliza\u00e7\u00e3o<\/strong><\/p>\n<ul>\n<li data-start=\"1076\" data-end=\"1200\">Ap\u00f3s a limpeza, enx\u00e1gue a superf\u00edcie com \u00e1gua limpa para remover completamente os res\u00edduos do produto e da sujeira removida.<\/li>\n<\/ul>\n<hr \/>\n<h5 class=\"no-margin\">Rendimento<\/h5>\n<hr \/>\n<p>Dilu\u00eddo em at\u00e9 8 partes de \u00e1gua, o produto rende aproximadamente 120 m\u00b2, podendo variar de acordo com o n\u00edvel de sujeira e a absor\u00e7\u00e3o do material.<\/p>\n<hr \/>\n<h5 class=\"no-margin\">Downloads<\/h5>\n<hr \/>\n<ul>\n<li><strong><a href=\"http:\/\/bellinzoni.net\/fichas_tecnicas\/lem3.pdf\" target=\"_blank\" rel=\"noopener noreferrer\">Ficha T\u00e9cnica do Produto<\/a><\/strong><\/li>\n<li><strong><a href=\"http:\/\/bellinzoni.net\/fispq\/Lem%203.FISPQ-BLZ003.pdf\" target=\"_blank\" rel=\"noopener noreferrer\">Ficha de Seguran\u00e7a \u2013\u00a0FISPQ<\/a><\/strong><\/li>\n<\/ul>\n","protected":false},"excerpt":{"rendered":"<h5 class=\"no-margin\"><\/h5>\n<p>Detergente que faz uma limpeza em m\u00e1rmores, granitos e pedras em geral. Recomendado para limpeza di\u00e1ria. Com Ph especialmente estudado, n\u00e3o afeta o brilho e n\u00e3o danifica o material.<\/p>\n","protected":false},"featured_media":1002424,"template":"","meta":[],"product_brand":[],"product_cat":[74],"product_tag":[],"class_list":{"0":"post-1000209","1":"product","2":"type-product","3":"status-publish","4":"has-post-thumbnail","6":"product_cat-profissional","8":"first","9":"instock","10":"virtual","11":"product-type-simple"},"_links":{"self":[{"href":"https:\/\/bellinzoni.net\/pt\/wp-json\/wp\/v2\/product\/1000209","targetHints":{"allow":["GET"]}}],"collection":[{"href":"https:\/\/bellinzoni.net\/pt\/wp-json\/wp\/v2\/product"}],"about":[{"href":"https:\/\/bellinzoni.net\/pt\/wp-json\/wp\/v2\/types\/product"}],"version-history":[{"count":4,"href":"https:\/\/bellinzoni.net\/pt\/wp-json\/wp\/v2\/product\/1000209\/revisions"}],"predecessor-version":[{"id":1001971,"href":"https:\/\/bellinzoni.net\/pt\/wp-json\/wp\/v2\/product\/1000209\/revisions\/1001971"}],"wp:featuredmedia":[{"embeddable":true,"href":"https:\/\/bellinzoni.net\/pt\/wp-json\/wp\/v2\/media\/1002424"}],"wp:attachment":[{"href":"https:\/\/bellinzoni.net\/pt\/wp-json\/wp\/v2\/media?parent=1000209"}],"wp:term":[{"taxonomy":"product_brand","embeddable":true,"href":"https:\/\/bellinzoni.net\/pt\/wp-json\/wp\/v2\/product_brand?post=1000209"},{"taxonomy":"product_cat","embeddable":true,"href":"https:\/\/bellinzoni.net\/pt\/wp-json\/wp\/v2\/product_cat?post=1000209"},{"taxonomy":"product_tag","embeddable":true,"href":"https:\/\/bellinzoni.net\/pt\/wp-json\/wp\/v2\/product_tag?post=1000209"}],"curies":[{"name":"wp","href":"https:\/\/api.w.org\/{rel}","templated":true}]}}