{"id":1000210,"date":"2026-01-28T20:33:04","date_gmt":"2026-01-28T20:33:04","guid":{"rendered":"https:\/\/bellinzoni.net\/pt\/?post_type=product&#038;p=1000210"},"modified":"2026-03-16T15:27:25","modified_gmt":"2026-03-16T15:27:25","slug":"luxx-esfoliante","status":"publish","type":"product","link":"https:\/\/bellinzoni.net\/pt\/produto\/luxx-esfoliante\/","title":{"rendered":"Luxx Esfoliante"},"content":{"rendered":"<p data-start=\"316\" data-end=\"366\"><strong data-start=\"316\" data-end=\"329\">Descri\u00e7\u00e3o<\/strong><br data-start=\"329\" data-end=\"332\" \/>C\u00f3digo do Produto: 900 ml \u2013 001173<\/p>\n<hr data-start=\"368\" data-end=\"371\" \/>\n<p data-start=\"373\" data-end=\"415\"><strong data-start=\"373\" data-end=\"401\">Superf\u00edcies de Aplica\u00e7\u00e3o<\/strong><br data-start=\"401\" data-end=\"404\" \/>Porcelanato<\/p>\n<hr data-start=\"417\" data-end=\"420\" \/>\n<p data-start=\"422\" data-end=\"443\"><strong data-start=\"422\" data-end=\"443\">Instru\u00e7\u00f5es de Uso<\/strong><\/p>\n<p data-start=\"445\" data-end=\"470\"><strong data-start=\"445\" data-end=\"470\">Prepara\u00e7\u00e3o do produto<\/strong><\/p>\n<p data-start=\"472\" data-end=\"496\">Agite bem antes de usar.<\/p>\n<p data-start=\"498\" data-end=\"522\"><strong data-start=\"498\" data-end=\"522\">Aplica\u00e7\u00e3o do produto<\/strong><\/p>\n<p data-start=\"524\" data-end=\"623\">Com a superf\u00edcie levemente \u00famida, aplique o produto diretamente sobre a \u00e1rea ou mancha a ser limpa.<\/p>\n<p data-start=\"625\" data-end=\"636\"><strong data-start=\"625\" data-end=\"636\">Limpeza<\/strong><\/p>\n<p data-start=\"638\" data-end=\"715\">Esfregue a superf\u00edcie utilizando uma esponja macia ou mop profissional \u00famido.<\/p>\n<p data-start=\"717\" data-end=\"728\"><strong data-start=\"717\" data-end=\"728\">Remo\u00e7\u00e3o<\/strong><\/p>\n<p data-start=\"730\" data-end=\"816\">Ap\u00f3s a limpeza, enx\u00e1gue a superf\u00edcie ou remova o produto com aux\u00edlio de um pano \u00famido.<\/p>\n<p data-start=\"818\" data-end=\"832\"><strong data-start=\"818\" data-end=\"832\">Observa\u00e7\u00e3o<\/strong><\/p>\n<p data-start=\"834\" data-end=\"944\">N\u00e3o utilizar em superf\u00edcies de acr\u00edlico, pois esse tipo de material possui baixa dureza e pode ser danificado.<\/p>\n<hr data-start=\"946\" data-end=\"949\" \/>\n<p data-start=\"951\" data-end=\"965\"><strong data-start=\"951\" data-end=\"965\">Rendimento<\/strong><\/p>\n<p data-start=\"967\" data-end=\"1060\" data-is-last-node=\"\" data-is-only-node=\"\">900 ml rende aproximadamente 20 m\u00b2, podendo variar conforme o grau de sujidade da superf\u00edcie.<\/p>\n<hr \/>\n<h5 class=\"no-margin\">Downloads<\/h5>\n<hr \/>\n<ul>\n<li><strong><a href=\"http:\/\/bellinzoni.net\/fichas_tecnicas\/luxx_esfoliante.pdf\" target=\"_blank\" rel=\"noopener noreferrer\">Ficha T\u00e9cnica do Produto<\/a><\/strong><\/li>\n<li><strong><a href=\"http:\/\/bellinzoni.net\/fispqs\/Luxx%20Esfoliante-FISPQ-BLZ061.pdf\" target=\"_blank\" rel=\"noopener noreferrer\">Ficha de Seguran\u00e7a \u2013\u00a0FISPQ<\/a><\/strong><\/li>\n<\/ul>\n","protected":false},"excerpt":{"rendered":"<p>Limpador levemente abrasivo e cremoso. Composto de tensoativos (detergentes) e agentes abrasivos (part\u00edculas) de finos gr\u00e3os destinados a limpeza e remo\u00e7\u00e3o de diversas manchas dif\u00edceis e sujeira impregnada, limpa e proporciona brilho sem riscar. Remove com facilidade a pel\u00edcula protetora e impermeabilizante existentes em porcelanatos e pedras naturais. Por conter carga de alta densidade, o produto pode apresentar separa\u00e7\u00e3o, necessitando de agita\u00e7\u00e3o antes do uso.<\/p>\n","protected":false},"featured_media":1001821,"template":"","meta":[],"product_brand":[],"product_cat":[68],"product_tag":[],"class_list":{"0":"post-1000210","1":"product","2":"type-product","3":"status-publish","4":"has-post-thumbnail","6":"product_cat-corporate","8":"first","9":"instock","10":"virtual","11":"product-type-simple"},"_links":{"self":[{"href":"https:\/\/bellinzoni.net\/pt\/wp-json\/wp\/v2\/product\/1000210","targetHints":{"allow":["GET"]}}],"collection":[{"href":"https:\/\/bellinzoni.net\/pt\/wp-json\/wp\/v2\/product"}],"about":[{"href":"https:\/\/bellinzoni.net\/pt\/wp-json\/wp\/v2\/types\/product"}],"version-history":[{"count":3,"href":"https:\/\/bellinzoni.net\/pt\/wp-json\/wp\/v2\/product\/1000210\/revisions"}],"predecessor-version":[{"id":1002072,"href":"https:\/\/bellinzoni.net\/pt\/wp-json\/wp\/v2\/product\/1000210\/revisions\/1002072"}],"wp:featuredmedia":[{"embeddable":true,"href":"https:\/\/bellinzoni.net\/pt\/wp-json\/wp\/v2\/media\/1001821"}],"wp:attachment":[{"href":"https:\/\/bellinzoni.net\/pt\/wp-json\/wp\/v2\/media?parent=1000210"}],"wp:term":[{"taxonomy":"product_brand","embeddable":true,"href":"https:\/\/bellinzoni.net\/pt\/wp-json\/wp\/v2\/product_brand?post=1000210"},{"taxonomy":"product_cat","embeddable":true,"href":"https:\/\/bellinzoni.net\/pt\/wp-json\/wp\/v2\/product_cat?post=1000210"},{"taxonomy":"product_tag","embeddable":true,"href":"https:\/\/bellinzoni.net\/pt\/wp-json\/wp\/v2\/product_tag?post=1000210"}],"curies":[{"name":"wp","href":"https:\/\/api.w.org\/{rel}","templated":true}]}}