{"id":1000211,"date":"2026-01-28T20:33:04","date_gmt":"2026-01-28T20:33:04","guid":{"rendered":"https:\/\/bellinzoni.net\/pt\/?post_type=product&#038;p=1000211"},"modified":"2026-03-26T16:12:16","modified_gmt":"2026-03-26T16:12:16","slug":"ultra-stripper","status":"publish","type":"product","link":"https:\/\/bellinzoni.net\/pt\/produto\/ultra-stripper\/","title":{"rendered":"Ultra Stripper"},"content":{"rendered":"<p>C\u00f3digo do Produto: 1 litro \u2013 000137 | 5 litros \u2013 000771<\/p>\n<hr \/>\n<h5 class=\"no-margin\">Superf\u00edcies de Aplica\u00e7\u00e3o<\/h5>\n<hr \/>\n<ul>\n<li>Porcelanato<\/li>\n<li>Cer\u00e2mica<\/li>\n<li>M\u00e1rmore<\/li>\n<li>Granito<\/li>\n<li>Pedras em Geral<\/li>\n<\/ul>\n<hr \/>\n<h5 class=\"no-margin\">Instru\u00e7\u00f5es de Uso<\/h5>\n<hr \/>\n<p>Prepara\u00e7\u00e3o da superf\u00edcie<\/p>\n<ul data-start=\"52\" data-end=\"287\">\n<li data-section-id=\"i47nds\" data-start=\"52\" data-end=\"155\">\n<p data-start=\"54\" data-end=\"155\">Antes da aplica\u00e7\u00e3o, varra ou aspire a \u00e1rea para remover poeira, areia e outras sujeiras soltas.<\/p>\n<\/li>\n<li data-section-id=\"1134uyd\" data-start=\"156\" data-end=\"287\">\n<p data-start=\"158\" data-end=\"287\">Sempre que poss\u00edvel, trabalhe em \u00e1reas pequenas, facilitando o controle da limpeza e garantindo melhor efici\u00eancia do produto.<\/p>\n<\/li>\n<\/ul>\n<p><strong>Dilui\u00e7\u00e3o<\/strong><\/p>\n<ul data-start=\"303\" data-end=\"457\">\n<li data-section-id=\"rzluz3\" data-start=\"303\" data-end=\"413\">\n<p data-start=\"305\" data-end=\"413\">Dilua o produto em at\u00e9 3 partes de \u00e1gua, de acordo com o n\u00edvel de sujeira ou a necessidade da limpeza.<\/p>\n<\/li>\n<li data-section-id=\"fe1exj\" data-start=\"414\" data-end=\"457\">\n<p data-start=\"416\" data-end=\"457\">Misture bem a solu\u00e7\u00e3o antes da aplica\u00e7\u00e3o.<\/p>\n<\/li>\n<\/ul>\n<p><strong>Aplica\u00e7\u00e3o do produto<\/strong><\/p>\n<ul data-start=\"485\" data-end=\"670\">\n<li data-section-id=\"721yr9\" data-start=\"485\" data-end=\"550\">\n<p data-start=\"487\" data-end=\"550\">Aplique a solu\u00e7\u00e3o diretamente sobre a superf\u00edcie a ser limpa.<\/p>\n<\/li>\n<li data-section-id=\"13m4kyy\" data-start=\"551\" data-end=\"670\">\n<p data-start=\"553\" data-end=\"670\">Espalhe de forma uniforme utilizando pano, mop ou escova, garantindo que toda a \u00e1rea esteja coberta pelo produto.<\/p>\n<\/li>\n<\/ul>\n<p><strong>Tempo de a\u00e7\u00e3o<\/strong><\/p>\n<ul data-start=\"691\" data-end=\"813\">\n<li data-section-id=\"1osiwrb\" data-start=\"691\" data-end=\"813\">\n<p data-start=\"693\" data-end=\"813\">Deixe o produto agir por aproximadamente 20 minutos para que os agentes de limpeza atuem sobre a sujeira impregnada.<\/p>\n<\/li>\n<\/ul>\n<p><strong>A\u00e7\u00e3o mec\u00e2nica<\/strong><\/p>\n<ul data-start=\"834\" data-end=\"973\">\n<li data-section-id=\"ra17y6\" data-start=\"834\" data-end=\"973\">\n<p data-start=\"836\" data-end=\"973\">Ap\u00f3s o tempo de a\u00e7\u00e3o, esfregue a superf\u00edcie com uma escova de nylon, dando maior aten\u00e7\u00e3o \u00e0s \u00e1reas com ac\u00famulo de sujeira ou res\u00edduos.<\/p>\n<\/li>\n<\/ul>\n<p><strong>Enx\u00e1gue e finaliza\u00e7\u00e3o<\/strong><\/p>\n<ul data-start=\"1002\" data-end=\"1205\">\n<li data-section-id=\"17bxkf\" data-start=\"1002\" data-end=\"1125\">\n<p data-start=\"1004\" data-end=\"1125\">Ap\u00f3s a limpeza, enx\u00e1gue abundantemente com \u00e1gua limpa, removendo completamente o produto e os res\u00edduos dissolvidos.<\/p>\n<\/li>\n<li data-section-id=\"10qvrg1\" data-start=\"1126\" data-end=\"1205\">\n<p data-start=\"1128\" data-end=\"1205\">Caso necess\u00e1rio, repita o procedimento at\u00e9 alcan\u00e7ar o resultado desejado.<\/p>\n<\/li>\n<\/ul>\n<hr \/>\n<h5 class=\"no-margin\">Rendimento<\/h5>\n<hr \/>\n<p>Dilu\u00eddo em at\u00e9 3 partes de \u00e1gua limpa, o produto rende aproximadamente uma \u00e1rea de 60 m\u00b2, podendo variar conforme o n\u00edvel de sujeira e a porosidade do material.<\/p>\n<hr \/>\n<h5 class=\"no-margin\">Downloads<\/h5>\n<hr \/>\n<ul>\n<li><strong><a href=\"http:\/\/bellinzoni.net\/fichas_tecnicas\/ultra_stripper.pdf\" target=\"_blank\" rel=\"noopener noreferrer\">Ficha T\u00e9cnica do Produto<\/a><\/strong><\/li>\n<li><strong><a href=\"http:\/\/bellinzoni.net\/fispq\/Ultra%20Stripper.FISPQ-BLZ008.pdf\" target=\"_blank\" rel=\"noopener noreferrer\">Ficha de Seguran\u00e7a \u2013\u00a0FISPQ<\/a><\/strong><\/li>\n<\/ul>\n","protected":false},"excerpt":{"rendered":"<p>&nbsp;<\/p>\n<p>Detergente altamente eficaz para remo\u00e7\u00e3o de sujeiras pesadas e ceras comuns e acr\u00edlicas. Limpa profundamente o material.<\/p>\n","protected":false},"featured_media":1002426,"template":"","meta":[],"product_brand":[],"product_cat":[74],"product_tag":[],"class_list":{"0":"post-1000211","1":"product","2":"type-product","3":"status-publish","4":"has-post-thumbnail","6":"product_cat-profissional","8":"first","9":"instock","10":"virtual","11":"product-type-simple"},"_links":{"self":[{"href":"https:\/\/bellinzoni.net\/pt\/wp-json\/wp\/v2\/product\/1000211","targetHints":{"allow":["GET"]}}],"collection":[{"href":"https:\/\/bellinzoni.net\/pt\/wp-json\/wp\/v2\/product"}],"about":[{"href":"https:\/\/bellinzoni.net\/pt\/wp-json\/wp\/v2\/types\/product"}],"version-history":[{"count":6,"href":"https:\/\/bellinzoni.net\/pt\/wp-json\/wp\/v2\/product\/1000211\/revisions"}],"predecessor-version":[{"id":1001888,"href":"https:\/\/bellinzoni.net\/pt\/wp-json\/wp\/v2\/product\/1000211\/revisions\/1001888"}],"wp:featuredmedia":[{"embeddable":true,"href":"https:\/\/bellinzoni.net\/pt\/wp-json\/wp\/v2\/media\/1002426"}],"wp:attachment":[{"href":"https:\/\/bellinzoni.net\/pt\/wp-json\/wp\/v2\/media?parent=1000211"}],"wp:term":[{"taxonomy":"product_brand","embeddable":true,"href":"https:\/\/bellinzoni.net\/pt\/wp-json\/wp\/v2\/product_brand?post=1000211"},{"taxonomy":"product_cat","embeddable":true,"href":"https:\/\/bellinzoni.net\/pt\/wp-json\/wp\/v2\/product_cat?post=1000211"},{"taxonomy":"product_tag","embeddable":true,"href":"https:\/\/bellinzoni.net\/pt\/wp-json\/wp\/v2\/product_tag?post=1000211"}],"curies":[{"name":"wp","href":"https:\/\/api.w.org\/{rel}","templated":true}]}}