{"id":1000213,"date":"2026-01-28T20:33:04","date_gmt":"2026-01-28T20:33:04","guid":{"rendered":"https:\/\/bellinzoni.net\/pt\/?post_type=product&#038;p=1000213"},"modified":"2026-03-27T14:53:49","modified_gmt":"2026-03-27T14:53:49","slug":"lucido","status":"publish","type":"product","link":"https:\/\/bellinzoni.net\/pt\/produto\/lucido\/","title":{"rendered":"Lucido"},"content":{"rendered":"<p class=\"no-margin\">C\u00f3digo do Produto: Incolor 1kg \u2013 000435 | Incolor 5kg \u2013 000442 | Incolor 20kg \u2013 000440 | Nero 1kg \u2013 000423 | Nero 5kg \u2013 000430 | Nero 20kg \u2013 000425<\/p>\n<hr \/>\n<h5 class=\"no-margin\">Superf\u00edcies de Aplica\u00e7\u00e3o<\/h5>\n<hr \/>\n<ul>\n<li>M\u00e1rmores<\/li>\n<li>Granitos<\/li>\n<li>Pedras em Geral<\/li>\n<\/ul>\n<hr \/>\n<h5 class=\"no-margin\">Instru\u00e7\u00f5es de Uso<\/h5>\n<hr \/>\n<p data-start=\"758\" data-end=\"786\"><strong data-start=\"758\" data-end=\"786\">Prepara\u00e7\u00e3o da superf\u00edcie<\/strong><\/p>\n<ul data-start=\"788\" data-end=\"901\">\n<li data-section-id=\"d7z97f\" data-start=\"788\" data-end=\"901\">\n<p data-start=\"790\" data-end=\"901\">A superf\u00edcie deve estar limpa, seca e livre de poeira, res\u00edduos ou contaminantes antes da aplica\u00e7\u00e3o do produto.<\/p>\n<\/li>\n<\/ul>\n<p data-start=\"903\" data-end=\"928\"><strong data-start=\"903\" data-end=\"928\">Prepara\u00e7\u00e3o do produto<\/strong><\/p>\n<ul data-start=\"930\" data-end=\"1013\">\n<li data-section-id=\"18t0g1t\" data-start=\"930\" data-end=\"1013\">\n<p data-start=\"932\" data-end=\"1013\">Agitar bem a embalagem antes do uso para garantir a homogeneiza\u00e7\u00e3o da formula\u00e7\u00e3o.<\/p>\n<\/li>\n<\/ul>\n<p data-start=\"1015\" data-end=\"1028\"><strong data-start=\"1015\" data-end=\"1028\">Aplica\u00e7\u00e3o<\/strong><\/p>\n<ul data-start=\"1030\" data-end=\"1170\">\n<li data-section-id=\"1wfvjvk\" data-start=\"1030\" data-end=\"1170\">\n<p data-start=\"1032\" data-end=\"1170\">Aplicar o produto uniformemente sobre a superf\u00edcie com aux\u00edlio de estopa, espalhando de maneira homog\u00eanea sobre toda a \u00e1rea a ser tratada.<\/p>\n<\/li>\n<\/ul>\n<p data-start=\"1172\" data-end=\"1183\"><strong data-start=\"1172\" data-end=\"1183\">Secagem<\/strong><\/p>\n<ul data-start=\"1185\" data-end=\"1254\">\n<li data-section-id=\"16ysvzf\" data-start=\"1185\" data-end=\"1254\">\n<p data-start=\"1187\" data-end=\"1254\">Ap\u00f3s a aplica\u00e7\u00e3o, aguardar a secagem do produto sobre a superf\u00edcie.<\/p>\n<\/li>\n<\/ul>\n<p data-start=\"1256\" data-end=\"1269\"><strong data-start=\"1256\" data-end=\"1269\">Polimento<\/strong><\/p>\n<ul data-start=\"1271\" data-end=\"1358\">\n<li data-section-id=\"hci45d\" data-start=\"1271\" data-end=\"1358\">\n<p data-start=\"1273\" data-end=\"1358\">Esfregar a superf\u00edcie utilizando um pano limpo e seco at\u00e9 alcan\u00e7ar o brilho desejado.<\/p>\n<\/li>\n<\/ul>\n<p data-start=\"1360\" data-end=\"1382\"><strong data-start=\"1360\" data-end=\"1382\">Remo\u00e7\u00e3o de excesso<\/strong><\/p>\n<ul data-start=\"1384\" data-end=\"1486\">\n<li data-section-id=\"1lnfbyg\" data-start=\"1384\" data-end=\"1486\">\n<p data-start=\"1386\" data-end=\"1486\">Caso haja forma\u00e7\u00e3o de excesso do produto sobre a superf\u00edcie, realizar a remo\u00e7\u00e3o utilizando aguarr\u00e1s.<\/p>\n<\/li>\n<\/ul>\n<p data-start=\"1488\" data-end=\"1502\"><strong data-start=\"1488\" data-end=\"1502\">Observa\u00e7\u00e3o<\/strong><\/p>\n<ul data-start=\"1504\" data-end=\"1725\">\n<li data-section-id=\"ie3icu\" data-start=\"1504\" data-end=\"1547\">\n<p data-start=\"1506\" data-end=\"1547\">Produto indicado para uso profissional.<\/p>\n<\/li>\n<li data-section-id=\"17w4arp\" data-start=\"1548\" data-end=\"1605\">\n<p data-start=\"1550\" data-end=\"1605\">Conservar sempre na embalagem original e bem fechada.<\/p>\n<\/li>\n<li data-section-id=\"1bz5jit\" data-start=\"1606\" data-end=\"1725\">\n<p data-start=\"1608\" data-end=\"1725\">O produto tamb\u00e9m pode ser aplicado com aux\u00edlio de enceratriz para facilitar o processo de polimento em \u00e1reas maiores.<\/p>\n<\/li>\n<\/ul>\n<hr \/>\n<h5 class=\"no-margin\">Rendimento<\/h5>\n<hr \/>\n<p>1 kg rende aproximadamente entre 10 e 20 m\u00b2 com aplica\u00e7\u00e3o manual, podendo variar conforme a porosidade do material e o m\u00e9todo de aplica\u00e7\u00e3o.<\/p>\n<hr \/>\n<h5 class=\"no-margin\">Downloads<\/h5>\n<hr \/>\n<ul>\n<li><strong><a href=\"http:\/\/bellinzoni.net\/fichas_tecnicas\/lucido.pdf\" target=\"_blank\" rel=\"noopener noreferrer\">Ficha T\u00e9cnica do Produto<\/a><\/strong><\/li>\n<li><strong><a href=\"http:\/\/bellinzoni.net\/fispqs\/Lucido-FISPQ-BLZ072.pdf\" target=\"_blank\" rel=\"noopener noreferrer\">Ficha de Seguran\u00e7a \u2013\u00a0FISPQ<\/a><\/strong><\/li>\n<\/ul>\n","protected":false},"excerpt":{"rendered":"<h5 class=\"no-margin\"><\/h5>\n<p>Produto para polimento com duas a\u00e7\u00f5es simult\u00e2neas: aumenta o brilho do material e ativa sua cor. Sua formula\u00e7\u00e3o permite uma aplica\u00e7\u00e3o r\u00e1pida e deixa a pedra respirar permitindo que a umidade residual evapore.<\/p>\n","protected":false},"featured_media":1002460,"template":"","meta":[],"product_brand":[],"product_cat":[74],"product_tag":[],"class_list":{"0":"post-1000213","1":"product","2":"type-product","3":"status-publish","4":"has-post-thumbnail","6":"product_cat-profissional","8":"first","9":"instock","10":"virtual","11":"product-type-simple"},"_links":{"self":[{"href":"https:\/\/bellinzoni.net\/pt\/wp-json\/wp\/v2\/product\/1000213","targetHints":{"allow":["GET"]}}],"collection":[{"href":"https:\/\/bellinzoni.net\/pt\/wp-json\/wp\/v2\/product"}],"about":[{"href":"https:\/\/bellinzoni.net\/pt\/wp-json\/wp\/v2\/types\/product"}],"version-history":[{"count":3,"href":"https:\/\/bellinzoni.net\/pt\/wp-json\/wp\/v2\/product\/1000213\/revisions"}],"predecessor-version":[{"id":1002040,"href":"https:\/\/bellinzoni.net\/pt\/wp-json\/wp\/v2\/product\/1000213\/revisions\/1002040"}],"wp:featuredmedia":[{"embeddable":true,"href":"https:\/\/bellinzoni.net\/pt\/wp-json\/wp\/v2\/media\/1002460"}],"wp:attachment":[{"href":"https:\/\/bellinzoni.net\/pt\/wp-json\/wp\/v2\/media?parent=1000213"}],"wp:term":[{"taxonomy":"product_brand","embeddable":true,"href":"https:\/\/bellinzoni.net\/pt\/wp-json\/wp\/v2\/product_brand?post=1000213"},{"taxonomy":"product_cat","embeddable":true,"href":"https:\/\/bellinzoni.net\/pt\/wp-json\/wp\/v2\/product_cat?post=1000213"},{"taxonomy":"product_tag","embeddable":true,"href":"https:\/\/bellinzoni.net\/pt\/wp-json\/wp\/v2\/product_tag?post=1000213"}],"curies":[{"name":"wp","href":"https:\/\/api.w.org\/{rel}","templated":true}]}}